{"id":5590,"date":"2025-08-05T13:46:14","date_gmt":"2025-08-05T13:46:14","guid":{"rendered":"https:\/\/ecostera.com\/dk\/product\/elektrisk-vinaabner\/"},"modified":"2025-11-24T15:47:05","modified_gmt":"2025-11-24T13:47:05","slug":"elektrisk-vinaabner","status":"publish","type":"product","link":"https:\/\/ecostera.com\/dk\/product\/elektrisk-vinaabner\/","title":{"rendered":"Elektrisk vin\u00e5bner"},"content":{"rendered":"<p>\u2705 One-touch vin\u00e5bner<br \/>\n\ud83c\udf77 Vakuumprop holder din vin frisk i dagevis<br \/>\n\ud83d\udca6 Nem sk\u00e6nkning uden spild<br \/>\n\u2728 Stilfuld tilf\u00f8jelse til enhver bar<br \/>\n\ud83c\udf81 Ideel gave til vinentusiaster<\/p>\n<p><img decoding=\"async\" class=\"size-full wp-image-24335 aligncenter\" src=\"https:\/\/keluvo.com\/template\/wp-content\/uploads\/sites\/5\/2024\/11\/06183-ezgif.com-video-to-webp-converter.webp\" alt=\"\" \/><\/p>\n<h2 style=\"text-align: center\">\u2728Hovedfordele<\/h2>\n<p>\u2705 <strong>Enkel Fjernelse Af Kork Med Et Tryk<\/strong><\/p>\n<p>Bare tryk p\u00e5 en knap for at afproppe din flaske p\u00e5 f\u00e5 sekunder, s\u00e5 du kan nyde din vin uden besv\u00e6r.<\/p>\n<p>\ud83c\udf77 <strong>Bevar Vinens Smag<\/strong><\/p>\n<p>Vakuumproppen fjerner luft for at bevare vinens aroma og smag i flere dage.<\/p>\n<p>\ud83d\udca6 <strong>Sk\u00e6nk Uden Rod<\/strong><\/p>\n<p>Luftsk\u00e6nkeren giver dig mulighed for at servere vin j\u00e6vnt og uden rod, hvilket g\u00f8r hvert glas behageligt.<\/p>\n<p>\u2728 <strong>Moderne Og Elegant Design<\/strong><\/p>\n<p>Denne elektriske vin\u00e5bner er b\u00e5de nyttig og et flot stykke til dit k\u00f8kken eller bar.<\/p>\n<p>\ud83e\udd42<strong> Meget Nem At Bruge<\/strong><\/p>\n<p>Bare placer, tryk og sk\u00e6nk! Den tager proppen af p\u00e5 f\u00e5 sekunder, h\u00e6lder let, og vakuumforseglingen holder din vin frisk &#8211; uden besv\u00e6r!<\/p>\n<p><img decoding=\"async\" class=\"size-full wp-image-24334 aligncenter\" src=\"https:\/\/keluvo.com\/template\/wp-content\/uploads\/sites\/5\/2024\/11\/VINOCORK24716__74e74905__ff3682bd.webp\" alt=\"\" \/><\/p>\n<h2 style=\"text-align: center\">\ud83d\udccfProduktspecifikationer<\/h2>\n<ul>\n<li>Materiale: Rustfrit st\u00e5l<\/li>\n<li>V\u00e6gt: 360 g<\/li>\n<li>Batterier n\u00f8dvendige: 4 x AA-batterier (medf\u00f8lger ikke)<\/li>\n<\/ul>\n<h2 style=\"text-align: center\">\ud83d\udce6Pakken indeholder<\/h2>\n<ul>\n<li>1x oplukker<\/li>\n<li>1x foliesk\u00e6rer<\/li>\n<li>1x sk\u00e6nkeprop<\/li>\n<li>1x vakuumprop<\/li>\n<li>1x opbevaringsstativ.<\/li>\n<\/ul>\n","protected":false},"excerpt":{"rendered":"<p>\u2705 One-touch vin\u00e5bner \ud83c\udf77 Vakuumprop holder din vin frisk i dagevis \ud83d\udca6 Nem sk\u00e6nkning uden spild \u2728 Stilfuld tilf\u00f8jelse til [&hellip;]<\/p>\n","protected":false},"featured_media":5586,"comment_status":"open","ping_status":"closed","template":"","meta":{"site-sidebar-layout":"default","site-content-layout":"","ast-site-content-layout":"default","site-content-style":"default","site-sidebar-style":"default","ast-global-header-display":"","ast-banner-title-visibility":"","ast-main-header-display":"","ast-hfb-above-header-display":"","ast-hfb-below-header-display":"","ast-hfb-mobile-header-display":"","site-post-title":"","ast-breadcrumbs-content":"","ast-featured-img":"","footer-sml-layout":"","theme-transparent-header-meta":"default","adv-header-id-meta":"","stick-header-meta":"","header-above-stick-meta":"","header-main-stick-meta":"","header-below-stick-meta":"","astra-migrate-meta-layouts":"set","ast-page-background-enabled":"default","ast-page-background-meta":{"desktop":{"background-color":"var(--ast-global-color-5)","background-image":"","background-repeat":"repeat","background-position":"center center","background-size":"auto","background-attachment":"scroll","background-type":"","background-media":"","overlay-type":"","overlay-color":"","overlay-opacity":"","overlay-gradient":""},"tablet":{"background-color":"","background-image":"","background-repeat":"repeat","background-position":"center center","background-size":"auto","background-attachment":"scroll","background-type":"","background-media":"","overlay-type":"","overlay-color":"","overlay-opacity":"","overlay-gradient":""},"mobile":{"background-color":"","background-image":"","background-repeat":"repeat","background-position":"center center","background-size":"auto","background-attachment":"scroll","background-type":"","background-media":"","overlay-type":"","overlay-color":"","overlay-opacity":"","overlay-gradient":""}},"ast-content-background-meta":{"desktop":{"background-color":"var(--ast-global-color-4)","background-image":"","background-repeat":"repeat","background-position":"center center","background-size":"auto","background-attachment":"scroll","background-type":"","background-media":"","overlay-type":"","overlay-color":"","overlay-opacity":"","overlay-gradient":""},"tablet":{"background-color":"var(--ast-global-color-4)","background-image":"","background-repeat":"repeat","background-position":"center center","background-size":"auto","background-attachment":"scroll","background-type":"","background-media":"","overlay-type":"","overlay-color":"","overlay-opacity":"","overlay-gradient":""},"mobile":{"background-color":"var(--ast-global-color-4)","background-image":"","background-repeat":"repeat","background-position":"center center","background-size":"auto","background-attachment":"scroll","background-type":"","background-media":"","overlay-type":"","overlay-color":"","overlay-opacity":"","overlay-gradient":""}}},"product_brand":[],"product_cat":[19],"product_tag":[],"class_list":{"0":"post-5590","1":"product","2":"type-product","3":"status-publish","4":"has-post-thumbnail","6":"product_cat-uncategorized","7":"desktop-align-left","8":"tablet-align-left","9":"mobile-align-left","11":"first","12":"instock","13":"shipping-taxable","14":"purchasable","15":"product-type-simple"},"_links":{"self":[{"href":"https:\/\/ecostera.com\/dk\/wp-json\/wp\/v2\/product\/5590","targetHints":{"allow":["GET"]}}],"collection":[{"href":"https:\/\/ecostera.com\/dk\/wp-json\/wp\/v2\/product"}],"about":[{"href":"https:\/\/ecostera.com\/dk\/wp-json\/wp\/v2\/types\/product"}],"replies":[{"embeddable":true,"href":"https:\/\/ecostera.com\/dk\/wp-json\/wp\/v2\/comments?post=5590"}],"wp:featuredmedia":[{"embeddable":true,"href":"https:\/\/ecostera.com\/dk\/wp-json\/wp\/v2\/media\/5586"}],"wp:attachment":[{"href":"https:\/\/ecostera.com\/dk\/wp-json\/wp\/v2\/media?parent=5590"}],"wp:term":[{"taxonomy":"product_brand","embeddable":true,"href":"https:\/\/ecostera.com\/dk\/wp-json\/wp\/v2\/product_brand?post=5590"},{"taxonomy":"product_cat","embeddable":true,"href":"https:\/\/ecostera.com\/dk\/wp-json\/wp\/v2\/product_cat?post=5590"},{"taxonomy":"product_tag","embeddable":true,"href":"https:\/\/ecostera.com\/dk\/wp-json\/wp\/v2\/product_tag?post=5590"}],"curies":[{"name":"wp","href":"https:\/\/api.w.org\/{rel}","templated":true}]}}