{"id":5630,"date":"2025-08-06T09:00:30","date_gmt":"2025-08-06T09:00:30","guid":{"rendered":"https:\/\/ecostera.com\/dk\/product\/blokke-der-skifter-ansigt\/"},"modified":"2025-08-25T16:32:43","modified_gmt":"2025-08-25T13:32:43","slug":"blokke-der-skifter-ansigt","status":"publish","type":"product","link":"https:\/\/ecostera.com\/dk\/product\/blokke-der-skifter-ansigt\/","title":{"rendered":"Blokke, der skifter ansigt"},"content":{"rendered":"<h2 style=\"text-align: center\">Kreativt Og L\u00e6rerigt Spil<\/h2>\n<p style=\"text-align: center\">Spillet med klodser, der skifter ansigt, er designet til at forbedre b\u00f8rns fantasi og kognitive f\u00e6rdigheder. Spillerne matcher tr\u00e6klodser for at genskabe sjove ansigter, der er vist p\u00e5 kort, og stimulerer hukommelse, logisk t\u00e6nkning og h\u00e5nd-\u00f8je-koordination. Dette interaktive spil opmuntrer til kreativitet og byder p\u00e5 endel\u00f8s sjov for b\u00f8rn.<\/p>\n<p><img decoding=\"async\" class=\"size-medium wp-image-3982 aligncenter\" src=\"https:\/\/keluvo.com\/template\/wp-content\/uploads\/sites\/5\/2024\/11\/9f1b7856-d1ae-46f2-acae-daf744024777.webp\" alt=\"\" \/><\/p>\n<h2 style=\"text-align: center\">Holdbare Og Sikre Materialer<\/h2>\n<p style=\"text-align: center\">Lavet af tr\u00e6 i h\u00f8j kvalitet er klodserne glatte og sikre for sm\u00e5 b\u00f8rn. Hver brik er omhyggeligt udformet, s\u00e5 den passer til sm\u00e5 h\u00e6nder og er nem at h\u00e5ndtere. Materialerne er ugiftige og langtidsholdbare, hvilket g\u00f8r spillet egnet til gentagen leg for b\u00f8rn fra 3 \u00e5r og op.<\/p>\n<p><img decoding=\"async\" class=\"alignnone size-medium wp-image-3984 aligncenter\" src=\"https:\/\/keluvo.com\/template\/wp-content\/uploads\/sites\/5\/2024\/11\/f83cbf8b-82a4-45ea-9ded-38cb3a4681d7.webp\" alt=\"\" \/><\/p>\n<h2 style=\"text-align: center\">Pakken Indeholder:<\/h2>\n<ul>\n<li>4 blokke + 72 kort<\/li>\n<\/ul>\n","protected":false},"excerpt":{"rendered":"<p>Kreativt Og L\u00e6rerigt Spil Spillet med klodser, der skifter ansigt, er designet til at forbedre b\u00f8rns fantasi og kognitive f\u00e6rdigheder. [&hellip;]<\/p>\n","protected":false},"featured_media":5626,"comment_status":"open","ping_status":"closed","template":"","meta":{"site-sidebar-layout":"default","site-content-layout":"","ast-site-content-layout":"default","site-content-style":"default","site-sidebar-style":"default","ast-global-header-display":"","ast-banner-title-visibility":"","ast-main-header-display":"","ast-hfb-above-header-display":"","ast-hfb-below-header-display":"","ast-hfb-mobile-header-display":"","site-post-title":"","ast-breadcrumbs-content":"","ast-featured-img":"","footer-sml-layout":"","theme-transparent-header-meta":"default","adv-header-id-meta":"","stick-header-meta":"","header-above-stick-meta":"","header-main-stick-meta":"","header-below-stick-meta":"","astra-migrate-meta-layouts":"set","ast-page-background-enabled":"default","ast-page-background-meta":{"desktop":{"background-color":"var(--ast-global-color-5)","background-image":"","background-repeat":"repeat","background-position":"center center","background-size":"auto","background-attachment":"scroll","background-type":"","background-media":"","overlay-type":"","overlay-color":"","overlay-opacity":"","overlay-gradient":""},"tablet":{"background-color":"","background-image":"","background-repeat":"repeat","background-position":"center center","background-size":"auto","background-attachment":"scroll","background-type":"","background-media":"","overlay-type":"","overlay-color":"","overlay-opacity":"","overlay-gradient":""},"mobile":{"background-color":"","background-image":"","background-repeat":"repeat","background-position":"center center","background-size":"auto","background-attachment":"scroll","background-type":"","background-media":"","overlay-type":"","overlay-color":"","overlay-opacity":"","overlay-gradient":""}},"ast-content-background-meta":{"desktop":{"background-color":"var(--ast-global-color-4)","background-image":"","background-repeat":"repeat","background-position":"center center","background-size":"auto","background-attachment":"scroll","background-type":"","background-media":"","overlay-type":"","overlay-color":"","overlay-opacity":"","overlay-gradient":""},"tablet":{"background-color":"var(--ast-global-color-4)","background-image":"","background-repeat":"repeat","background-position":"center center","background-size":"auto","background-attachment":"scroll","background-type":"","background-media":"","overlay-type":"","overlay-color":"","overlay-opacity":"","overlay-gradient":""},"mobile":{"background-color":"var(--ast-global-color-4)","background-image":"","background-repeat":"repeat","background-position":"center center","background-size":"auto","background-attachment":"scroll","background-type":"","background-media":"","overlay-type":"","overlay-color":"","overlay-opacity":"","overlay-gradient":""}}},"product_brand":[],"product_cat":[19],"product_tag":[],"class_list":{"0":"post-5630","1":"product","2":"type-product","3":"status-publish","4":"has-post-thumbnail","6":"product_cat-uncategorized","7":"desktop-align-left","8":"tablet-align-left","9":"mobile-align-left","11":"first","12":"instock","13":"shipping-taxable","14":"purchasable","15":"product-type-simple"},"_links":{"self":[{"href":"https:\/\/ecostera.com\/dk\/wp-json\/wp\/v2\/product\/5630","targetHints":{"allow":["GET"]}}],"collection":[{"href":"https:\/\/ecostera.com\/dk\/wp-json\/wp\/v2\/product"}],"about":[{"href":"https:\/\/ecostera.com\/dk\/wp-json\/wp\/v2\/types\/product"}],"replies":[{"embeddable":true,"href":"https:\/\/ecostera.com\/dk\/wp-json\/wp\/v2\/comments?post=5630"}],"wp:featuredmedia":[{"embeddable":true,"href":"https:\/\/ecostera.com\/dk\/wp-json\/wp\/v2\/media\/5626"}],"wp:attachment":[{"href":"https:\/\/ecostera.com\/dk\/wp-json\/wp\/v2\/media?parent=5630"}],"wp:term":[{"taxonomy":"product_brand","embeddable":true,"href":"https:\/\/ecostera.com\/dk\/wp-json\/wp\/v2\/product_brand?post=5630"},{"taxonomy":"product_cat","embeddable":true,"href":"https:\/\/ecostera.com\/dk\/wp-json\/wp\/v2\/product_cat?post=5630"},{"taxonomy":"product_tag","embeddable":true,"href":"https:\/\/ecostera.com\/dk\/wp-json\/wp\/v2\/product_tag?post=5630"}],"curies":[{"name":"wp","href":"https:\/\/api.w.org\/{rel}","templated":true}]}}