{"id":5640,"date":"2025-08-06T09:01:26","date_gmt":"2025-08-06T09:01:26","guid":{"rendered":"https:\/\/ecostera.com\/dk\/product\/vintage-skuldertaske\/"},"modified":"2025-08-06T09:01:42","modified_gmt":"2025-08-06T09:01:42","slug":"vintage-skuldertaske","status":"publish","type":"product","link":"https:\/\/ecostera.com\/dk\/product\/vintage-skuldertaske\/","title":{"rendered":"Vintage-skuldertaske"},"content":{"rendered":"<h2 style=\"text-align: center\">Elegant Vintagedesign<\/h2>\n<p style=\"text-align: center\">Vintage-skuldertasken har et luksuri\u00f8st m\u00f8nster med marmorkorn, som giver din stil tidl\u00f8s elegance. Dens klassiske design passer smukt til ethvert outfit, hvilket g\u00f8r den perfekt til b\u00e5de afslappede og formelle lejligheder.<\/p>\n<p><img decoding=\"async\" class=\"alignnone size-medium wp-image-4474 aligncenter\" src=\"https:\/\/keluvo.com\/template\/wp-content\/uploads\/sites\/5\/2024\/11\/cn-11134208-7r98o-luh9jflikfmm1c.webp\" alt=\"\" \/><\/p>\n<h2 style=\"text-align: center\">Rummelig Og Funktionel<\/h2>\n<p style=\"text-align: center\">Med sin store kapacitet giver vintage-skuldertasken masser af plads til dine daglige forn\u00f8denheder. Uanset om du pendler, shopper eller rejser, holder denne taske alt organiseret og inden for r\u00e6kkevidde.<\/p>\n<p><img decoding=\"async\" class=\"alignnone size-medium wp-image-4473 aligncenter\" src=\"https:\/\/keluvo.com\/template\/wp-content\/uploads\/sites\/5\/2024\/11\/cn-11134208-7r98o-luh9qkagkrlsc5.webp\" alt=\"\" \/><\/p>\n","protected":false},"excerpt":{"rendered":"<p>Elegant Vintagedesign Vintage-skuldertasken har et luksuri\u00f8st m\u00f8nster med marmorkorn, som giver din stil tidl\u00f8s elegance. Dens klassiske design passer smukt [&hellip;]<\/p>\n","protected":false},"featured_media":5636,"comment_status":"open","ping_status":"closed","template":"","meta":{"site-sidebar-layout":"default","site-content-layout":"","ast-site-content-layout":"default","site-content-style":"default","site-sidebar-style":"default","ast-global-header-display":"","ast-banner-title-visibility":"","ast-main-header-display":"","ast-hfb-above-header-display":"","ast-hfb-below-header-display":"","ast-hfb-mobile-header-display":"","site-post-title":"","ast-breadcrumbs-content":"","ast-featured-img":"","footer-sml-layout":"","theme-transparent-header-meta":"default","adv-header-id-meta":"","stick-header-meta":"","header-above-stick-meta":"","header-main-stick-meta":"","header-below-stick-meta":"","astra-migrate-meta-layouts":"set","ast-page-background-enabled":"default","ast-page-background-meta":{"desktop":{"background-color":"var(--ast-global-color-5)","background-image":"","background-repeat":"repeat","background-position":"center center","background-size":"auto","background-attachment":"scroll","background-type":"","background-media":"","overlay-type":"","overlay-color":"","overlay-opacity":"","overlay-gradient":""},"tablet":{"background-color":"","background-image":"","background-repeat":"repeat","background-position":"center center","background-size":"auto","background-attachment":"scroll","background-type":"","background-media":"","overlay-type":"","overlay-color":"","overlay-opacity":"","overlay-gradient":""},"mobile":{"background-color":"","background-image":"","background-repeat":"repeat","background-position":"center center","background-size":"auto","background-attachment":"scroll","background-type":"","background-media":"","overlay-type":"","overlay-color":"","overlay-opacity":"","overlay-gradient":""}},"ast-content-background-meta":{"desktop":{"background-color":"var(--ast-global-color-4)","background-image":"","background-repeat":"repeat","background-position":"center center","background-size":"auto","background-attachment":"scroll","background-type":"","background-media":"","overlay-type":"","overlay-color":"","overlay-opacity":"","overlay-gradient":""},"tablet":{"background-color":"var(--ast-global-color-4)","background-image":"","background-repeat":"repeat","background-position":"center center","background-size":"auto","background-attachment":"scroll","background-type":"","background-media":"","overlay-type":"","overlay-color":"","overlay-opacity":"","overlay-gradient":""},"mobile":{"background-color":"var(--ast-global-color-4)","background-image":"","background-repeat":"repeat","background-position":"center center","background-size":"auto","background-attachment":"scroll","background-type":"","background-media":"","overlay-type":"","overlay-color":"","overlay-opacity":"","overlay-gradient":""}}},"product_brand":[],"product_cat":[19],"product_tag":[],"class_list":{"0":"post-5640","1":"product","2":"type-product","3":"status-publish","4":"has-post-thumbnail","6":"product_cat-uncategorized","7":"pa_28804_cb5iynnr-bronze","8":"pa_28804_cb5iynnr-brun","9":"pa_28804_cb5iynnr-kaffe","10":"pa_28804_cb5iynnr-roed","11":"pa_28804_cb5iynnr-sort","12":"desktop-align-left","13":"tablet-align-left","14":"mobile-align-left","16":"first","17":"instock","18":"shipping-taxable","19":"purchasable","20":"product-type-variable"},"_links":{"self":[{"href":"https:\/\/ecostera.com\/dk\/wp-json\/wp\/v2\/product\/5640","targetHints":{"allow":["GET"]}}],"collection":[{"href":"https:\/\/ecostera.com\/dk\/wp-json\/wp\/v2\/product"}],"about":[{"href":"https:\/\/ecostera.com\/dk\/wp-json\/wp\/v2\/types\/product"}],"replies":[{"embeddable":true,"href":"https:\/\/ecostera.com\/dk\/wp-json\/wp\/v2\/comments?post=5640"}],"wp:featuredmedia":[{"embeddable":true,"href":"https:\/\/ecostera.com\/dk\/wp-json\/wp\/v2\/media\/5636"}],"wp:attachment":[{"href":"https:\/\/ecostera.com\/dk\/wp-json\/wp\/v2\/media?parent=5640"}],"wp:term":[{"taxonomy":"product_brand","embeddable":true,"href":"https:\/\/ecostera.com\/dk\/wp-json\/wp\/v2\/product_brand?post=5640"},{"taxonomy":"product_cat","embeddable":true,"href":"https:\/\/ecostera.com\/dk\/wp-json\/wp\/v2\/product_cat?post=5640"},{"taxonomy":"product_tag","embeddable":true,"href":"https:\/\/ecostera.com\/dk\/wp-json\/wp\/v2\/product_tag?post=5640"}],"curies":[{"name":"wp","href":"https:\/\/api.w.org\/{rel}","templated":true}]}}