{"id":5656,"date":"2025-08-06T09:02:39","date_gmt":"2025-08-06T09:02:39","guid":{"rendered":"https:\/\/ecostera.com\/dk\/product\/clips-til-organisering-af-kabler\/"},"modified":"2025-08-06T11:59:39","modified_gmt":"2025-08-06T11:59:39","slug":"clips-til-organisering-af-kabler","status":"publish","type":"product","link":"https:\/\/ecostera.com\/dk\/product\/clips-til-organisering-af-kabler\/","title":{"rendered":"Clips til organisering af kabler"},"content":{"rendered":"<p style=\"text-align: center\"><strong>Er du tr\u00e6t af de sammenfiltrede kabler, der roder p\u00e5 dit skrivebord, tv eller computer?<\/strong><\/p>\n<p style=\"text-align: center\">Vores kabelholdere kan hj\u00e6lpe dig med at holde alting p\u00e6nt og ryddeligt. Sig farvel til kaos, arbejd hurtigere, og nyd et bedre hum\u00f8r hver dag.<\/p>\n<p><img decoding=\"async\" class=\"size-full wp-image-24343 aligncenter\" src=\"https:\/\/keluvo.com\/template\/wp-content\/uploads\/sites\/5\/2024\/11\/93d232cc25ad437c96a1ce7f85ca1611.webp\" alt=\"\" \/><\/p>\n<h2 style=\"text-align: center\">\u2728Hovedfordele<\/h2>\n<p>\u2714 <strong>Multipurpose: <\/strong>Disse kabelholdere er gode til at h\u00e5ndtere forskellige ledninger, herunder dem til computere, USB-forbindelser, str\u00f8mledninger og meget mere, uanset om det er hjemme, i garagen eller p\u00e5 kontoret.<\/p>\n<p>\u2714 <strong>Ikke mere rod: <\/strong>Kabelklemmerne giver en enkel m\u00e5de at h\u00e5ndtere dine kabler p\u00e5 uden sammenfiltring eller forvirring.<\/p>\n<p>\u2714 <strong>Nem DIY-ops\u00e6tning: <\/strong>Med den medf\u00f8lgende bl\u00f8de lim kan du nemt arrangere dem, som du vil. De sidder godt fast p\u00e5 v\u00e6gge eller borde og er nemme at bruge.<\/p>\n<p>\u2714 <strong>Hurtig installation: <\/strong>Bare skr\u00e6l og kl\u00e6b! Det er ikke n\u00f8dvendigt at bore huller, s\u00e5 dine v\u00e6gge forbliver intakte. De sidder godt fast p\u00e5 overflader som tr\u00e6, glas, fliser, plast og metal.<\/p>\n<p>\u2714 <strong>Brugsscenarier: <\/strong>Vores kabelklemmer fungerer til sm\u00e5 og mellemstore kabler, hvilket g\u00f8r dem perfekte til brug i hjemmet, p\u00e5 kontoret eller i bilen.<\/p>\n<p><img decoding=\"async\" class=\"size-full wp-image-24342 aligncenter\" src=\"https:\/\/keluvo.com\/template\/wp-content\/uploads\/sites\/5\/2024\/11\/e90fea1b1c2fe9a7edf3710d3dd4c870.webp\" alt=\"\" \/><\/p>\n<h2 style=\"text-align: center\">\ud83d\udccfSpecifikationer<\/h2>\n<ul>\n<li>Materialer: ABS<\/li>\n<li>V\u00e6gt: 50 g.<\/li>\n<\/ul>\n<p><img decoding=\"async\" class=\"size-full wp-image-24341 aligncenter\" src=\"https:\/\/keluvo.com\/template\/wp-content\/uploads\/sites\/5\/2024\/11\/a6505ecd376b9d5623be8a7f592c97d4.webp\" alt=\"\" \/><\/p>\n<h2 style=\"text-align: center\">\ud83d\udce6Pakken indeholder<\/h2>\n<ul>\n<li>20\/40\/60\/80\/100 stk. kabelklemmer<\/li>\n<\/ul>\n","protected":false},"excerpt":{"rendered":"<p>Er du tr\u00e6t af de sammenfiltrede kabler, der roder p\u00e5 dit skrivebord, tv eller computer? Vores kabelholdere kan hj\u00e6lpe dig [&hellip;]<\/p>\n","protected":false},"featured_media":5652,"comment_status":"open","ping_status":"closed","template":"","meta":{"site-sidebar-layout":"default","site-content-layout":"","ast-site-content-layout":"default","site-content-style":"default","site-sidebar-style":"default","ast-global-header-display":"","ast-banner-title-visibility":"","ast-main-header-display":"","ast-hfb-above-header-display":"","ast-hfb-below-header-display":"","ast-hfb-mobile-header-display":"","site-post-title":"","ast-breadcrumbs-content":"","ast-featured-img":"","footer-sml-layout":"","theme-transparent-header-meta":"default","adv-header-id-meta":"","stick-header-meta":"","header-above-stick-meta":"","header-main-stick-meta":"","header-below-stick-meta":"","astra-migrate-meta-layouts":"set","ast-page-background-enabled":"default","ast-page-background-meta":{"desktop":{"background-color":"var(--ast-global-color-5)","background-image":"","background-repeat":"repeat","background-position":"center center","background-size":"auto","background-attachment":"scroll","background-type":"","background-media":"","overlay-type":"","overlay-color":"","overlay-opacity":"","overlay-gradient":""},"tablet":{"background-color":"","background-image":"","background-repeat":"repeat","background-position":"center center","background-size":"auto","background-attachment":"scroll","background-type":"","background-media":"","overlay-type":"","overlay-color":"","overlay-opacity":"","overlay-gradient":""},"mobile":{"background-color":"","background-image":"","background-repeat":"repeat","background-position":"center center","background-size":"auto","background-attachment":"scroll","background-type":"","background-media":"","overlay-type":"","overlay-color":"","overlay-opacity":"","overlay-gradient":""}},"ast-content-background-meta":{"desktop":{"background-color":"var(--ast-global-color-4)","background-image":"","background-repeat":"repeat","background-position":"center center","background-size":"auto","background-attachment":"scroll","background-type":"","background-media":"","overlay-type":"","overlay-color":"","overlay-opacity":"","overlay-gradient":""},"tablet":{"background-color":"var(--ast-global-color-4)","background-image":"","background-repeat":"repeat","background-position":"center center","background-size":"auto","background-attachment":"scroll","background-type":"","background-media":"","overlay-type":"","overlay-color":"","overlay-opacity":"","overlay-gradient":""},"mobile":{"background-color":"var(--ast-global-color-4)","background-image":"","background-repeat":"repeat","background-position":"center center","background-size":"auto","background-attachment":"scroll","background-type":"","background-media":"","overlay-type":"","overlay-color":"","overlay-opacity":"","overlay-gradient":""}}},"product_brand":[],"product_cat":[19],"product_tag":[],"class_list":{"0":"post-5656","1":"product","2":"type-product","3":"status-publish","4":"has-post-thumbnail","6":"product_cat-uncategorized","7":"pa_31067_9x5355fv-20-stk","8":"pa_31067_9x5355fv-40-stk","9":"pa_31067_9x5355fv-60-stk","10":"pa_31067_9x5355fv-80-stk","11":"pa_31067_9x5355fv-100-stk","12":"pa_31067_kznzks4d-gennemsigtig","13":"pa_31067_kznzks4d-hvid","14":"pa_31067_kznzks4d-sort","15":"desktop-align-left","16":"tablet-align-left","17":"mobile-align-left","19":"first","20":"instock","21":"shipping-taxable","22":"purchasable","23":"product-type-variable","24":"has-default-attributes"},"_links":{"self":[{"href":"https:\/\/ecostera.com\/dk\/wp-json\/wp\/v2\/product\/5656","targetHints":{"allow":["GET"]}}],"collection":[{"href":"https:\/\/ecostera.com\/dk\/wp-json\/wp\/v2\/product"}],"about":[{"href":"https:\/\/ecostera.com\/dk\/wp-json\/wp\/v2\/types\/product"}],"replies":[{"embeddable":true,"href":"https:\/\/ecostera.com\/dk\/wp-json\/wp\/v2\/comments?post=5656"}],"wp:featuredmedia":[{"embeddable":true,"href":"https:\/\/ecostera.com\/dk\/wp-json\/wp\/v2\/media\/5652"}],"wp:attachment":[{"href":"https:\/\/ecostera.com\/dk\/wp-json\/wp\/v2\/media?parent=5656"}],"wp:term":[{"taxonomy":"product_brand","embeddable":true,"href":"https:\/\/ecostera.com\/dk\/wp-json\/wp\/v2\/product_brand?post=5656"},{"taxonomy":"product_cat","embeddable":true,"href":"https:\/\/ecostera.com\/dk\/wp-json\/wp\/v2\/product_cat?post=5656"},{"taxonomy":"product_tag","embeddable":true,"href":"https:\/\/ecostera.com\/dk\/wp-json\/wp\/v2\/product_tag?post=5656"}],"curies":[{"name":"wp","href":"https:\/\/api.w.org\/{rel}","templated":true}]}}