{"id":5700,"date":"2025-08-06T09:04:59","date_gmt":"2025-08-06T09:04:59","guid":{"rendered":"https:\/\/ecostera.com\/dk\/product\/varmere-sokker-med-blonder\/"},"modified":"2025-09-15T16:04:10","modified_gmt":"2025-09-15T13:04:10","slug":"varmere-sokker-med-blonder","status":"publish","type":"product","link":"https:\/\/ecostera.com\/dk\/product\/varmere-sokker-med-blonder\/","title":{"rendered":"Varmere sokker med blonder"},"content":{"rendered":"<h2 style=\"text-align: center\">Stilfuldt Og Moderigtigt Design<\/h2>\n<p style=\"text-align: center\">Blondevarmesokkerne har en charmerende blondekant, der giver et s\u00f8dt og moderigtigt touch til ethvert outfit. Str\u00f8mperne er perfekte til b\u00e5de flade og h\u00f8je sko, hvilket g\u00f8r dem til et alsidigt tilbeh\u00f8r til enhver lejlighed. De passer til alle st\u00f8rrelser.<\/p>\n<p><img decoding=\"async\" class=\"alignnone size-medium wp-image-3669 aligncenter\" src=\"https:\/\/keluvo.com\/template\/wp-content\/uploads\/sites\/5\/2024\/11\/0f3275ff-25e7-45c5-a752-b3b65134c62e.webp\" alt=\"\" \/><\/p>\n<h2 style=\"text-align: center\">Bl\u00f8d Og \u00c5ndbar Komfort<\/h2>\n<p style=\"text-align: center\">Lavet af bl\u00f8dt, \u00e5ndbart bomuldsstof holder blondevarmerne dine f\u00f8dder komfortable hele dagen. Materialet er svedabsorberende og deodorant og hj\u00e6lper med at holde dine f\u00f8dder friske, samtidig med at det giver varme i de koldere m\u00e5neder.<\/p>\n<p><img decoding=\"async\" class=\"alignnone size-medium wp-image-3674 aligncenter\" src=\"https:\/\/keluvo.com\/template\/wp-content\/uploads\/sites\/5\/2024\/11\/a3a21855-e26e-4216-ae8a-2d0b4a481284.webp\" alt=\"\" \/><\/p>\n","protected":false},"excerpt":{"rendered":"<p>Stilfuldt Og Moderigtigt Design Blondevarmesokkerne har en charmerende blondekant, der giver et s\u00f8dt og moderigtigt touch til ethvert outfit. Str\u00f8mperne [&hellip;]<\/p>\n","protected":false},"featured_media":5696,"comment_status":"open","ping_status":"closed","template":"","meta":{"site-sidebar-layout":"default","site-content-layout":"","ast-site-content-layout":"default","site-content-style":"default","site-sidebar-style":"default","ast-global-header-display":"","ast-banner-title-visibility":"","ast-main-header-display":"","ast-hfb-above-header-display":"","ast-hfb-below-header-display":"","ast-hfb-mobile-header-display":"","site-post-title":"","ast-breadcrumbs-content":"","ast-featured-img":"","footer-sml-layout":"","theme-transparent-header-meta":"default","adv-header-id-meta":"","stick-header-meta":"","header-above-stick-meta":"","header-main-stick-meta":"","header-below-stick-meta":"","astra-migrate-meta-layouts":"set","ast-page-background-enabled":"default","ast-page-background-meta":{"desktop":{"background-color":"var(--ast-global-color-5)","background-image":"","background-repeat":"repeat","background-position":"center center","background-size":"auto","background-attachment":"scroll","background-type":"","background-media":"","overlay-type":"","overlay-color":"","overlay-opacity":"","overlay-gradient":""},"tablet":{"background-color":"","background-image":"","background-repeat":"repeat","background-position":"center center","background-size":"auto","background-attachment":"scroll","background-type":"","background-media":"","overlay-type":"","overlay-color":"","overlay-opacity":"","overlay-gradient":""},"mobile":{"background-color":"","background-image":"","background-repeat":"repeat","background-position":"center center","background-size":"auto","background-attachment":"scroll","background-type":"","background-media":"","overlay-type":"","overlay-color":"","overlay-opacity":"","overlay-gradient":""}},"ast-content-background-meta":{"desktop":{"background-color":"var(--ast-global-color-4)","background-image":"","background-repeat":"repeat","background-position":"center center","background-size":"auto","background-attachment":"scroll","background-type":"","background-media":"","overlay-type":"","overlay-color":"","overlay-opacity":"","overlay-gradient":""},"tablet":{"background-color":"var(--ast-global-color-4)","background-image":"","background-repeat":"repeat","background-position":"center center","background-size":"auto","background-attachment":"scroll","background-type":"","background-media":"","overlay-type":"","overlay-color":"","overlay-opacity":"","overlay-gradient":""},"mobile":{"background-color":"var(--ast-global-color-4)","background-image":"","background-repeat":"repeat","background-position":"center center","background-size":"auto","background-attachment":"scroll","background-type":"","background-media":"","overlay-type":"","overlay-color":"","overlay-opacity":"","overlay-gradient":""}}},"product_brand":[],"product_cat":[19],"product_tag":[],"class_list":{"0":"post-5700","1":"product","2":"type-product","3":"status-publish","4":"has-post-thumbnail","6":"product_cat-uncategorized","7":"pa_36273_2qvmffu0-1-par","8":"pa_36273_2qvmffu0-3-par","9":"pa_36273_2qvmffu0-6-par","10":"pa_36273_xbu62wwc-blaa","11":"pa_36273_xbu62wwc-graa","12":"pa_36273_xbu62wwc-groen","13":"pa_36273_xbu62wwc-gul","14":"pa_36273_xbu62wwc-hud","15":"pa_36273_xbu62wwc-kaffe","16":"pa_36273_xbu62wwc-lilla","17":"pa_36273_xbu62wwc-sort","18":"desktop-align-left","19":"tablet-align-left","20":"mobile-align-left","22":"first","23":"instock","24":"shipping-taxable","25":"purchasable","26":"product-type-variable","27":"has-default-attributes"},"_links":{"self":[{"href":"https:\/\/ecostera.com\/dk\/wp-json\/wp\/v2\/product\/5700","targetHints":{"allow":["GET"]}}],"collection":[{"href":"https:\/\/ecostera.com\/dk\/wp-json\/wp\/v2\/product"}],"about":[{"href":"https:\/\/ecostera.com\/dk\/wp-json\/wp\/v2\/types\/product"}],"replies":[{"embeddable":true,"href":"https:\/\/ecostera.com\/dk\/wp-json\/wp\/v2\/comments?post=5700"}],"wp:featuredmedia":[{"embeddable":true,"href":"https:\/\/ecostera.com\/dk\/wp-json\/wp\/v2\/media\/5696"}],"wp:attachment":[{"href":"https:\/\/ecostera.com\/dk\/wp-json\/wp\/v2\/media?parent=5700"}],"wp:term":[{"taxonomy":"product_brand","embeddable":true,"href":"https:\/\/ecostera.com\/dk\/wp-json\/wp\/v2\/product_brand?post=5700"},{"taxonomy":"product_cat","embeddable":true,"href":"https:\/\/ecostera.com\/dk\/wp-json\/wp\/v2\/product_cat?post=5700"},{"taxonomy":"product_tag","embeddable":true,"href":"https:\/\/ecostera.com\/dk\/wp-json\/wp\/v2\/product_tag?post=5700"}],"curies":[{"name":"wp","href":"https:\/\/api.w.org\/{rel}","templated":true}]}}