{"id":5758,"date":"2025-08-06T09:07:00","date_gmt":"2025-08-06T09:07:00","guid":{"rendered":"https:\/\/ecostera.com\/dk\/product\/3d-puslespil-med-terninger-i-trae\/"},"modified":"2025-08-06T09:07:04","modified_gmt":"2025-08-06T09:07:04","slug":"3d-puslespil-med-terninger-i-trae","status":"publish","type":"product","link":"https:\/\/ecostera.com\/dk\/product\/3d-puslespil-med-terninger-i-trae\/","title":{"rendered":"3D-puslespil med terninger i tr\u00e6"},"content":{"rendered":"<h2 style=\"text-align: center\">Udfordrende Hjernevrider<\/h2>\n<p style=\"text-align: center\">3D-tr\u00e6terningspuslespillet er designet til at udfordre og engagere din hjerne. Det opmuntrer til probleml\u00f8sning og logisk t\u00e6nkning, n\u00e5r du arbejder p\u00e5 at s\u00e6tte tr\u00e6brikkerne sammen til den perfekte form. Puslespillet er sjovt for b\u00e5de b\u00f8rn og voksne, hvilket g\u00f8r det ideelt til familiehygge og interaktiv leg.<\/p>\n<p><img decoding=\"async\" class=\"alignnone size-medium wp-image-3652 aligncenter\" src=\"https:\/\/keluvo.com\/template\/wp-content\/uploads\/sites\/5\/2024\/11\/3a4bc68b-93ec-4094-b24b-405430316504.webp\" alt=\"\" \/><\/p>\n<h2 style=\"text-align: center\">Sikre Og Holdbare Materialer<\/h2>\n<p style=\"text-align: center\">Lavet af tr\u00e6 i h\u00f8j kvalitet er 3D-tr\u00e6terningspuslespillet sikkert, ugiftigt og holdbart. De glatte kanter sikrer, at det er sikkert for b\u00f8rn fra 3 \u00e5r og opefter, mens det naturlige materiale giver et klassisk pr\u00e6g. Det robuste design sikrer, at det kan bruges gentagne gange uden at blive slidt.<\/p>\n<p><img decoding=\"async\" class=\"alignnone size-medium wp-image-3654 aligncenter\" src=\"https:\/\/keluvo.com\/template\/wp-content\/uploads\/sites\/5\/2024\/11\/41f96425-310f-4618-ac9b-52f3b0d7898c.webp\" alt=\"\" \/><\/p>\n","protected":false},"excerpt":{"rendered":"<p>Udfordrende Hjernevrider 3D-tr\u00e6terningspuslespillet er designet til at udfordre og engagere din hjerne. Det opmuntrer til probleml\u00f8sning og logisk t\u00e6nkning, n\u00e5r [&hellip;]<\/p>\n","protected":false},"featured_media":5754,"comment_status":"open","ping_status":"closed","template":"","meta":{"site-sidebar-layout":"default","site-content-layout":"","ast-site-content-layout":"default","site-content-style":"default","site-sidebar-style":"default","ast-global-header-display":"","ast-banner-title-visibility":"","ast-main-header-display":"","ast-hfb-above-header-display":"","ast-hfb-below-header-display":"","ast-hfb-mobile-header-display":"","site-post-title":"","ast-breadcrumbs-content":"","ast-featured-img":"","footer-sml-layout":"","theme-transparent-header-meta":"default","adv-header-id-meta":"","stick-header-meta":"","header-above-stick-meta":"","header-main-stick-meta":"","header-below-stick-meta":"","astra-migrate-meta-layouts":"set","ast-page-background-enabled":"default","ast-page-background-meta":{"desktop":{"background-color":"var(--ast-global-color-5)","background-image":"","background-repeat":"repeat","background-position":"center center","background-size":"auto","background-attachment":"scroll","background-type":"","background-media":"","overlay-type":"","overlay-color":"","overlay-opacity":"","overlay-gradient":""},"tablet":{"background-color":"","background-image":"","background-repeat":"repeat","background-position":"center center","background-size":"auto","background-attachment":"scroll","background-type":"","background-media":"","overlay-type":"","overlay-color":"","overlay-opacity":"","overlay-gradient":""},"mobile":{"background-color":"","background-image":"","background-repeat":"repeat","background-position":"center center","background-size":"auto","background-attachment":"scroll","background-type":"","background-media":"","overlay-type":"","overlay-color":"","overlay-opacity":"","overlay-gradient":""}},"ast-content-background-meta":{"desktop":{"background-color":"var(--ast-global-color-4)","background-image":"","background-repeat":"repeat","background-position":"center center","background-size":"auto","background-attachment":"scroll","background-type":"","background-media":"","overlay-type":"","overlay-color":"","overlay-opacity":"","overlay-gradient":""},"tablet":{"background-color":"var(--ast-global-color-4)","background-image":"","background-repeat":"repeat","background-position":"center center","background-size":"auto","background-attachment":"scroll","background-type":"","background-media":"","overlay-type":"","overlay-color":"","overlay-opacity":"","overlay-gradient":""},"mobile":{"background-color":"var(--ast-global-color-4)","background-image":"","background-repeat":"repeat","background-position":"center center","background-size":"auto","background-attachment":"scroll","background-type":"","background-media":"","overlay-type":"","overlay-color":"","overlay-opacity":"","overlay-gradient":""}}},"product_brand":[],"product_cat":[19],"product_tag":[],"class_list":{"0":"post-5758","1":"product","2":"type-product","3":"status-publish","4":"has-post-thumbnail","6":"product_cat-uncategorized","7":"pa_37611_2lahogto-l","8":"pa_37611_2lahogto-t","9":"desktop-align-left","10":"tablet-align-left","11":"mobile-align-left","13":"first","14":"instock","15":"shipping-taxable","16":"purchasable","17":"product-type-variable"},"_links":{"self":[{"href":"https:\/\/ecostera.com\/dk\/wp-json\/wp\/v2\/product\/5758","targetHints":{"allow":["GET"]}}],"collection":[{"href":"https:\/\/ecostera.com\/dk\/wp-json\/wp\/v2\/product"}],"about":[{"href":"https:\/\/ecostera.com\/dk\/wp-json\/wp\/v2\/types\/product"}],"replies":[{"embeddable":true,"href":"https:\/\/ecostera.com\/dk\/wp-json\/wp\/v2\/comments?post=5758"}],"wp:featuredmedia":[{"embeddable":true,"href":"https:\/\/ecostera.com\/dk\/wp-json\/wp\/v2\/media\/5754"}],"wp:attachment":[{"href":"https:\/\/ecostera.com\/dk\/wp-json\/wp\/v2\/media?parent=5758"}],"wp:term":[{"taxonomy":"product_brand","embeddable":true,"href":"https:\/\/ecostera.com\/dk\/wp-json\/wp\/v2\/product_brand?post=5758"},{"taxonomy":"product_cat","embeddable":true,"href":"https:\/\/ecostera.com\/dk\/wp-json\/wp\/v2\/product_cat?post=5758"},{"taxonomy":"product_tag","embeddable":true,"href":"https:\/\/ecostera.com\/dk\/wp-json\/wp\/v2\/product_tag?post=5758"}],"curies":[{"name":"wp","href":"https:\/\/api.w.org\/{rel}","templated":true}]}}