{"id":5780,"date":"2025-08-06T09:07:48","date_gmt":"2025-08-06T09:07:48","guid":{"rendered":"https:\/\/ecostera.com\/dk\/product\/elektrisk-kvaern\/"},"modified":"2025-09-12T14:57:41","modified_gmt":"2025-09-12T11:57:41","slug":"elektrisk-kvaern","status":"publish","type":"product","link":"https:\/\/ecostera.com\/dk\/product\/elektrisk-kvaern\/","title":{"rendered":"Elektrisk kv\u00e6rn"},"content":{"rendered":"<h2 style=\"text-align: center\">Alsidigt kv\u00e6rnv\u00e6rkt\u00f8j<\/h2>\n<p style=\"text-align: center\">Den elektriske kv\u00e6rn er designet til nemt at h\u00e5ndtere kaffeb\u00f8nner, krydderier, fr\u00f8, n\u00f8dder og krydderurter. Dens alsidige funktionalitet g\u00f8r den til en v\u00e6rdifuld tilf\u00f8jelse til ethvert k\u00f8kken og forenkler madlavningen.<\/p>\n<p><img decoding=\"async\" class=\"alignnone size-medium wp-image-4486 aligncenter\" src=\"https:\/\/keluvo.com\/template\/wp-content\/uploads\/sites\/5\/2024\/11\/1e0283f1-e6b9-41cf-8465-f073c5f74f93.webp\" alt=\"\" \/><\/p>\n<h2 style=\"text-align: center\">Holdbar konstruktion i rustfrit st\u00e5l<\/h2>\n<p style=\"text-align: center\">Den elektriske kv\u00e6rn er fremstillet af rustfrit st\u00e5l af h\u00f8j kvalitet og er bygget til at holde. Dens robuste konstruktion sikrer en ensartet ydeevne, mens det slanke design giver et moderne pr\u00e6g p\u00e5 din bordplade.<\/p>\n<p><img decoding=\"async\" class=\"alignnone size-medium wp-image-4489 aligncenter\" src=\"https:\/\/keluvo.com\/template\/wp-content\/uploads\/sites\/5\/2024\/11\/5a532273-7cd0-407d-8a83-6c50f39282e4.webp\" alt=\"\" \/><\/p>\n","protected":false},"excerpt":{"rendered":"<p>Alsidigt kv\u00e6rnv\u00e6rkt\u00f8j Den elektriske kv\u00e6rn er designet til nemt at h\u00e5ndtere kaffeb\u00f8nner, krydderier, fr\u00f8, n\u00f8dder og krydderurter. Dens alsidige funktionalitet [&hellip;]<\/p>\n","protected":false},"featured_media":5776,"comment_status":"open","ping_status":"closed","template":"","meta":{"site-sidebar-layout":"default","site-content-layout":"","ast-site-content-layout":"default","site-content-style":"default","site-sidebar-style":"default","ast-global-header-display":"","ast-banner-title-visibility":"","ast-main-header-display":"","ast-hfb-above-header-display":"","ast-hfb-below-header-display":"","ast-hfb-mobile-header-display":"","site-post-title":"","ast-breadcrumbs-content":"","ast-featured-img":"","footer-sml-layout":"","theme-transparent-header-meta":"default","adv-header-id-meta":"","stick-header-meta":"","header-above-stick-meta":"","header-main-stick-meta":"","header-below-stick-meta":"","astra-migrate-meta-layouts":"set","ast-page-background-enabled":"default","ast-page-background-meta":{"desktop":{"background-color":"var(--ast-global-color-5)","background-image":"","background-repeat":"repeat","background-position":"center center","background-size":"auto","background-attachment":"scroll","background-type":"","background-media":"","overlay-type":"","overlay-color":"","overlay-opacity":"","overlay-gradient":""},"tablet":{"background-color":"","background-image":"","background-repeat":"repeat","background-position":"center center","background-size":"auto","background-attachment":"scroll","background-type":"","background-media":"","overlay-type":"","overlay-color":"","overlay-opacity":"","overlay-gradient":""},"mobile":{"background-color":"","background-image":"","background-repeat":"repeat","background-position":"center center","background-size":"auto","background-attachment":"scroll","background-type":"","background-media":"","overlay-type":"","overlay-color":"","overlay-opacity":"","overlay-gradient":""}},"ast-content-background-meta":{"desktop":{"background-color":"var(--ast-global-color-4)","background-image":"","background-repeat":"repeat","background-position":"center center","background-size":"auto","background-attachment":"scroll","background-type":"","background-media":"","overlay-type":"","overlay-color":"","overlay-opacity":"","overlay-gradient":""},"tablet":{"background-color":"var(--ast-global-color-4)","background-image":"","background-repeat":"repeat","background-position":"center center","background-size":"auto","background-attachment":"scroll","background-type":"","background-media":"","overlay-type":"","overlay-color":"","overlay-opacity":"","overlay-gradient":""},"mobile":{"background-color":"var(--ast-global-color-4)","background-image":"","background-repeat":"repeat","background-position":"center center","background-size":"auto","background-attachment":"scroll","background-type":"","background-media":"","overlay-type":"","overlay-color":"","overlay-opacity":"","overlay-gradient":""}}},"product_brand":[],"product_cat":[19],"product_tag":[],"class_list":{"0":"post-5780","1":"product","2":"type-product","3":"status-publish","4":"has-post-thumbnail","6":"product_cat-uncategorized","7":"desktop-align-left","8":"tablet-align-left","9":"mobile-align-left","11":"first","12":"instock","13":"shipping-taxable","14":"purchasable","15":"product-type-simple"},"_links":{"self":[{"href":"https:\/\/ecostera.com\/dk\/wp-json\/wp\/v2\/product\/5780","targetHints":{"allow":["GET"]}}],"collection":[{"href":"https:\/\/ecostera.com\/dk\/wp-json\/wp\/v2\/product"}],"about":[{"href":"https:\/\/ecostera.com\/dk\/wp-json\/wp\/v2\/types\/product"}],"replies":[{"embeddable":true,"href":"https:\/\/ecostera.com\/dk\/wp-json\/wp\/v2\/comments?post=5780"}],"wp:featuredmedia":[{"embeddable":true,"href":"https:\/\/ecostera.com\/dk\/wp-json\/wp\/v2\/media\/5776"}],"wp:attachment":[{"href":"https:\/\/ecostera.com\/dk\/wp-json\/wp\/v2\/media?parent=5780"}],"wp:term":[{"taxonomy":"product_brand","embeddable":true,"href":"https:\/\/ecostera.com\/dk\/wp-json\/wp\/v2\/product_brand?post=5780"},{"taxonomy":"product_cat","embeddable":true,"href":"https:\/\/ecostera.com\/dk\/wp-json\/wp\/v2\/product_cat?post=5780"},{"taxonomy":"product_tag","embeddable":true,"href":"https:\/\/ecostera.com\/dk\/wp-json\/wp\/v2\/product_tag?post=5780"}],"curies":[{"name":"wp","href":"https:\/\/api.w.org\/{rel}","templated":true}]}}