{"id":5785,"date":"2025-08-06T09:25:20","date_gmt":"2025-08-06T09:25:20","guid":{"rendered":"https:\/\/ecostera.com\/dk\/product\/armbaand-med-tigeroeje\/"},"modified":"2025-08-06T09:25:41","modified_gmt":"2025-08-06T09:25:41","slug":"armbaand-med-tigeroeje","status":"publish","type":"product","link":"https:\/\/ecostera.com\/dk\/product\/armbaand-med-tigeroeje\/","title":{"rendered":"Armb\u00e5nd med tiger\u00f8je"},"content":{"rendered":"<h2 style=\"text-align: center\">Naturlige tiger\u00f8je-sten<\/h2>\n<p style=\"text-align: center\">Tiger\u00f8je-armb\u00e5ndet er lavet af naturlige krystalsten, der giver unikke m\u00f8nstre og farver i hvert stykke. De levende r\u00f8de, bl\u00e5 og gule nuancer giver et strejf af naturens sk\u00f8nhed til din stil.<\/p>\n<p><img decoding=\"async\" class=\"alignnone size-medium wp-image-4397 aligncenter\" src=\"https:\/\/keluvo.com\/template\/wp-content\/uploads\/sites\/5\/2024\/11\/Fashion-Tiger-Eye-Bracelet-Men-and-Women-Charm-Natural-Stone-Jewelry-Healing-Buddha-Elastic-Rope-Couple.jpg_-1.webp\" alt=\"\" \/><\/p>\n<h2 style=\"text-align: center\">Levende trefarvet design<\/h2>\n<p style=\"text-align: center\">Dette armb\u00e5nd kombinerer r\u00f8de, bl\u00e5 og gule tiger\u00f8je-sten, hvilket skaber et sl\u00e5ende og afbalanceret look. Farverne menes at \u00f8ge den positive energi og bringe harmoni i dit liv.<\/p>\n<p><img decoding=\"async\" class=\"alignnone size-medium wp-image-4401 aligncenter\" src=\"https:\/\/keluvo.com\/template\/wp-content\/uploads\/sites\/5\/2024\/11\/Sd817815108e845f0922fa7445a70e9b9z.webp\" alt=\"\" \/><\/p>\n","protected":false},"excerpt":{"rendered":"<p>Naturlige tiger\u00f8je-sten Tiger\u00f8je-armb\u00e5ndet er lavet af naturlige krystalsten, der giver unikke m\u00f8nstre og farver i hvert stykke. De levende r\u00f8de, [&hellip;]<\/p>\n","protected":false},"featured_media":5781,"comment_status":"open","ping_status":"closed","template":"","meta":{"site-sidebar-layout":"default","site-content-layout":"","ast-site-content-layout":"default","site-content-style":"default","site-sidebar-style":"default","ast-global-header-display":"","ast-banner-title-visibility":"","ast-main-header-display":"","ast-hfb-above-header-display":"","ast-hfb-below-header-display":"","ast-hfb-mobile-header-display":"","site-post-title":"","ast-breadcrumbs-content":"","ast-featured-img":"","footer-sml-layout":"","theme-transparent-header-meta":"default","adv-header-id-meta":"","stick-header-meta":"","header-above-stick-meta":"","header-main-stick-meta":"","header-below-stick-meta":"","astra-migrate-meta-layouts":"set","ast-page-background-enabled":"default","ast-page-background-meta":{"desktop":{"background-color":"var(--ast-global-color-5)","background-image":"","background-repeat":"repeat","background-position":"center center","background-size":"auto","background-attachment":"scroll","background-type":"","background-media":"","overlay-type":"","overlay-color":"","overlay-opacity":"","overlay-gradient":""},"tablet":{"background-color":"","background-image":"","background-repeat":"repeat","background-position":"center center","background-size":"auto","background-attachment":"scroll","background-type":"","background-media":"","overlay-type":"","overlay-color":"","overlay-opacity":"","overlay-gradient":""},"mobile":{"background-color":"","background-image":"","background-repeat":"repeat","background-position":"center center","background-size":"auto","background-attachment":"scroll","background-type":"","background-media":"","overlay-type":"","overlay-color":"","overlay-opacity":"","overlay-gradient":""}},"ast-content-background-meta":{"desktop":{"background-color":"var(--ast-global-color-4)","background-image":"","background-repeat":"repeat","background-position":"center center","background-size":"auto","background-attachment":"scroll","background-type":"","background-media":"","overlay-type":"","overlay-color":"","overlay-opacity":"","overlay-gradient":""},"tablet":{"background-color":"var(--ast-global-color-4)","background-image":"","background-repeat":"repeat","background-position":"center center","background-size":"auto","background-attachment":"scroll","background-type":"","background-media":"","overlay-type":"","overlay-color":"","overlay-opacity":"","overlay-gradient":""},"mobile":{"background-color":"var(--ast-global-color-4)","background-image":"","background-repeat":"repeat","background-position":"center center","background-size":"auto","background-attachment":"scroll","background-type":"","background-media":"","overlay-type":"","overlay-color":"","overlay-opacity":"","overlay-gradient":""}}},"product_brand":[],"product_cat":[19],"product_tag":[],"class_list":{"0":"post-5785","1":"product","2":"type-product","3":"status-publish","4":"has-post-thumbnail","6":"product_cat-uncategorized","7":"pa_39328_wseadp9o-10-mm","8":"pa_39328_wseadp9o-12-mm","9":"pa_39328_wseadp9o-14-mm","10":"desktop-align-left","11":"tablet-align-left","12":"mobile-align-left","14":"first","15":"instock","16":"shipping-taxable","17":"purchasable","18":"product-type-variable"},"_links":{"self":[{"href":"https:\/\/ecostera.com\/dk\/wp-json\/wp\/v2\/product\/5785","targetHints":{"allow":["GET"]}}],"collection":[{"href":"https:\/\/ecostera.com\/dk\/wp-json\/wp\/v2\/product"}],"about":[{"href":"https:\/\/ecostera.com\/dk\/wp-json\/wp\/v2\/types\/product"}],"replies":[{"embeddable":true,"href":"https:\/\/ecostera.com\/dk\/wp-json\/wp\/v2\/comments?post=5785"}],"wp:featuredmedia":[{"embeddable":true,"href":"https:\/\/ecostera.com\/dk\/wp-json\/wp\/v2\/media\/5781"}],"wp:attachment":[{"href":"https:\/\/ecostera.com\/dk\/wp-json\/wp\/v2\/media?parent=5785"}],"wp:term":[{"taxonomy":"product_brand","embeddable":true,"href":"https:\/\/ecostera.com\/dk\/wp-json\/wp\/v2\/product_brand?post=5785"},{"taxonomy":"product_cat","embeddable":true,"href":"https:\/\/ecostera.com\/dk\/wp-json\/wp\/v2\/product_cat?post=5785"},{"taxonomy":"product_tag","embeddable":true,"href":"https:\/\/ecostera.com\/dk\/wp-json\/wp\/v2\/product_tag?post=5785"}],"curies":[{"name":"wp","href":"https:\/\/api.w.org\/{rel}","templated":true}]}}