{"id":5796,"date":"2025-08-06T09:31:24","date_gmt":"2025-08-06T09:31:24","guid":{"rendered":"https:\/\/ecostera.com\/dk\/product\/creme-til-rengoering-af-sko-100-g\/"},"modified":"2025-08-06T09:31:24","modified_gmt":"2025-08-06T09:31:24","slug":"creme-til-rengoering-af-sko-100-g","status":"publish","type":"product","link":"https:\/\/ecostera.com\/dk\/product\/creme-til-rengoering-af-sko-100-g\/","title":{"rendered":"Creme til reng\u00f8ring af sko (100 g)"},"content":{"rendered":"<h2 style=\"text-align: center\">Kraftig Pletfjerning<\/h2>\n<p style=\"text-align: center\">Skorensecremen er designet til effektivt at fjerne snavs og pletter fra dine sko og give dem deres oprindelige rene udseende tilbage. Den aktive dekontamineringsformel tr\u00e6nger dybt ind i skoens overflade og sikrer, at selv h\u00e5rde pletter let opl\u00f8ses og t\u00f8rres v\u00e6k, s\u00e5 dine sko ser ud som nye.<\/p>\n<p><img decoding=\"async\" class=\"alignnone size-medium wp-image-4238 aligncenter\" src=\"https:\/\/keluvo.com\/template\/wp-content\/uploads\/sites\/5\/2024\/11\/White-Shoes-Cleaning-Cream-Stains-Remover-Shoes-Whitening-All-Purpose-Cleansing-Cream-With-Wipe-Sponge-For.jpg_-1.png\" alt=\"\" \/><\/p>\n<h2 style=\"text-align: center\">Sikker og Sk\u00e5nsom Formel<\/h2>\n<p style=\"text-align: center\">I mods\u00e6tning til traditionelle sko-reng\u00f8ringsmetoder, der kan beskadige overfladen, er sko-rensecremen lavet med en sk\u00e5nsom og sikker formel. Den virker uden at skade dine sko, h\u00e6nder eller andre overflader, hvilket g\u00f8r den ideel til reng\u00f8ring af alle typer sko, fra sneakers til l\u00e6derfodt\u00f8j, uden at for\u00e5rsage afskalning eller skade.<\/p>\n<p><img decoding=\"async\" class=\"alignnone size-medium wp-image-4239 aligncenter\" src=\"https:\/\/keluvo.com\/template\/wp-content\/uploads\/sites\/5\/2024\/11\/White-Shoes-Cleaning-Cream-Stains-Remover-Shoes-Whitening-All-Purpose-Cleansing-Cream-With-Wipe-Sponge-For.jpg_.png\" alt=\"\" \/><\/p>\n","protected":false},"excerpt":{"rendered":"<p>Kraftig Pletfjerning Skorensecremen er designet til effektivt at fjerne snavs og pletter fra dine sko og give dem deres oprindelige [&hellip;]<\/p>\n","protected":false},"featured_media":5792,"comment_status":"open","ping_status":"closed","template":"","meta":{"site-sidebar-layout":"default","site-content-layout":"","ast-site-content-layout":"default","site-content-style":"default","site-sidebar-style":"default","ast-global-header-display":"","ast-banner-title-visibility":"","ast-main-header-display":"","ast-hfb-above-header-display":"","ast-hfb-below-header-display":"","ast-hfb-mobile-header-display":"","site-post-title":"","ast-breadcrumbs-content":"","ast-featured-img":"","footer-sml-layout":"","theme-transparent-header-meta":"default","adv-header-id-meta":"","stick-header-meta":"","header-above-stick-meta":"","header-main-stick-meta":"","header-below-stick-meta":"","astra-migrate-meta-layouts":"set","ast-page-background-enabled":"default","ast-page-background-meta":{"desktop":{"background-color":"var(--ast-global-color-5)","background-image":"","background-repeat":"repeat","background-position":"center center","background-size":"auto","background-attachment":"scroll","background-type":"","background-media":"","overlay-type":"","overlay-color":"","overlay-opacity":"","overlay-gradient":""},"tablet":{"background-color":"","background-image":"","background-repeat":"repeat","background-position":"center center","background-size":"auto","background-attachment":"scroll","background-type":"","background-media":"","overlay-type":"","overlay-color":"","overlay-opacity":"","overlay-gradient":""},"mobile":{"background-color":"","background-image":"","background-repeat":"repeat","background-position":"center center","background-size":"auto","background-attachment":"scroll","background-type":"","background-media":"","overlay-type":"","overlay-color":"","overlay-opacity":"","overlay-gradient":""}},"ast-content-background-meta":{"desktop":{"background-color":"var(--ast-global-color-4)","background-image":"","background-repeat":"repeat","background-position":"center center","background-size":"auto","background-attachment":"scroll","background-type":"","background-media":"","overlay-type":"","overlay-color":"","overlay-opacity":"","overlay-gradient":""},"tablet":{"background-color":"var(--ast-global-color-4)","background-image":"","background-repeat":"repeat","background-position":"center center","background-size":"auto","background-attachment":"scroll","background-type":"","background-media":"","overlay-type":"","overlay-color":"","overlay-opacity":"","overlay-gradient":""},"mobile":{"background-color":"var(--ast-global-color-4)","background-image":"","background-repeat":"repeat","background-position":"center center","background-size":"auto","background-attachment":"scroll","background-type":"","background-media":"","overlay-type":"","overlay-color":"","overlay-opacity":"","overlay-gradient":""}}},"product_brand":[],"product_cat":[19],"product_tag":[],"class_list":{"0":"post-5796","1":"product","2":"type-product","3":"status-publish","4":"has-post-thumbnail","6":"product_cat-uncategorized","7":"desktop-align-left","8":"tablet-align-left","9":"mobile-align-left","11":"first","12":"instock","13":"shipping-taxable","14":"purchasable","15":"product-type-simple"},"_links":{"self":[{"href":"https:\/\/ecostera.com\/dk\/wp-json\/wp\/v2\/product\/5796","targetHints":{"allow":["GET"]}}],"collection":[{"href":"https:\/\/ecostera.com\/dk\/wp-json\/wp\/v2\/product"}],"about":[{"href":"https:\/\/ecostera.com\/dk\/wp-json\/wp\/v2\/types\/product"}],"replies":[{"embeddable":true,"href":"https:\/\/ecostera.com\/dk\/wp-json\/wp\/v2\/comments?post=5796"}],"wp:featuredmedia":[{"embeddable":true,"href":"https:\/\/ecostera.com\/dk\/wp-json\/wp\/v2\/media\/5792"}],"wp:attachment":[{"href":"https:\/\/ecostera.com\/dk\/wp-json\/wp\/v2\/media?parent=5796"}],"wp:term":[{"taxonomy":"product_brand","embeddable":true,"href":"https:\/\/ecostera.com\/dk\/wp-json\/wp\/v2\/product_brand?post=5796"},{"taxonomy":"product_cat","embeddable":true,"href":"https:\/\/ecostera.com\/dk\/wp-json\/wp\/v2\/product_cat?post=5796"},{"taxonomy":"product_tag","embeddable":true,"href":"https:\/\/ecostera.com\/dk\/wp-json\/wp\/v2\/product_tag?post=5796"}],"curies":[{"name":"wp","href":"https:\/\/api.w.org\/{rel}","templated":true}]}}