{"id":6109,"date":"2025-08-12T13:14:38","date_gmt":"2025-08-12T13:14:38","guid":{"rendered":"https:\/\/ecostera.com\/dk\/product\/stang-til-ophaengning-af-toej\/"},"modified":"2025-08-12T13:14:59","modified_gmt":"2025-08-12T13:14:59","slug":"stang-til-ophaengning-af-toej","status":"publish","type":"product","link":"https:\/\/ecostera.com\/dk\/product\/stang-til-ophaengning-af-toej\/","title":{"rendered":"Stang til oph\u00e6ngning af t\u00f8j"},"content":{"rendered":"<h2 style=\"text-align: center\">Justerbart Design For Fleksibilitet<\/h2>\n<p style=\"text-align: center\">T\u00f8jstangen har et justerbart teleskopisk design, s\u00e5 du nemt kan \u00e6ndre l\u00e6ngden, s\u00e5 den passer til dit rum. Uanset om du har brug for den til et lille vaskerum eller et st\u00f8rre skab, giver denne stang fleksibilitet til at im\u00f8dekomme forskellige oph\u00e6ngningsbehov.<\/p>\n<p><img decoding=\"async\" class=\"alignnone size-medium wp-image-2981 aligncenter\" src=\"https:\/\/keluvo.com\/template\/wp-content\/uploads\/sites\/5\/2024\/11\/41580dca-64c5-4bd8-82a0-0ec18dbc95c3.jpg\" alt=\"\" \/><\/p>\n<h2 style=\"text-align: center\">Installation Uden Boring<\/h2>\n<p style=\"text-align: center\">Denne b\u00f8jlestang er designet til nem installation uden behov for boring. Du skal blot forl\u00e6nge stangen, s\u00e5 den passer til dit rum, og den bliver sikkert p\u00e5 plads, hvilket sparer dig tid og kr\u00e6fter, samtidig med at du undg\u00e5r skader p\u00e5 dine v\u00e6gge.<\/p>\n<p><img decoding=\"async\" class=\"alignnone size-medium wp-image-2980 aligncenter\" src=\"https:\/\/keluvo.com\/template\/wp-content\/uploads\/sites\/5\/2024\/11\/190efa64-b83f-4b2d-b99f-2072744f7fcf-copy.webp\" alt=\"\" \/><\/p>\n","protected":false},"excerpt":{"rendered":"<p>Justerbart Design For Fleksibilitet T\u00f8jstangen har et justerbart teleskopisk design, s\u00e5 du nemt kan \u00e6ndre l\u00e6ngden, s\u00e5 den passer til [&hellip;]<\/p>\n","protected":false},"featured_media":6105,"comment_status":"open","ping_status":"closed","template":"","meta":{"site-sidebar-layout":"default","site-content-layout":"","ast-site-content-layout":"default","site-content-style":"default","site-sidebar-style":"default","ast-global-header-display":"","ast-banner-title-visibility":"","ast-main-header-display":"","ast-hfb-above-header-display":"","ast-hfb-below-header-display":"","ast-hfb-mobile-header-display":"","site-post-title":"","ast-breadcrumbs-content":"","ast-featured-img":"","footer-sml-layout":"","theme-transparent-header-meta":"default","adv-header-id-meta":"","stick-header-meta":"","header-above-stick-meta":"","header-main-stick-meta":"","header-below-stick-meta":"","astra-migrate-meta-layouts":"set","ast-page-background-enabled":"default","ast-page-background-meta":{"desktop":{"background-color":"var(--ast-global-color-5)","background-image":"","background-repeat":"repeat","background-position":"center center","background-size":"auto","background-attachment":"scroll","background-type":"","background-media":"","overlay-type":"","overlay-color":"","overlay-opacity":"","overlay-gradient":""},"tablet":{"background-color":"","background-image":"","background-repeat":"repeat","background-position":"center center","background-size":"auto","background-attachment":"scroll","background-type":"","background-media":"","overlay-type":"","overlay-color":"","overlay-opacity":"","overlay-gradient":""},"mobile":{"background-color":"","background-image":"","background-repeat":"repeat","background-position":"center center","background-size":"auto","background-attachment":"scroll","background-type":"","background-media":"","overlay-type":"","overlay-color":"","overlay-opacity":"","overlay-gradient":""}},"ast-content-background-meta":{"desktop":{"background-color":"var(--ast-global-color-4)","background-image":"","background-repeat":"repeat","background-position":"center center","background-size":"auto","background-attachment":"scroll","background-type":"","background-media":"","overlay-type":"","overlay-color":"","overlay-opacity":"","overlay-gradient":""},"tablet":{"background-color":"var(--ast-global-color-4)","background-image":"","background-repeat":"repeat","background-position":"center center","background-size":"auto","background-attachment":"scroll","background-type":"","background-media":"","overlay-type":"","overlay-color":"","overlay-opacity":"","overlay-gradient":""},"mobile":{"background-color":"var(--ast-global-color-4)","background-image":"","background-repeat":"repeat","background-position":"center center","background-size":"auto","background-attachment":"scroll","background-type":"","background-media":"","overlay-type":"","overlay-color":"","overlay-opacity":"","overlay-gradient":""}}},"product_brand":[],"product_cat":[19],"product_tag":[],"class_list":{"0":"post-6109","1":"product","2":"type-product","3":"status-publish","4":"has-post-thumbnail","6":"product_cat-uncategorized","7":"pa_15053_xedxhaki-80-95cm","8":"pa_15053_xedxhaki-115-130cm","9":"pa_15053_xedxhaki-150-165cm","10":"pa_15053_xedxhaki-185-200cm","11":"pa_15053_xedxhaki-220-235cm","12":"pa_15053_xedxhaki-255-270cm","13":"desktop-align-left","14":"tablet-align-left","15":"mobile-align-left","17":"first","18":"instock","19":"shipping-taxable","20":"purchasable","21":"product-type-variable"},"_links":{"self":[{"href":"https:\/\/ecostera.com\/dk\/wp-json\/wp\/v2\/product\/6109","targetHints":{"allow":["GET"]}}],"collection":[{"href":"https:\/\/ecostera.com\/dk\/wp-json\/wp\/v2\/product"}],"about":[{"href":"https:\/\/ecostera.com\/dk\/wp-json\/wp\/v2\/types\/product"}],"replies":[{"embeddable":true,"href":"https:\/\/ecostera.com\/dk\/wp-json\/wp\/v2\/comments?post=6109"}],"wp:featuredmedia":[{"embeddable":true,"href":"https:\/\/ecostera.com\/dk\/wp-json\/wp\/v2\/media\/6105"}],"wp:attachment":[{"href":"https:\/\/ecostera.com\/dk\/wp-json\/wp\/v2\/media?parent=6109"}],"wp:term":[{"taxonomy":"product_brand","embeddable":true,"href":"https:\/\/ecostera.com\/dk\/wp-json\/wp\/v2\/product_brand?post=6109"},{"taxonomy":"product_cat","embeddable":true,"href":"https:\/\/ecostera.com\/dk\/wp-json\/wp\/v2\/product_cat?post=6109"},{"taxonomy":"product_tag","embeddable":true,"href":"https:\/\/ecostera.com\/dk\/wp-json\/wp\/v2\/product_tag?post=6109"}],"curies":[{"name":"wp","href":"https:\/\/api.w.org\/{rel}","templated":true}]}}