{"id":6126,"date":"2025-08-12T13:15:32","date_gmt":"2025-08-12T13:15:32","guid":{"rendered":"https:\/\/ecostera.com\/dk\/product\/fidget-legetoej\/"},"modified":"2025-08-12T13:15:49","modified_gmt":"2025-08-12T13:15:49","slug":"fidget-legetoej","status":"publish","type":"product","link":"https:\/\/ecostera.com\/dk\/product\/fidget-legetoej\/","title":{"rendered":"Fidget-leget\u00f8j"},"content":{"rendered":"<p style=\"text-align: center\"><strong>F\u00f8ler Dit Barn Sig Stresset?<\/strong><\/p>\n<p style=\"text-align: center\">Tjek vores nye stressaflastningsspil!<\/p>\n<p><img fetchpriority=\"high\" decoding=\"async\" class=\" wp-image-24375 aligncenter\" src=\"https:\/\/keluvo.com\/template\/wp-content\/uploads\/sites\/5\/2024\/11\/STRGAME-GIF.gif\" alt=\"\" width=\"421\" height=\"421\" \/><\/p>\n<h2 style=\"text-align: center\">\u2728Hovedfordele<\/h2>\n<p>\ud83c\udf81 Fantastisk gave: Dette er en sjov julegave til b\u00f8rn.<\/p>\n<p>\ud83c\udfeb L\u00e6rerigt spil: Disse sanseboblespil holder b\u00f8rn besk\u00e6ftiget i timevis.<\/p>\n<p>\ud83e\uddf5 Holdbart materiale: Knapperne er lavet af bl\u00f8dt gummi med en glat tekstur.<\/p>\n<p><img decoding=\"async\" class=\"size-full wp-image-24376 aligncenter\" src=\"https:\/\/keluvo.com\/template\/wp-content\/uploads\/sites\/5\/2024\/11\/strgame2-desna-1.webp\" alt=\"\" \/><\/p>\n<h2 style=\"text-align: center\">\ud83d\udccfSpecifikationer<\/h2>\n<ul>\n<li>Materiale: ABS + silikone<\/li>\n<li>St\u00f8rrelse: 13 x 10,8 cm, 12,5 x 10 cm, 12 x 13 cm<\/li>\n<li>Anbefales til b\u00f8rn<\/li>\n<\/ul>\n<h2 style=\"text-align: center\">Pakken indeholder<\/h2>\n<ul>\n<li>1 x fidget-leget\u00f8j.<\/li>\n<\/ul>\n","protected":false},"excerpt":{"rendered":"<p>F\u00f8ler Dit Barn Sig Stresset? Tjek vores nye stressaflastningsspil! \u2728Hovedfordele \ud83c\udf81 Fantastisk gave: Dette er en sjov julegave til b\u00f8rn. [&hellip;]<\/p>\n","protected":false},"featured_media":6122,"comment_status":"open","ping_status":"closed","template":"","meta":{"site-sidebar-layout":"default","site-content-layout":"","ast-site-content-layout":"default","site-content-style":"default","site-sidebar-style":"default","ast-global-header-display":"","ast-banner-title-visibility":"","ast-main-header-display":"","ast-hfb-above-header-display":"","ast-hfb-below-header-display":"","ast-hfb-mobile-header-display":"","site-post-title":"","ast-breadcrumbs-content":"","ast-featured-img":"","footer-sml-layout":"","theme-transparent-header-meta":"default","adv-header-id-meta":"","stick-header-meta":"","header-above-stick-meta":"","header-main-stick-meta":"","header-below-stick-meta":"","astra-migrate-meta-layouts":"set","ast-page-background-enabled":"default","ast-page-background-meta":{"desktop":{"background-color":"var(--ast-global-color-5)","background-image":"","background-repeat":"repeat","background-position":"center center","background-size":"auto","background-attachment":"scroll","background-type":"","background-media":"","overlay-type":"","overlay-color":"","overlay-opacity":"","overlay-gradient":""},"tablet":{"background-color":"","background-image":"","background-repeat":"repeat","background-position":"center center","background-size":"auto","background-attachment":"scroll","background-type":"","background-media":"","overlay-type":"","overlay-color":"","overlay-opacity":"","overlay-gradient":""},"mobile":{"background-color":"","background-image":"","background-repeat":"repeat","background-position":"center center","background-size":"auto","background-attachment":"scroll","background-type":"","background-media":"","overlay-type":"","overlay-color":"","overlay-opacity":"","overlay-gradient":""}},"ast-content-background-meta":{"desktop":{"background-color":"var(--ast-global-color-4)","background-image":"","background-repeat":"repeat","background-position":"center center","background-size":"auto","background-attachment":"scroll","background-type":"","background-media":"","overlay-type":"","overlay-color":"","overlay-opacity":"","overlay-gradient":""},"tablet":{"background-color":"var(--ast-global-color-4)","background-image":"","background-repeat":"repeat","background-position":"center center","background-size":"auto","background-attachment":"scroll","background-type":"","background-media":"","overlay-type":"","overlay-color":"","overlay-opacity":"","overlay-gradient":""},"mobile":{"background-color":"var(--ast-global-color-4)","background-image":"","background-repeat":"repeat","background-position":"center center","background-size":"auto","background-attachment":"scroll","background-type":"","background-media":"","overlay-type":"","overlay-color":"","overlay-opacity":"","overlay-gradient":""}}},"product_brand":[],"product_cat":[19],"product_tag":[],"class_list":{"0":"post-6126","1":"product","2":"type-product","3":"status-publish","4":"has-post-thumbnail","6":"product_cat-uncategorized","7":"pa_15939_537z8af0-blaa","8":"pa_15939_537z8af0-brun","9":"desktop-align-left","10":"tablet-align-left","11":"mobile-align-left","13":"first","14":"instock","15":"shipping-taxable","16":"purchasable","17":"product-type-variable"},"_links":{"self":[{"href":"https:\/\/ecostera.com\/dk\/wp-json\/wp\/v2\/product\/6126","targetHints":{"allow":["GET"]}}],"collection":[{"href":"https:\/\/ecostera.com\/dk\/wp-json\/wp\/v2\/product"}],"about":[{"href":"https:\/\/ecostera.com\/dk\/wp-json\/wp\/v2\/types\/product"}],"replies":[{"embeddable":true,"href":"https:\/\/ecostera.com\/dk\/wp-json\/wp\/v2\/comments?post=6126"}],"wp:featuredmedia":[{"embeddable":true,"href":"https:\/\/ecostera.com\/dk\/wp-json\/wp\/v2\/media\/6122"}],"wp:attachment":[{"href":"https:\/\/ecostera.com\/dk\/wp-json\/wp\/v2\/media?parent=6126"}],"wp:term":[{"taxonomy":"product_brand","embeddable":true,"href":"https:\/\/ecostera.com\/dk\/wp-json\/wp\/v2\/product_brand?post=6126"},{"taxonomy":"product_cat","embeddable":true,"href":"https:\/\/ecostera.com\/dk\/wp-json\/wp\/v2\/product_cat?post=6126"},{"taxonomy":"product_tag","embeddable":true,"href":"https:\/\/ecostera.com\/dk\/wp-json\/wp\/v2\/product_tag?post=6126"}],"curies":[{"name":"wp","href":"https:\/\/api.w.org\/{rel}","templated":true}]}}