{"id":6164,"date":"2025-08-12T13:18:26","date_gmt":"2025-08-12T13:18:26","guid":{"rendered":"https:\/\/ecostera.com\/dk\/product\/handsker-med-led-lommelygte\/"},"modified":"2025-08-12T13:18:34","modified_gmt":"2025-08-12T13:18:34","slug":"handsker-med-led-lommelygte","status":"publish","type":"product","link":"https:\/\/ecostera.com\/dk\/product\/handsker-med-led-lommelygte\/","title":{"rendered":"Handsker med LED-lommelygte"},"content":{"rendered":"<h2 style=\"text-align: center\" data-start=\"0\" data-end=\"34\">H\u00e5ndfri belysningsl\u00f8sning<\/h2>\n<p style=\"text-align: center\" data-start=\"35\" data-end=\"266\">LED-lommelygtehandskerne giver st\u00e6rkt lys pr\u00e6cis, hvor du har brug for det. Du beh\u00f8ver ikke at holde en separat lommelygte &#8211; du skal bare bev\u00e6ge h\u00e6nderne for at rette str\u00e5len. Perfekt til arbejde i m\u00f8rke rum, fiskeri eller udend\u00f8rs aktiviteter om natten.<\/p>\n<p data-start=\"35\" data-end=\"266\"><img decoding=\"async\" class=\"alignnone size-medium wp-image-11758 aligncenter\" src=\"https:\/\/keluvo.com\/template\/wp-content\/uploads\/sites\/5\/2025\/02\/HTB1rRkFFx9YBuNjy0Ffq6xIsVXaG.jpeg\" alt=\"\" \/><\/p>\n<h2 style=\"text-align: center\" data-start=\"268\" data-end=\"304\">Justerbar og behagelig pasform<\/h2>\n<p style=\"text-align: center\" data-start=\"305\" data-end=\"549\">Lavet af bl\u00f8dt, elastisk materiale passer LED-lommelygtehandskerne komfortabelt p\u00e5 enhver h\u00e5nd. Den justerbare strop sikrer en sikker pasform, hvilket g\u00f8r dem nemme at have p\u00e5 i lange perioder. De er lette og fleksible og kommer ikke i vejen for dine opgaver.<\/p>\n<p data-start=\"305\" data-end=\"549\"><img decoding=\"async\" class=\"alignnone size-medium wp-image-11757 aligncenter\" src=\"https:\/\/keluvo.com\/template\/wp-content\/uploads\/sites\/5\/2025\/02\/HTB1QcZCFxSYBuNjSspjq6x73VXaZ.jpeg\" alt=\"\" \/><\/p>\n","protected":false},"excerpt":{"rendered":"<p>H\u00e5ndfri belysningsl\u00f8sning LED-lommelygtehandskerne giver st\u00e6rkt lys pr\u00e6cis, hvor du har brug for det. Du beh\u00f8ver ikke at holde en separat [&hellip;]<\/p>\n","protected":false},"featured_media":6160,"comment_status":"open","ping_status":"closed","template":"","meta":{"site-sidebar-layout":"default","site-content-layout":"","ast-site-content-layout":"default","site-content-style":"default","site-sidebar-style":"default","ast-global-header-display":"","ast-banner-title-visibility":"","ast-main-header-display":"","ast-hfb-above-header-display":"","ast-hfb-below-header-display":"","ast-hfb-mobile-header-display":"","site-post-title":"","ast-breadcrumbs-content":"","ast-featured-img":"","footer-sml-layout":"","theme-transparent-header-meta":"default","adv-header-id-meta":"","stick-header-meta":"","header-above-stick-meta":"","header-main-stick-meta":"","header-below-stick-meta":"","astra-migrate-meta-layouts":"set","ast-page-background-enabled":"default","ast-page-background-meta":{"desktop":{"background-color":"var(--ast-global-color-5)","background-image":"","background-repeat":"repeat","background-position":"center center","background-size":"auto","background-attachment":"scroll","background-type":"","background-media":"","overlay-type":"","overlay-color":"","overlay-opacity":"","overlay-gradient":""},"tablet":{"background-color":"","background-image":"","background-repeat":"repeat","background-position":"center center","background-size":"auto","background-attachment":"scroll","background-type":"","background-media":"","overlay-type":"","overlay-color":"","overlay-opacity":"","overlay-gradient":""},"mobile":{"background-color":"","background-image":"","background-repeat":"repeat","background-position":"center center","background-size":"auto","background-attachment":"scroll","background-type":"","background-media":"","overlay-type":"","overlay-color":"","overlay-opacity":"","overlay-gradient":""}},"ast-content-background-meta":{"desktop":{"background-color":"var(--ast-global-color-4)","background-image":"","background-repeat":"repeat","background-position":"center center","background-size":"auto","background-attachment":"scroll","background-type":"","background-media":"","overlay-type":"","overlay-color":"","overlay-opacity":"","overlay-gradient":""},"tablet":{"background-color":"var(--ast-global-color-4)","background-image":"","background-repeat":"repeat","background-position":"center center","background-size":"auto","background-attachment":"scroll","background-type":"","background-media":"","overlay-type":"","overlay-color":"","overlay-opacity":"","overlay-gradient":""},"mobile":{"background-color":"var(--ast-global-color-4)","background-image":"","background-repeat":"repeat","background-position":"center center","background-size":"auto","background-attachment":"scroll","background-type":"","background-media":"","overlay-type":"","overlay-color":"","overlay-opacity":"","overlay-gradient":""}}},"product_brand":[],"product_cat":[19],"product_tag":[],"class_list":{"0":"post-6164","1":"product","2":"type-product","3":"status-publish","4":"has-post-thumbnail","6":"product_cat-uncategorized","7":"pa_18481_t5hm84v0-par","8":"pa_18481_t5hm84v0-til-hoejre","9":"pa_18481_t5hm84v0-til-venstre","10":"desktop-align-left","11":"tablet-align-left","12":"mobile-align-left","14":"first","15":"instock","16":"shipping-taxable","17":"purchasable","18":"product-type-variable"},"_links":{"self":[{"href":"https:\/\/ecostera.com\/dk\/wp-json\/wp\/v2\/product\/6164","targetHints":{"allow":["GET"]}}],"collection":[{"href":"https:\/\/ecostera.com\/dk\/wp-json\/wp\/v2\/product"}],"about":[{"href":"https:\/\/ecostera.com\/dk\/wp-json\/wp\/v2\/types\/product"}],"replies":[{"embeddable":true,"href":"https:\/\/ecostera.com\/dk\/wp-json\/wp\/v2\/comments?post=6164"}],"wp:featuredmedia":[{"embeddable":true,"href":"https:\/\/ecostera.com\/dk\/wp-json\/wp\/v2\/media\/6160"}],"wp:attachment":[{"href":"https:\/\/ecostera.com\/dk\/wp-json\/wp\/v2\/media?parent=6164"}],"wp:term":[{"taxonomy":"product_brand","embeddable":true,"href":"https:\/\/ecostera.com\/dk\/wp-json\/wp\/v2\/product_brand?post=6164"},{"taxonomy":"product_cat","embeddable":true,"href":"https:\/\/ecostera.com\/dk\/wp-json\/wp\/v2\/product_cat?post=6164"},{"taxonomy":"product_tag","embeddable":true,"href":"https:\/\/ecostera.com\/dk\/wp-json\/wp\/v2\/product_tag?post=6164"}],"curies":[{"name":"wp","href":"https:\/\/api.w.org\/{rel}","templated":true}]}}