{"id":6175,"date":"2025-08-12T13:19:03","date_gmt":"2025-08-12T13:19:03","guid":{"rendered":"https:\/\/ecostera.com\/dk\/product\/boejler-til-toej\/"},"modified":"2025-08-12T13:19:17","modified_gmt":"2025-08-12T13:19:17","slug":"boejler-til-toej","status":"publish","type":"product","link":"https:\/\/ecostera.com\/dk\/product\/boejler-til-toej\/","title":{"rendered":"B\u00f8jler til t\u00f8j"},"content":{"rendered":"<h2 style=\"text-align: center\">Pladsbesparende Design<\/h2>\n<p style=\"text-align: center\">Buksestativet har et smart, pladsbesparende design, der giver dig mulighed for at organisere dine bukser p\u00e6nt. Den udtr\u00e6kkelige og sammenklappelige struktur hj\u00e6lper dig med at maksimere pladsen i skabet ved at holde dine bukser i et kompakt og p\u00e6nt arrangement.<\/p>\n<p><img decoding=\"async\" class=\"alignnone size-medium wp-image-3872 aligncenter\" src=\"https:\/\/keluvo.com\/template\/wp-content\/uploads\/sites\/5\/2024\/11\/Stainless-Steel-Retractable-Trouser-Rack-Folding-Multi-functional-Space-Saving-Pants-Hangers-Foldable-Closet-Organizer-Wardrobe.jpg_-1.png\" alt=\"\" \/><\/p>\n<h2 style=\"text-align: center\">Alsidige Oph\u00e6ngningsmuligheder<\/h2>\n<p style=\"text-align: center\">Med sit unikke 5-i-1-design tilbyder denne buksestang fleksible oph\u00e6ngningsmuligheder. Du kan v\u00e6lge at h\u00e6nge den vandret eller lodret afh\u00e6ngigt af din plads, s\u00e5 du nemt kan tilpasse, hvordan du organiserer dine bukser.<\/p>\n<p style=\"text-align: center\"><img decoding=\"async\" class=\"alignnone size-medium wp-image-3873\" src=\"https:\/\/keluvo.com\/template\/wp-content\/uploads\/sites\/5\/2024\/11\/Stainless-Steel-Retractable-Trouser-Rack-Folding-Multi-functional-Space-Saving-Pants-Hangers-Foldable-Closet-Organizer-Wardrobe.jpg_.png\" alt=\"\" \/><\/p>\n","protected":false},"excerpt":{"rendered":"<p>Pladsbesparende Design Buksestativet har et smart, pladsbesparende design, der giver dig mulighed for at organisere dine bukser p\u00e6nt. Den udtr\u00e6kkelige [&hellip;]<\/p>\n","protected":false},"featured_media":6171,"comment_status":"open","ping_status":"closed","template":"","meta":{"site-sidebar-layout":"default","site-content-layout":"","ast-site-content-layout":"default","site-content-style":"default","site-sidebar-style":"default","ast-global-header-display":"","ast-banner-title-visibility":"","ast-main-header-display":"","ast-hfb-above-header-display":"","ast-hfb-below-header-display":"","ast-hfb-mobile-header-display":"","site-post-title":"","ast-breadcrumbs-content":"","ast-featured-img":"","footer-sml-layout":"","theme-transparent-header-meta":"default","adv-header-id-meta":"","stick-header-meta":"","header-above-stick-meta":"","header-main-stick-meta":"","header-below-stick-meta":"","astra-migrate-meta-layouts":"set","ast-page-background-enabled":"default","ast-page-background-meta":{"desktop":{"background-color":"var(--ast-global-color-5)","background-image":"","background-repeat":"repeat","background-position":"center center","background-size":"auto","background-attachment":"scroll","background-type":"","background-media":"","overlay-type":"","overlay-color":"","overlay-opacity":"","overlay-gradient":""},"tablet":{"background-color":"","background-image":"","background-repeat":"repeat","background-position":"center center","background-size":"auto","background-attachment":"scroll","background-type":"","background-media":"","overlay-type":"","overlay-color":"","overlay-opacity":"","overlay-gradient":""},"mobile":{"background-color":"","background-image":"","background-repeat":"repeat","background-position":"center center","background-size":"auto","background-attachment":"scroll","background-type":"","background-media":"","overlay-type":"","overlay-color":"","overlay-opacity":"","overlay-gradient":""}},"ast-content-background-meta":{"desktop":{"background-color":"var(--ast-global-color-4)","background-image":"","background-repeat":"repeat","background-position":"center center","background-size":"auto","background-attachment":"scroll","background-type":"","background-media":"","overlay-type":"","overlay-color":"","overlay-opacity":"","overlay-gradient":""},"tablet":{"background-color":"var(--ast-global-color-4)","background-image":"","background-repeat":"repeat","background-position":"center center","background-size":"auto","background-attachment":"scroll","background-type":"","background-media":"","overlay-type":"","overlay-color":"","overlay-opacity":"","overlay-gradient":""},"mobile":{"background-color":"var(--ast-global-color-4)","background-image":"","background-repeat":"repeat","background-position":"center center","background-size":"auto","background-attachment":"scroll","background-type":"","background-media":"","overlay-type":"","overlay-color":"","overlay-opacity":"","overlay-gradient":""}}},"product_brand":[],"product_cat":[19],"product_tag":[],"class_list":{"0":"post-6175","1":"product","2":"type-product","3":"status-publish","4":"has-post-thumbnail","6":"product_cat-uncategorized","7":"pa_21448_uy9onf5x-blaa","8":"pa_21448_uy9onf5x-hvid","9":"pa_21448_uy9onf5x-lyseroed","10":"pa_21448_uy9onf5x-sort","11":"desktop-align-left","12":"tablet-align-left","13":"mobile-align-left","15":"first","16":"instock","17":"shipping-taxable","18":"purchasable","19":"product-type-variable"},"_links":{"self":[{"href":"https:\/\/ecostera.com\/dk\/wp-json\/wp\/v2\/product\/6175","targetHints":{"allow":["GET"]}}],"collection":[{"href":"https:\/\/ecostera.com\/dk\/wp-json\/wp\/v2\/product"}],"about":[{"href":"https:\/\/ecostera.com\/dk\/wp-json\/wp\/v2\/types\/product"}],"replies":[{"embeddable":true,"href":"https:\/\/ecostera.com\/dk\/wp-json\/wp\/v2\/comments?post=6175"}],"wp:featuredmedia":[{"embeddable":true,"href":"https:\/\/ecostera.com\/dk\/wp-json\/wp\/v2\/media\/6171"}],"wp:attachment":[{"href":"https:\/\/ecostera.com\/dk\/wp-json\/wp\/v2\/media?parent=6175"}],"wp:term":[{"taxonomy":"product_brand","embeddable":true,"href":"https:\/\/ecostera.com\/dk\/wp-json\/wp\/v2\/product_brand?post=6175"},{"taxonomy":"product_cat","embeddable":true,"href":"https:\/\/ecostera.com\/dk\/wp-json\/wp\/v2\/product_cat?post=6175"},{"taxonomy":"product_tag","embeddable":true,"href":"https:\/\/ecostera.com\/dk\/wp-json\/wp\/v2\/product_tag?post=6175"}],"curies":[{"name":"wp","href":"https:\/\/api.w.org\/{rel}","templated":true}]}}