{"id":6188,"date":"2025-08-12T13:19:30","date_gmt":"2025-08-12T13:19:30","guid":{"rendered":"https:\/\/ecostera.com\/dk\/product\/spiralformet-groentsagssnitter\/"},"modified":"2025-08-25T16:29:50","modified_gmt":"2025-08-25T13:29:50","slug":"spiralformet-groentsagssnitter","status":"publish","type":"product","link":"https:\/\/ecostera.com\/dk\/product\/spiralformet-groentsagssnitter\/","title":{"rendered":"Spiralformet gr\u00f8ntsagssnitter"},"content":{"rendered":"<h2 style=\"text-align: center\">Ubesv\u00e6ret Gr\u00f8ntsagsdekoration<\/h2>\n<p style=\"text-align: center\">Gr\u00f8nsagssnitteren g\u00f8r det nemt og hurtigt at lave smukke gr\u00f8ntsagsruller. Den er perfekt til agurker, guler\u00f8dder og zucchini og hj\u00e6lper dig med at lave i\u00f8jnefaldende retter til fester, bryllupper eller familiemiddage. Impon\u00e9r dine g\u00e6ster med dekorative og kreative madpr\u00e6sentationer.<\/p>\n<p><img decoding=\"async\" class=\"alignnone size-medium wp-image-4591 aligncenter\" src=\"https:\/\/keluvo.com\/template\/wp-content\/uploads\/sites\/5\/2024\/12\/Creative-Manual-Spiral-Slicers-Vegetable-Cutter-Spiral-Peeler-Fruits-Device-Cooking-Gadget-Kitchen-Roll-Flower-Decorative.jpg_.webp\" alt=\"\" \/><\/p>\n<h2 style=\"text-align: center\">Kompakt Og Enkelt Design<\/h2>\n<p style=\"text-align: center\">Gr\u00f8nsagssnitteren med spiral er let og b\u00e6rbar og passer nemt i enhver k\u00f8kkenskuffe eller -skab. Det kompakte design g\u00f8r den nem at opbevare og reng\u00f8re. Ideel til daglig madlavning eller s\u00e6rlige lejligheder, det er et praktisk v\u00e6rkt\u00f8j til ethvert k\u00f8kken.<\/p>\n<p><img decoding=\"async\" class=\"alignnone size-medium wp-image-4589 aligncenter\" src=\"https:\/\/keluvo.com\/template\/wp-content\/uploads\/sites\/5\/2024\/12\/Creative-Manual-Spiral-Slicers-Vegetable-Cutter-Spiral-Peeler-Fruits-Device-Cooking-Gadget-Kitchen-Roll-Flower-Decorative.jpg_-2.webp\" alt=\"\" \/><\/p>\n","protected":false},"excerpt":{"rendered":"<p>Ubesv\u00e6ret Gr\u00f8ntsagsdekoration Gr\u00f8nsagssnitteren g\u00f8r det nemt og hurtigt at lave smukke gr\u00f8ntsagsruller. Den er perfekt til agurker, guler\u00f8dder og zucchini [&hellip;]<\/p>\n","protected":false},"featured_media":6184,"comment_status":"open","ping_status":"closed","template":"","meta":{"site-sidebar-layout":"default","site-content-layout":"","ast-site-content-layout":"default","site-content-style":"default","site-sidebar-style":"default","ast-global-header-display":"","ast-banner-title-visibility":"","ast-main-header-display":"","ast-hfb-above-header-display":"","ast-hfb-below-header-display":"","ast-hfb-mobile-header-display":"","site-post-title":"","ast-breadcrumbs-content":"","ast-featured-img":"","footer-sml-layout":"","theme-transparent-header-meta":"default","adv-header-id-meta":"","stick-header-meta":"","header-above-stick-meta":"","header-main-stick-meta":"","header-below-stick-meta":"","astra-migrate-meta-layouts":"set","ast-page-background-enabled":"default","ast-page-background-meta":{"desktop":{"background-color":"var(--ast-global-color-5)","background-image":"","background-repeat":"repeat","background-position":"center center","background-size":"auto","background-attachment":"scroll","background-type":"","background-media":"","overlay-type":"","overlay-color":"","overlay-opacity":"","overlay-gradient":""},"tablet":{"background-color":"","background-image":"","background-repeat":"repeat","background-position":"center center","background-size":"auto","background-attachment":"scroll","background-type":"","background-media":"","overlay-type":"","overlay-color":"","overlay-opacity":"","overlay-gradient":""},"mobile":{"background-color":"","background-image":"","background-repeat":"repeat","background-position":"center center","background-size":"auto","background-attachment":"scroll","background-type":"","background-media":"","overlay-type":"","overlay-color":"","overlay-opacity":"","overlay-gradient":""}},"ast-content-background-meta":{"desktop":{"background-color":"var(--ast-global-color-4)","background-image":"","background-repeat":"repeat","background-position":"center center","background-size":"auto","background-attachment":"scroll","background-type":"","background-media":"","overlay-type":"","overlay-color":"","overlay-opacity":"","overlay-gradient":""},"tablet":{"background-color":"var(--ast-global-color-4)","background-image":"","background-repeat":"repeat","background-position":"center center","background-size":"auto","background-attachment":"scroll","background-type":"","background-media":"","overlay-type":"","overlay-color":"","overlay-opacity":"","overlay-gradient":""},"mobile":{"background-color":"var(--ast-global-color-4)","background-image":"","background-repeat":"repeat","background-position":"center center","background-size":"auto","background-attachment":"scroll","background-type":"","background-media":"","overlay-type":"","overlay-color":"","overlay-opacity":"","overlay-gradient":""}}},"product_brand":[],"product_cat":[19],"product_tag":[],"class_list":{"0":"post-6188","1":"product","2":"type-product","3":"status-publish","4":"has-post-thumbnail","6":"product_cat-uncategorized","7":"desktop-align-left","8":"tablet-align-left","9":"mobile-align-left","11":"first","12":"instock","13":"shipping-taxable","14":"purchasable","15":"product-type-simple"},"_links":{"self":[{"href":"https:\/\/ecostera.com\/dk\/wp-json\/wp\/v2\/product\/6188","targetHints":{"allow":["GET"]}}],"collection":[{"href":"https:\/\/ecostera.com\/dk\/wp-json\/wp\/v2\/product"}],"about":[{"href":"https:\/\/ecostera.com\/dk\/wp-json\/wp\/v2\/types\/product"}],"replies":[{"embeddable":true,"href":"https:\/\/ecostera.com\/dk\/wp-json\/wp\/v2\/comments?post=6188"}],"wp:featuredmedia":[{"embeddable":true,"href":"https:\/\/ecostera.com\/dk\/wp-json\/wp\/v2\/media\/6184"}],"wp:attachment":[{"href":"https:\/\/ecostera.com\/dk\/wp-json\/wp\/v2\/media?parent=6188"}],"wp:term":[{"taxonomy":"product_brand","embeddable":true,"href":"https:\/\/ecostera.com\/dk\/wp-json\/wp\/v2\/product_brand?post=6188"},{"taxonomy":"product_cat","embeddable":true,"href":"https:\/\/ecostera.com\/dk\/wp-json\/wp\/v2\/product_cat?post=6188"},{"taxonomy":"product_tag","embeddable":true,"href":"https:\/\/ecostera.com\/dk\/wp-json\/wp\/v2\/product_tag?post=6188"}],"curies":[{"name":"wp","href":"https:\/\/api.w.org\/{rel}","templated":true}]}}