{"id":6193,"date":"2025-08-12T13:19:52","date_gmt":"2025-08-12T13:19:52","guid":{"rendered":"https:\/\/ecostera.com\/dk\/product\/udtraekkelig-skralde-strop\/"},"modified":"2025-08-12T13:19:57","modified_gmt":"2025-08-12T13:19:57","slug":"udtraekkelig-skralde-strop","status":"publish","type":"product","link":"https:\/\/ecostera.com\/dk\/product\/udtraekkelig-skralde-strop\/","title":{"rendered":"Udtr\u00e6kkelig skralde-strop"},"content":{"rendered":"<h2 style=\"text-align: center\">St\u00e6rk Og Holdbar Strop<\/h2>\n<p style=\"text-align: center\">Den udtr\u00e6kkelige skralde-strop er lavet af materialer med industriel styrke, s\u00e5 du nemt kan fastg\u00f8re dit udstyr. Dens bredde p\u00e5 25 mm og l\u00e6ngde p\u00e5 1,6 m giver p\u00e5lidelig st\u00f8tte til sikker transport af genstande, selv p\u00e5 uj\u00e6vne veje.<\/p>\n<p><img decoding=\"async\" class=\"alignnone size-medium wp-image-4559 aligncenter\" src=\"https:\/\/keluvo.com\/template\/wp-content\/uploads\/sites\/5\/2024\/11\/Saf01ced5be0448dd8989c80963a6d098s.webp\" alt=\"\" \/><\/p>\n<h2 style=\"text-align: center\">Ridsefri Belagte Kroge<\/h2>\n<p style=\"text-align: center\">Udstyret med &#8220;S&#8221;-kroge belagt med plast sikrer den optr\u00e6kkelige skralderem, at dit k\u00f8ret\u00f8j og din last forbliver fri for ridser. Denne ekstra beskyttelse g\u00f8r den perfekt til sarte overflader.<\/p>\n<p><img decoding=\"async\" class=\"alignnone size-medium wp-image-4563 aligncenter\" src=\"https:\/\/keluvo.com\/template\/wp-content\/uploads\/sites\/5\/2024\/11\/S393e7bf311ce45eba6bf4a7acfcbbc1eo.webp\" alt=\"\" \/><\/p>\n","protected":false},"excerpt":{"rendered":"<p>St\u00e6rk Og Holdbar Strop Den udtr\u00e6kkelige skralde-strop er lavet af materialer med industriel styrke, s\u00e5 du nemt kan fastg\u00f8re dit [&hellip;]<\/p>\n","protected":false},"featured_media":6189,"comment_status":"open","ping_status":"closed","template":"","meta":{"site-sidebar-layout":"default","site-content-layout":"","ast-site-content-layout":"default","site-content-style":"default","site-sidebar-style":"default","ast-global-header-display":"","ast-banner-title-visibility":"","ast-main-header-display":"","ast-hfb-above-header-display":"","ast-hfb-below-header-display":"","ast-hfb-mobile-header-display":"","site-post-title":"","ast-breadcrumbs-content":"","ast-featured-img":"","footer-sml-layout":"","theme-transparent-header-meta":"default","adv-header-id-meta":"","stick-header-meta":"","header-above-stick-meta":"","header-main-stick-meta":"","header-below-stick-meta":"","astra-migrate-meta-layouts":"set","ast-page-background-enabled":"default","ast-page-background-meta":{"desktop":{"background-color":"var(--ast-global-color-5)","background-image":"","background-repeat":"repeat","background-position":"center center","background-size":"auto","background-attachment":"scroll","background-type":"","background-media":"","overlay-type":"","overlay-color":"","overlay-opacity":"","overlay-gradient":""},"tablet":{"background-color":"","background-image":"","background-repeat":"repeat","background-position":"center center","background-size":"auto","background-attachment":"scroll","background-type":"","background-media":"","overlay-type":"","overlay-color":"","overlay-opacity":"","overlay-gradient":""},"mobile":{"background-color":"","background-image":"","background-repeat":"repeat","background-position":"center center","background-size":"auto","background-attachment":"scroll","background-type":"","background-media":"","overlay-type":"","overlay-color":"","overlay-opacity":"","overlay-gradient":""}},"ast-content-background-meta":{"desktop":{"background-color":"var(--ast-global-color-4)","background-image":"","background-repeat":"repeat","background-position":"center center","background-size":"auto","background-attachment":"scroll","background-type":"","background-media":"","overlay-type":"","overlay-color":"","overlay-opacity":"","overlay-gradient":""},"tablet":{"background-color":"var(--ast-global-color-4)","background-image":"","background-repeat":"repeat","background-position":"center center","background-size":"auto","background-attachment":"scroll","background-type":"","background-media":"","overlay-type":"","overlay-color":"","overlay-opacity":"","overlay-gradient":""},"mobile":{"background-color":"var(--ast-global-color-4)","background-image":"","background-repeat":"repeat","background-position":"center center","background-size":"auto","background-attachment":"scroll","background-type":"","background-media":"","overlay-type":"","overlay-color":"","overlay-opacity":"","overlay-gradient":""}}},"product_brand":[],"product_cat":[19],"product_tag":[],"class_list":{"0":"post-6193","1":"product","2":"type-product","3":"status-publish","4":"has-post-thumbnail","6":"product_cat-uncategorized","7":"pa_30320_nmltxvyk-1-stk","8":"pa_30320_nmltxvyk-2-stk","9":"desktop-align-left","10":"tablet-align-left","11":"mobile-align-left","13":"first","14":"instock","15":"shipping-taxable","16":"purchasable","17":"product-type-variable"},"_links":{"self":[{"href":"https:\/\/ecostera.com\/dk\/wp-json\/wp\/v2\/product\/6193","targetHints":{"allow":["GET"]}}],"collection":[{"href":"https:\/\/ecostera.com\/dk\/wp-json\/wp\/v2\/product"}],"about":[{"href":"https:\/\/ecostera.com\/dk\/wp-json\/wp\/v2\/types\/product"}],"replies":[{"embeddable":true,"href":"https:\/\/ecostera.com\/dk\/wp-json\/wp\/v2\/comments?post=6193"}],"wp:featuredmedia":[{"embeddable":true,"href":"https:\/\/ecostera.com\/dk\/wp-json\/wp\/v2\/media\/6189"}],"wp:attachment":[{"href":"https:\/\/ecostera.com\/dk\/wp-json\/wp\/v2\/media?parent=6193"}],"wp:term":[{"taxonomy":"product_brand","embeddable":true,"href":"https:\/\/ecostera.com\/dk\/wp-json\/wp\/v2\/product_brand?post=6193"},{"taxonomy":"product_cat","embeddable":true,"href":"https:\/\/ecostera.com\/dk\/wp-json\/wp\/v2\/product_cat?post=6193"},{"taxonomy":"product_tag","embeddable":true,"href":"https:\/\/ecostera.com\/dk\/wp-json\/wp\/v2\/product_tag?post=6193"}],"curies":[{"name":"wp","href":"https:\/\/api.w.org\/{rel}","templated":true}]}}