{"id":6202,"date":"2025-08-12T13:20:23","date_gmt":"2025-08-12T13:20:23","guid":{"rendered":"https:\/\/ecostera.com\/dk\/product\/vendbar-plysdukke-som-legetoej\/"},"modified":"2025-08-25T16:28:58","modified_gmt":"2025-08-25T13:28:58","slug":"vendbar-plysdukke-som-legetoej","status":"publish","type":"product","link":"https:\/\/ecostera.com\/dk\/product\/vendbar-plysdukke-som-legetoej\/","title":{"rendered":"Vendbar plysdukke som leget\u00f8j"},"content":{"rendered":"<h2 style=\"text-align: center\">S\u00f8dt Og Unikt Design<\/h2>\n<p style=\"text-align: center\">Den vendbare plysdukke har et s\u00f8dt kanindesign, der forvandles til en gulerod eller et jordb\u00e6r med et enkelt flip. Dens sjove, legende design g\u00f8r den til en dejlig f\u00f8lgesvend for b\u00f8rn. Perfekt til leg eller som en charmerende dekoration.<\/p>\n<p><img decoding=\"async\" class=\"alignnone size-medium wp-image-4634 aligncenter\" src=\"https:\/\/keluvo.com\/template\/wp-content\/uploads\/sites\/5\/2024\/12\/Easter-Bunny-Plush-Reversible-Carrot-Strawberry-Bunny-Plush-Toy-Pillow-Bunny-With-Zipper-Birthday-Gift-For.jpg_-1.webp\" alt=\"\" \/><\/p>\n<h2 style=\"text-align: center\">Bl\u00f8dt Og Behageligt Materiale<\/h2>\n<p style=\"text-align: center\">Den vendbare plysdukke er fremstillet af plys og bomuld af h\u00f8j kvalitet og er utrolig bl\u00f8d og rar at r\u00f8re ved. Den giver komfort og varme, hvilket g\u00f8r den ideel til at putte med derhjemme, i bilen eller under overnatninger. B\u00f8rn vil elske, hvor nuttet den f\u00f8les.<\/p>\n<p><img decoding=\"async\" class=\"alignnone size-medium wp-image-4629 aligncenter\" src=\"https:\/\/keluvo.com\/template\/wp-content\/uploads\/sites\/5\/2024\/12\/Sf68c1da3b1e347ffb2648dad9c91d992G.webp\" alt=\"\" \/><\/p>\n","protected":false},"excerpt":{"rendered":"<p>S\u00f8dt Og Unikt Design Den vendbare plysdukke har et s\u00f8dt kanindesign, der forvandles til en gulerod eller et jordb\u00e6r med [&hellip;]<\/p>\n","protected":false},"featured_media":6198,"comment_status":"open","ping_status":"closed","template":"","meta":{"site-sidebar-layout":"default","site-content-layout":"","ast-site-content-layout":"default","site-content-style":"default","site-sidebar-style":"default","ast-global-header-display":"","ast-banner-title-visibility":"","ast-main-header-display":"","ast-hfb-above-header-display":"","ast-hfb-below-header-display":"","ast-hfb-mobile-header-display":"","site-post-title":"","ast-breadcrumbs-content":"","ast-featured-img":"","footer-sml-layout":"","theme-transparent-header-meta":"default","adv-header-id-meta":"","stick-header-meta":"","header-above-stick-meta":"","header-main-stick-meta":"","header-below-stick-meta":"","astra-migrate-meta-layouts":"set","ast-page-background-enabled":"default","ast-page-background-meta":{"desktop":{"background-color":"var(--ast-global-color-5)","background-image":"","background-repeat":"repeat","background-position":"center center","background-size":"auto","background-attachment":"scroll","background-type":"","background-media":"","overlay-type":"","overlay-color":"","overlay-opacity":"","overlay-gradient":""},"tablet":{"background-color":"","background-image":"","background-repeat":"repeat","background-position":"center center","background-size":"auto","background-attachment":"scroll","background-type":"","background-media":"","overlay-type":"","overlay-color":"","overlay-opacity":"","overlay-gradient":""},"mobile":{"background-color":"","background-image":"","background-repeat":"repeat","background-position":"center center","background-size":"auto","background-attachment":"scroll","background-type":"","background-media":"","overlay-type":"","overlay-color":"","overlay-opacity":"","overlay-gradient":""}},"ast-content-background-meta":{"desktop":{"background-color":"var(--ast-global-color-4)","background-image":"","background-repeat":"repeat","background-position":"center center","background-size":"auto","background-attachment":"scroll","background-type":"","background-media":"","overlay-type":"","overlay-color":"","overlay-opacity":"","overlay-gradient":""},"tablet":{"background-color":"var(--ast-global-color-4)","background-image":"","background-repeat":"repeat","background-position":"center center","background-size":"auto","background-attachment":"scroll","background-type":"","background-media":"","overlay-type":"","overlay-color":"","overlay-opacity":"","overlay-gradient":""},"mobile":{"background-color":"var(--ast-global-color-4)","background-image":"","background-repeat":"repeat","background-position":"center center","background-size":"auto","background-attachment":"scroll","background-type":"","background-media":"","overlay-type":"","overlay-color":"","overlay-opacity":"","overlay-gradient":""}}},"product_brand":[],"product_cat":[19],"product_tag":[],"class_list":{"0":"post-6202","1":"product","2":"type-product","3":"status-publish","4":"has-post-thumbnail","6":"product_cat-uncategorized","7":"pa_30619_p61tbi0w-gulerod","8":"pa_30619_p61tbi0w-jordbaer","9":"desktop-align-left","10":"tablet-align-left","11":"mobile-align-left","13":"first","14":"instock","15":"shipping-taxable","16":"purchasable","17":"product-type-variable"},"_links":{"self":[{"href":"https:\/\/ecostera.com\/dk\/wp-json\/wp\/v2\/product\/6202","targetHints":{"allow":["GET"]}}],"collection":[{"href":"https:\/\/ecostera.com\/dk\/wp-json\/wp\/v2\/product"}],"about":[{"href":"https:\/\/ecostera.com\/dk\/wp-json\/wp\/v2\/types\/product"}],"replies":[{"embeddable":true,"href":"https:\/\/ecostera.com\/dk\/wp-json\/wp\/v2\/comments?post=6202"}],"wp:featuredmedia":[{"embeddable":true,"href":"https:\/\/ecostera.com\/dk\/wp-json\/wp\/v2\/media\/6198"}],"wp:attachment":[{"href":"https:\/\/ecostera.com\/dk\/wp-json\/wp\/v2\/media?parent=6202"}],"wp:term":[{"taxonomy":"product_brand","embeddable":true,"href":"https:\/\/ecostera.com\/dk\/wp-json\/wp\/v2\/product_brand?post=6202"},{"taxonomy":"product_cat","embeddable":true,"href":"https:\/\/ecostera.com\/dk\/wp-json\/wp\/v2\/product_cat?post=6202"},{"taxonomy":"product_tag","embeddable":true,"href":"https:\/\/ecostera.com\/dk\/wp-json\/wp\/v2\/product_tag?post=6202"}],"curies":[{"name":"wp","href":"https:\/\/api.w.org\/{rel}","templated":true}]}}