{"id":6220,"date":"2025-08-12T13:21:27","date_gmt":"2025-08-12T13:21:27","guid":{"rendered":"https:\/\/ecostera.com\/dk\/product\/vaegmonteret-haartoerrerholder\/"},"modified":"2025-08-12T13:21:34","modified_gmt":"2025-08-12T13:21:34","slug":"vaegmonteret-haartoerrerholder","status":"publish","type":"product","link":"https:\/\/ecostera.com\/dk\/product\/vaegmonteret-haartoerrerholder\/","title":{"rendered":"V\u00e6gmonteret h\u00e5rt\u00f8rrerholder"},"content":{"rendered":"<h2 style=\"text-align: center\">Pladsbesparende Badev\u00e6relsesl\u00f8sning<\/h2>\n<p style=\"text-align: center\">Den v\u00e6gh\u00e6ngte h\u00e5rt\u00f8rrerholder hj\u00e6lper dig med at holde dit badev\u00e6relse p\u00e6nt og organiseret. Den er designet til at spare plads og kan nemt monteres p\u00e5 v\u00e6ggen, s\u00e5 h\u00e5rt\u00f8rreren er inden for r\u00e6kkevidde uden at fylde p\u00e5 bordpladen. Perfekt til hjemmet, kollegiet eller hotellet.<\/p>\n<p><img decoding=\"async\" class=\"alignnone size-medium wp-image-5009 aligncenter\" src=\"https:\/\/keluvo.com\/template\/wp-content\/uploads\/sites\/5\/2024\/12\/Sf20cb99f2ad44285bf74fff07e3a9dc9P.jpg_960x960q75.jpg_.jpeg\" alt=\"\" \/><\/p>\n<h2 style=\"text-align: center\">St\u00e6rkt Og Holdbart Design<\/h2>\n<p style=\"text-align: center\">Den v\u00e6gmonterede h\u00e5rt\u00f8rrerholder er fremstillet af ABS-materiale af h\u00f8j kvalitet og er b\u00e5de robust og let. Den leveres med et st\u00e6rkt, ikke-m\u00e6rkende klisterm\u00e6rke, der sikrer sikker fastg\u00f8relse til v\u00e6ggen uden skader. Nyd p\u00e5lidelig opbevaring af din h\u00e5rt\u00f8rrer.<\/p>\n<p><img decoding=\"async\" class=\"alignnone size-medium wp-image-5012 aligncenter\" src=\"https:\/\/keluvo.com\/template\/wp-content\/uploads\/sites\/5\/2024\/12\/S3130bfaa9d7b44149bea59182aba5e9eN.jpg_960x960q75.jpg_.jpeg\" alt=\"\" \/><\/p>\n","protected":false},"excerpt":{"rendered":"<p>Pladsbesparende Badev\u00e6relsesl\u00f8sning Den v\u00e6gh\u00e6ngte h\u00e5rt\u00f8rrerholder hj\u00e6lper dig med at holde dit badev\u00e6relse p\u00e6nt og organiseret. Den er designet til at [&hellip;]<\/p>\n","protected":false},"featured_media":6216,"comment_status":"open","ping_status":"closed","template":"","meta":{"site-sidebar-layout":"default","site-content-layout":"","ast-site-content-layout":"default","site-content-style":"default","site-sidebar-style":"default","ast-global-header-display":"","ast-banner-title-visibility":"","ast-main-header-display":"","ast-hfb-above-header-display":"","ast-hfb-below-header-display":"","ast-hfb-mobile-header-display":"","site-post-title":"","ast-breadcrumbs-content":"","ast-featured-img":"","footer-sml-layout":"","theme-transparent-header-meta":"default","adv-header-id-meta":"","stick-header-meta":"","header-above-stick-meta":"","header-main-stick-meta":"","header-below-stick-meta":"","astra-migrate-meta-layouts":"set","ast-page-background-enabled":"default","ast-page-background-meta":{"desktop":{"background-color":"var(--ast-global-color-5)","background-image":"","background-repeat":"repeat","background-position":"center center","background-size":"auto","background-attachment":"scroll","background-type":"","background-media":"","overlay-type":"","overlay-color":"","overlay-opacity":"","overlay-gradient":""},"tablet":{"background-color":"","background-image":"","background-repeat":"repeat","background-position":"center center","background-size":"auto","background-attachment":"scroll","background-type":"","background-media":"","overlay-type":"","overlay-color":"","overlay-opacity":"","overlay-gradient":""},"mobile":{"background-color":"","background-image":"","background-repeat":"repeat","background-position":"center center","background-size":"auto","background-attachment":"scroll","background-type":"","background-media":"","overlay-type":"","overlay-color":"","overlay-opacity":"","overlay-gradient":""}},"ast-content-background-meta":{"desktop":{"background-color":"var(--ast-global-color-4)","background-image":"","background-repeat":"repeat","background-position":"center center","background-size":"auto","background-attachment":"scroll","background-type":"","background-media":"","overlay-type":"","overlay-color":"","overlay-opacity":"","overlay-gradient":""},"tablet":{"background-color":"var(--ast-global-color-4)","background-image":"","background-repeat":"repeat","background-position":"center center","background-size":"auto","background-attachment":"scroll","background-type":"","background-media":"","overlay-type":"","overlay-color":"","overlay-opacity":"","overlay-gradient":""},"mobile":{"background-color":"var(--ast-global-color-4)","background-image":"","background-repeat":"repeat","background-position":"center center","background-size":"auto","background-attachment":"scroll","background-type":"","background-media":"","overlay-type":"","overlay-color":"","overlay-opacity":"","overlay-gradient":""}}},"product_brand":[],"product_cat":[19],"product_tag":[],"class_list":{"0":"post-6220","1":"product","2":"type-product","3":"status-publish","4":"has-post-thumbnail","6":"product_cat-uncategorized","7":"pa_44768_cvcvtxwf-blaa","8":"pa_44768_cvcvtxwf-hvid","9":"pa_44768_cvcvtxwf-lyseroed","10":"desktop-align-left","11":"tablet-align-left","12":"mobile-align-left","14":"first","15":"instock","16":"shipping-taxable","17":"purchasable","18":"product-type-variable"},"_links":{"self":[{"href":"https:\/\/ecostera.com\/dk\/wp-json\/wp\/v2\/product\/6220","targetHints":{"allow":["GET"]}}],"collection":[{"href":"https:\/\/ecostera.com\/dk\/wp-json\/wp\/v2\/product"}],"about":[{"href":"https:\/\/ecostera.com\/dk\/wp-json\/wp\/v2\/types\/product"}],"replies":[{"embeddable":true,"href":"https:\/\/ecostera.com\/dk\/wp-json\/wp\/v2\/comments?post=6220"}],"wp:featuredmedia":[{"embeddable":true,"href":"https:\/\/ecostera.com\/dk\/wp-json\/wp\/v2\/media\/6216"}],"wp:attachment":[{"href":"https:\/\/ecostera.com\/dk\/wp-json\/wp\/v2\/media?parent=6220"}],"wp:term":[{"taxonomy":"product_brand","embeddable":true,"href":"https:\/\/ecostera.com\/dk\/wp-json\/wp\/v2\/product_brand?post=6220"},{"taxonomy":"product_cat","embeddable":true,"href":"https:\/\/ecostera.com\/dk\/wp-json\/wp\/v2\/product_cat?post=6220"},{"taxonomy":"product_tag","embeddable":true,"href":"https:\/\/ecostera.com\/dk\/wp-json\/wp\/v2\/product_tag?post=6220"}],"curies":[{"name":"wp","href":"https:\/\/api.w.org\/{rel}","templated":true}]}}