{"id":6341,"date":"2025-08-14T12:02:08","date_gmt":"2025-08-14T12:02:08","guid":{"rendered":"https:\/\/ecostera.com\/dk\/product\/halskaede-med-kat-i-soelv\/"},"modified":"2025-12-08T12:03:51","modified_gmt":"2025-12-08T10:03:51","slug":"halskaede-med-kat-i-soelv","status":"publish","type":"product","link":"https:\/\/ecostera.com\/dk\/product\/halskaede-med-kat-i-soelv\/","title":{"rendered":"Halsk\u00e6de med kat i s\u00f8lv"},"content":{"rendered":"<h2 style=\"text-align: center\">Elegant Katteinspireret Design<\/h2>\n<p style=\"text-align: center\">S\u00f8lvkattehalsk\u00e6den har en delikat kat, der sidder p\u00e5 en halvm\u00e5ne og symboliserer ynde og sk\u00f8nhed. Dette tidl\u00f8se design tilf\u00f8jer et charmerende touch til dit outfit og g\u00f8r det til et perfekt tilbeh\u00f8r til b\u00e5de afslappede og formelle lejligheder.<\/p>\n<p><img decoding=\"async\" class=\"alignnone size-medium wp-image-5737 aligncenter\" src=\"https:\/\/keluvo.com\/template\/wp-content\/uploads\/sites\/5\/2024\/12\/HTB1CIG_aiMnBKNjSZFoq6zOSFXaN.jpg_960x960q75.jpg_.jpeg\" alt=\"\" \/><\/p>\n<h2 style=\"text-align: center\">F\u00f8rsteklasses Sterlings\u00f8lvmateriale<\/h2>\n<p style=\"text-align: center\">S\u00f8lvkattehalsk\u00e6den er fremstillet af 925 sterlings\u00f8lv og sikrer holdbarhed og langvarig glans. Det allergivenlige materiale er sk\u00e5nsomt mod f\u00f8lsom hud, s\u00e5 du kan b\u00e6re den komfortabelt hele dagen.<\/p>\n<p><img decoding=\"async\" class=\"alignnone size-medium wp-image-5735 aligncenter\" src=\"https:\/\/keluvo.com\/template\/wp-content\/uploads\/sites\/5\/2024\/12\/db6ca708-7f62-421c-93a3-ff69e8268eee.webp\" \/><\/p>\n","protected":false},"excerpt":{"rendered":"<p>Elegant Katteinspireret Design S\u00f8lvkattehalsk\u00e6den har en delikat kat, der sidder p\u00e5 en halvm\u00e5ne og symboliserer ynde og sk\u00f8nhed. Dette tidl\u00f8se [&hellip;]<\/p>\n","protected":false},"featured_media":6337,"comment_status":"open","ping_status":"closed","template":"","meta":{"site-sidebar-layout":"default","site-content-layout":"","ast-site-content-layout":"default","site-content-style":"default","site-sidebar-style":"default","ast-global-header-display":"","ast-banner-title-visibility":"","ast-main-header-display":"","ast-hfb-above-header-display":"","ast-hfb-below-header-display":"","ast-hfb-mobile-header-display":"","site-post-title":"","ast-breadcrumbs-content":"","ast-featured-img":"","footer-sml-layout":"","theme-transparent-header-meta":"default","adv-header-id-meta":"","stick-header-meta":"","header-above-stick-meta":"","header-main-stick-meta":"","header-below-stick-meta":"","astra-migrate-meta-layouts":"set","ast-page-background-enabled":"default","ast-page-background-meta":{"desktop":{"background-color":"var(--ast-global-color-5)","background-image":"","background-repeat":"repeat","background-position":"center center","background-size":"auto","background-attachment":"scroll","background-type":"","background-media":"","overlay-type":"","overlay-color":"","overlay-opacity":"","overlay-gradient":""},"tablet":{"background-color":"","background-image":"","background-repeat":"repeat","background-position":"center center","background-size":"auto","background-attachment":"scroll","background-type":"","background-media":"","overlay-type":"","overlay-color":"","overlay-opacity":"","overlay-gradient":""},"mobile":{"background-color":"","background-image":"","background-repeat":"repeat","background-position":"center center","background-size":"auto","background-attachment":"scroll","background-type":"","background-media":"","overlay-type":"","overlay-color":"","overlay-opacity":"","overlay-gradient":""}},"ast-content-background-meta":{"desktop":{"background-color":"var(--ast-global-color-4)","background-image":"","background-repeat":"repeat","background-position":"center center","background-size":"auto","background-attachment":"scroll","background-type":"","background-media":"","overlay-type":"","overlay-color":"","overlay-opacity":"","overlay-gradient":""},"tablet":{"background-color":"var(--ast-global-color-4)","background-image":"","background-repeat":"repeat","background-position":"center center","background-size":"auto","background-attachment":"scroll","background-type":"","background-media":"","overlay-type":"","overlay-color":"","overlay-opacity":"","overlay-gradient":""},"mobile":{"background-color":"var(--ast-global-color-4)","background-image":"","background-repeat":"repeat","background-position":"center center","background-size":"auto","background-attachment":"scroll","background-type":"","background-media":"","overlay-type":"","overlay-color":"","overlay-opacity":"","overlay-gradient":""}}},"product_brand":[],"product_cat":[19],"product_tag":[],"class_list":{"0":"post-6341","1":"product","2":"type-product","3":"status-publish","4":"has-post-thumbnail","6":"product_cat-uncategorized","7":"pa_15585_g7nq82vf-gylden","8":"pa_15585_g7nq82vf-soelv","9":"desktop-align-left","10":"tablet-align-left","11":"mobile-align-left","13":"first","14":"instock","15":"shipping-taxable","16":"purchasable","17":"product-type-variable"},"_links":{"self":[{"href":"https:\/\/ecostera.com\/dk\/wp-json\/wp\/v2\/product\/6341","targetHints":{"allow":["GET"]}}],"collection":[{"href":"https:\/\/ecostera.com\/dk\/wp-json\/wp\/v2\/product"}],"about":[{"href":"https:\/\/ecostera.com\/dk\/wp-json\/wp\/v2\/types\/product"}],"replies":[{"embeddable":true,"href":"https:\/\/ecostera.com\/dk\/wp-json\/wp\/v2\/comments?post=6341"}],"wp:featuredmedia":[{"embeddable":true,"href":"https:\/\/ecostera.com\/dk\/wp-json\/wp\/v2\/media\/6337"}],"wp:attachment":[{"href":"https:\/\/ecostera.com\/dk\/wp-json\/wp\/v2\/media?parent=6341"}],"wp:term":[{"taxonomy":"product_brand","embeddable":true,"href":"https:\/\/ecostera.com\/dk\/wp-json\/wp\/v2\/product_brand?post=6341"},{"taxonomy":"product_cat","embeddable":true,"href":"https:\/\/ecostera.com\/dk\/wp-json\/wp\/v2\/product_cat?post=6341"},{"taxonomy":"product_tag","embeddable":true,"href":"https:\/\/ecostera.com\/dk\/wp-json\/wp\/v2\/product_tag?post=6341"}],"curies":[{"name":"wp","href":"https:\/\/api.w.org\/{rel}","templated":true}]}}