{"id":6350,"date":"2025-08-14T12:02:36","date_gmt":"2025-08-14T12:02:36","guid":{"rendered":"https:\/\/ecostera.com\/dk\/product\/halskaede-med-traekors\/"},"modified":"2025-08-14T12:02:42","modified_gmt":"2025-08-14T12:02:42","slug":"halskaede-med-traekors","status":"publish","type":"product","link":"https:\/\/ecostera.com\/dk\/product\/halskaede-med-traekors\/","title":{"rendered":"Halsk\u00e6de med tr\u00e6kors"},"content":{"rendered":"<h2 style=\"text-align: center\">Holdbart Og Behageligt Design<\/h2>\n<p style=\"text-align: center\">Halsk\u00e6den med tr\u00e6kors er fremstillet af sandeltr\u00e6 af h\u00f8j kvalitet, der er kendt for sin styrke og glatte struktur. Den har en justerbar bomuldssnor, der sikrer en behagelig pasform for enhver b\u00e6rer. Korset er h\u00e5ndsk\u00e5ret og gnedet med olie for at forbedre dets glathed, hvilket giver b\u00e5de holdbarhed og komfort.<\/p>\n<p><img decoding=\"async\" class=\"alignnone size-medium wp-image-5535 aligncenter\" src=\"https:\/\/keluvo.com\/template\/wp-content\/uploads\/sites\/5\/2024\/12\/S50932a6b9c29437f8dc71c8b61d1dbc6v.jpg_960x960q75.jpg_.jpeg\" alt=\"\" \/><\/p>\n<h2 style=\"text-align: center\">H\u00e5ndlavet Excellence<\/h2>\n<p style=\"text-align: center\">Dette korsvedh\u00e6ng er et sandt bevis p\u00e5 fremragende h\u00e5ndv\u00e6rk. Det er h\u00e5ndlavet med pr\u00e6cision, og hver detalje er omhyggeligt designet til at indfange essensen af traditionelt kunsth\u00e5ndv\u00e6rk. Tr\u00e6korshalsk\u00e6den skiller sig ud som et symbol p\u00e5 hengivenhed, hvilket g\u00f8r den til et meningsfuldt og smukt smykke.<\/p>\n<p><img decoding=\"async\" class=\"alignnone size-medium wp-image-5533 aligncenter\" src=\"https:\/\/keluvo.com\/template\/wp-content\/uploads\/sites\/5\/2024\/12\/Sc84edb73a7774b928661375f766a9018C.jpg_960x960q75.jpg_.jpeg\" alt=\"\" \/><\/p>\n","protected":false},"excerpt":{"rendered":"<p>Holdbart Og Behageligt Design Halsk\u00e6den med tr\u00e6kors er fremstillet af sandeltr\u00e6 af h\u00f8j kvalitet, der er kendt for sin styrke [&hellip;]<\/p>\n","protected":false},"featured_media":6346,"comment_status":"open","ping_status":"closed","template":"","meta":{"site-sidebar-layout":"default","site-content-layout":"","ast-site-content-layout":"default","site-content-style":"default","site-sidebar-style":"default","ast-global-header-display":"","ast-banner-title-visibility":"","ast-main-header-display":"","ast-hfb-above-header-display":"","ast-hfb-below-header-display":"","ast-hfb-mobile-header-display":"","site-post-title":"","ast-breadcrumbs-content":"","ast-featured-img":"","footer-sml-layout":"","theme-transparent-header-meta":"default","adv-header-id-meta":"","stick-header-meta":"","header-above-stick-meta":"","header-main-stick-meta":"","header-below-stick-meta":"","astra-migrate-meta-layouts":"set","ast-page-background-enabled":"default","ast-page-background-meta":{"desktop":{"background-color":"var(--ast-global-color-5)","background-image":"","background-repeat":"repeat","background-position":"center center","background-size":"auto","background-attachment":"scroll","background-type":"","background-media":"","overlay-type":"","overlay-color":"","overlay-opacity":"","overlay-gradient":""},"tablet":{"background-color":"","background-image":"","background-repeat":"repeat","background-position":"center center","background-size":"auto","background-attachment":"scroll","background-type":"","background-media":"","overlay-type":"","overlay-color":"","overlay-opacity":"","overlay-gradient":""},"mobile":{"background-color":"","background-image":"","background-repeat":"repeat","background-position":"center center","background-size":"auto","background-attachment":"scroll","background-type":"","background-media":"","overlay-type":"","overlay-color":"","overlay-opacity":"","overlay-gradient":""}},"ast-content-background-meta":{"desktop":{"background-color":"var(--ast-global-color-4)","background-image":"","background-repeat":"repeat","background-position":"center center","background-size":"auto","background-attachment":"scroll","background-type":"","background-media":"","overlay-type":"","overlay-color":"","overlay-opacity":"","overlay-gradient":""},"tablet":{"background-color":"var(--ast-global-color-4)","background-image":"","background-repeat":"repeat","background-position":"center center","background-size":"auto","background-attachment":"scroll","background-type":"","background-media":"","overlay-type":"","overlay-color":"","overlay-opacity":"","overlay-gradient":""},"mobile":{"background-color":"var(--ast-global-color-4)","background-image":"","background-repeat":"repeat","background-position":"center center","background-size":"auto","background-attachment":"scroll","background-type":"","background-media":"","overlay-type":"","overlay-color":"","overlay-opacity":"","overlay-gradient":""}}},"product_brand":[],"product_cat":[19],"product_tag":[],"class_list":{"0":"post-6350","1":"product","2":"type-product","3":"status-publish","4":"has-post-thumbnail","6":"product_cat-uncategorized","7":"pa_21425_pzwrm943-brun","8":"pa_21425_pzwrm943-sort","9":"desktop-align-left","10":"tablet-align-left","11":"mobile-align-left","13":"first","14":"instock","15":"shipping-taxable","16":"purchasable","17":"product-type-variable"},"_links":{"self":[{"href":"https:\/\/ecostera.com\/dk\/wp-json\/wp\/v2\/product\/6350","targetHints":{"allow":["GET"]}}],"collection":[{"href":"https:\/\/ecostera.com\/dk\/wp-json\/wp\/v2\/product"}],"about":[{"href":"https:\/\/ecostera.com\/dk\/wp-json\/wp\/v2\/types\/product"}],"replies":[{"embeddable":true,"href":"https:\/\/ecostera.com\/dk\/wp-json\/wp\/v2\/comments?post=6350"}],"wp:featuredmedia":[{"embeddable":true,"href":"https:\/\/ecostera.com\/dk\/wp-json\/wp\/v2\/media\/6346"}],"wp:attachment":[{"href":"https:\/\/ecostera.com\/dk\/wp-json\/wp\/v2\/media?parent=6350"}],"wp:term":[{"taxonomy":"product_brand","embeddable":true,"href":"https:\/\/ecostera.com\/dk\/wp-json\/wp\/v2\/product_brand?post=6350"},{"taxonomy":"product_cat","embeddable":true,"href":"https:\/\/ecostera.com\/dk\/wp-json\/wp\/v2\/product_cat?post=6350"},{"taxonomy":"product_tag","embeddable":true,"href":"https:\/\/ecostera.com\/dk\/wp-json\/wp\/v2\/product_tag?post=6350"}],"curies":[{"name":"wp","href":"https:\/\/api.w.org\/{rel}","templated":true}]}}