{"id":6372,"date":"2025-08-14T12:04:12","date_gmt":"2025-08-14T12:04:12","guid":{"rendered":"https:\/\/ecostera.com\/dk\/product\/stoettepude-til-bilen\/"},"modified":"2025-08-14T12:04:36","modified_gmt":"2025-08-14T12:04:36","slug":"stoettepude-til-bilen","status":"publish","type":"product","link":"https:\/\/ecostera.com\/dk\/product\/stoettepude-til-bilen\/","title":{"rendered":"St\u00f8ttepude til bilen"},"content":{"rendered":"<h2 style=\"text-align: center\" data-start=\"0\" data-end=\"35\">Ergonomisk St\u00f8tte For Komfort<\/h2>\n<p style=\"text-align: center\" data-start=\"36\" data-end=\"319\">Bilst\u00f8ttepuden er designet med en 3D-st\u00f8tteform for at give bedre st\u00f8tte til hoved, nakke og l\u00e6nd. Den hj\u00e6lper med at reducere trykket p\u00e5 rygs\u00f8jlen og g\u00f8r lange k\u00f8reture mere behagelige. Det konturerede design udfylder hullerne mellem din krop og s\u00e6det, s\u00e5 du f\u00e5r en bedre holdning.<\/p>\n<p data-start=\"36\" data-end=\"319\"><img decoding=\"async\" class=\"alignnone size-medium wp-image-11833 aligncenter\" src=\"https:\/\/keluvo.com\/template\/wp-content\/uploads\/sites\/5\/2025\/02\/S6815d1b704814dab9eaaf91ee02b2c3cC.jpg_960x960q75.jpg_.jpeg\" alt=\"\" \/><\/p>\n<h2 style=\"text-align: center\" data-start=\"321\" data-end=\"356\">Bl\u00f8de Og \u00c5ndbare Materialer<\/h2>\n<p style=\"text-align: center\" data-start=\"357\" data-end=\"623\">Bilst\u00f8ttepuden er fremstillet af hukommelsesskum af h\u00f8j kvalitet og tilpasser sig din form, s\u00e5 du f\u00e5r maksimal komfort. Det ydre betr\u00e6k er lavet af bl\u00f8dt, hudvenligt stof, der giver en glat og blid fornemmelse. Den forbliver behagelig p\u00e5 alle \u00e5rstider, hvilket g\u00f8r den perfekt til hverdagsbrug.<\/p>\n<p data-start=\"357\" data-end=\"623\"><img decoding=\"async\" class=\"alignnone size-medium wp-image-11834 aligncenter\" src=\"https:\/\/keluvo.com\/template\/wp-content\/uploads\/sites\/5\/2025\/02\/S32267f3ec6624c71935a33ca333d140eY.jpg_960x960q75.jpg_.jpeg\" alt=\"\" \/><\/p>\n","protected":false},"excerpt":{"rendered":"<p>Ergonomisk St\u00f8tte For Komfort Bilst\u00f8ttepuden er designet med en 3D-st\u00f8tteform for at give bedre st\u00f8tte til hoved, nakke og l\u00e6nd. [&hellip;]<\/p>\n","protected":false},"featured_media":6368,"comment_status":"open","ping_status":"closed","template":"","meta":{"site-sidebar-layout":"default","site-content-layout":"","ast-site-content-layout":"default","site-content-style":"default","site-sidebar-style":"default","ast-global-header-display":"","ast-banner-title-visibility":"","ast-main-header-display":"","ast-hfb-above-header-display":"","ast-hfb-below-header-display":"","ast-hfb-mobile-header-display":"","site-post-title":"","ast-breadcrumbs-content":"","ast-featured-img":"","footer-sml-layout":"","theme-transparent-header-meta":"default","adv-header-id-meta":"","stick-header-meta":"","header-above-stick-meta":"","header-main-stick-meta":"","header-below-stick-meta":"","astra-migrate-meta-layouts":"set","ast-page-background-enabled":"default","ast-page-background-meta":{"desktop":{"background-color":"var(--ast-global-color-5)","background-image":"","background-repeat":"repeat","background-position":"center center","background-size":"auto","background-attachment":"scroll","background-type":"","background-media":"","overlay-type":"","overlay-color":"","overlay-opacity":"","overlay-gradient":""},"tablet":{"background-color":"","background-image":"","background-repeat":"repeat","background-position":"center center","background-size":"auto","background-attachment":"scroll","background-type":"","background-media":"","overlay-type":"","overlay-color":"","overlay-opacity":"","overlay-gradient":""},"mobile":{"background-color":"","background-image":"","background-repeat":"repeat","background-position":"center center","background-size":"auto","background-attachment":"scroll","background-type":"","background-media":"","overlay-type":"","overlay-color":"","overlay-opacity":"","overlay-gradient":""}},"ast-content-background-meta":{"desktop":{"background-color":"var(--ast-global-color-4)","background-image":"","background-repeat":"repeat","background-position":"center center","background-size":"auto","background-attachment":"scroll","background-type":"","background-media":"","overlay-type":"","overlay-color":"","overlay-opacity":"","overlay-gradient":""},"tablet":{"background-color":"var(--ast-global-color-4)","background-image":"","background-repeat":"repeat","background-position":"center center","background-size":"auto","background-attachment":"scroll","background-type":"","background-media":"","overlay-type":"","overlay-color":"","overlay-opacity":"","overlay-gradient":""},"mobile":{"background-color":"var(--ast-global-color-4)","background-image":"","background-repeat":"repeat","background-position":"center center","background-size":"auto","background-attachment":"scroll","background-type":"","background-media":"","overlay-type":"","overlay-color":"","overlay-opacity":"","overlay-gradient":""}}},"product_brand":[],"product_cat":[19],"product_tag":[],"class_list":{"0":"post-6372","1":"product","2":"type-product","3":"status-publish","4":"has-post-thumbnail","6":"product_cat-uncategorized","7":"pa_21892_9tjmlq79-blaa","8":"pa_21892_9tjmlq79-brun","9":"pa_21892_9tjmlq79-graa","10":"pa_21892_9tjmlq79-lyseroed","11":"pa_21892_9tjmlq79-orange","12":"pa_21892_9tjmlq79-sort","13":"desktop-align-left","14":"tablet-align-left","15":"mobile-align-left","17":"first","18":"instock","19":"shipping-taxable","20":"purchasable","21":"product-type-variable"},"_links":{"self":[{"href":"https:\/\/ecostera.com\/dk\/wp-json\/wp\/v2\/product\/6372","targetHints":{"allow":["GET"]}}],"collection":[{"href":"https:\/\/ecostera.com\/dk\/wp-json\/wp\/v2\/product"}],"about":[{"href":"https:\/\/ecostera.com\/dk\/wp-json\/wp\/v2\/types\/product"}],"replies":[{"embeddable":true,"href":"https:\/\/ecostera.com\/dk\/wp-json\/wp\/v2\/comments?post=6372"}],"wp:featuredmedia":[{"embeddable":true,"href":"https:\/\/ecostera.com\/dk\/wp-json\/wp\/v2\/media\/6368"}],"wp:attachment":[{"href":"https:\/\/ecostera.com\/dk\/wp-json\/wp\/v2\/media?parent=6372"}],"wp:term":[{"taxonomy":"product_brand","embeddable":true,"href":"https:\/\/ecostera.com\/dk\/wp-json\/wp\/v2\/product_brand?post=6372"},{"taxonomy":"product_cat","embeddable":true,"href":"https:\/\/ecostera.com\/dk\/wp-json\/wp\/v2\/product_cat?post=6372"},{"taxonomy":"product_tag","embeddable":true,"href":"https:\/\/ecostera.com\/dk\/wp-json\/wp\/v2\/product_tag?post=6372"}],"curies":[{"name":"wp","href":"https:\/\/api.w.org\/{rel}","templated":true}]}}