{"id":6409,"date":"2025-08-14T12:06:50","date_gmt":"2025-08-14T12:06:50","guid":{"rendered":"https:\/\/ecostera.com\/dk\/product\/aabner-til-valnoeddeskal\/"},"modified":"2025-08-14T12:06:57","modified_gmt":"2025-08-14T12:06:57","slug":"aabner-til-valnoeddeskal","status":"publish","type":"product","link":"https:\/\/ecostera.com\/dk\/product\/aabner-til-valnoeddeskal\/","title":{"rendered":"\u00c5bner til valn\u00f8ddeskal"},"content":{"rendered":"<h2 style=\"text-align: center\">Holdbart og langtidsholdbart materiale<\/h2>\n<p style=\"text-align: center\">Valn\u00f8ddeskals\u00e5bneren er lavet af zinklegering af h\u00f8j kvalitet, hvilket sikrer holdbarhed og modstandsdygtighed over for slid. Den robuste konstruktion g\u00f8r den velegnet til regelm\u00e6ssig brug uden at miste effektivitet. Dette p\u00e5lidelige v\u00e6rkt\u00f8j er bygget til at holde og giver v\u00e6rdi i mange \u00e5r fremover.<\/p>\n<p><img decoding=\"async\" class=\"alignnone size-medium wp-image-5777 aligncenter\" src=\"https:\/\/keluvo.com\/template\/wp-content\/uploads\/sites\/5\/2024\/12\/9036c31d-cb26-4308-9c70-e3d0dd729e02.webp\" alt=\"\" \/><\/p>\n<h2 style=\"text-align: center\">Ubesv\u00e6ret n\u00f8ddekn\u00e6kning<\/h2>\n<p style=\"text-align: center\">Med sit smarte h\u00e5ndtagsdesign g\u00f8r valn\u00f8ddeskals\u00e5bneren det nemt og arbejdsbesparende at kn\u00e6kke n\u00f8dder. Det ergonomiske h\u00e5ndtag giver et behageligt greb, mens den skridsikre funktion sikrer sikker h\u00e5ndtering. Den er perfekt til hasseln\u00f8dder, valn\u00f8dder og andre n\u00f8dder i forskellige st\u00f8rrelser.<\/p>\n<p><img decoding=\"async\" class=\"alignnone size-medium wp-image-5778 aligncenter\" src=\"https:\/\/keluvo.com\/template\/wp-content\/uploads\/sites\/5\/2024\/12\/96db7194-68c0-4f42-be01-46504ddb1ebd.webp\" alt=\"\" \/><\/p>\n","protected":false},"excerpt":{"rendered":"<p>Holdbart og langtidsholdbart materiale Valn\u00f8ddeskals\u00e5bneren er lavet af zinklegering af h\u00f8j kvalitet, hvilket sikrer holdbarhed og modstandsdygtighed over for slid. [&hellip;]<\/p>\n","protected":false},"featured_media":6405,"comment_status":"open","ping_status":"closed","template":"","meta":{"site-sidebar-layout":"default","site-content-layout":"","ast-site-content-layout":"default","site-content-style":"default","site-sidebar-style":"default","ast-global-header-display":"","ast-banner-title-visibility":"","ast-main-header-display":"","ast-hfb-above-header-display":"","ast-hfb-below-header-display":"","ast-hfb-mobile-header-display":"","site-post-title":"","ast-breadcrumbs-content":"","ast-featured-img":"","footer-sml-layout":"","theme-transparent-header-meta":"default","adv-header-id-meta":"","stick-header-meta":"","header-above-stick-meta":"","header-main-stick-meta":"","header-below-stick-meta":"","astra-migrate-meta-layouts":"set","ast-page-background-enabled":"default","ast-page-background-meta":{"desktop":{"background-color":"var(--ast-global-color-5)","background-image":"","background-repeat":"repeat","background-position":"center center","background-size":"auto","background-attachment":"scroll","background-type":"","background-media":"","overlay-type":"","overlay-color":"","overlay-opacity":"","overlay-gradient":""},"tablet":{"background-color":"","background-image":"","background-repeat":"repeat","background-position":"center center","background-size":"auto","background-attachment":"scroll","background-type":"","background-media":"","overlay-type":"","overlay-color":"","overlay-opacity":"","overlay-gradient":""},"mobile":{"background-color":"","background-image":"","background-repeat":"repeat","background-position":"center center","background-size":"auto","background-attachment":"scroll","background-type":"","background-media":"","overlay-type":"","overlay-color":"","overlay-opacity":"","overlay-gradient":""}},"ast-content-background-meta":{"desktop":{"background-color":"var(--ast-global-color-4)","background-image":"","background-repeat":"repeat","background-position":"center center","background-size":"auto","background-attachment":"scroll","background-type":"","background-media":"","overlay-type":"","overlay-color":"","overlay-opacity":"","overlay-gradient":""},"tablet":{"background-color":"var(--ast-global-color-4)","background-image":"","background-repeat":"repeat","background-position":"center center","background-size":"auto","background-attachment":"scroll","background-type":"","background-media":"","overlay-type":"","overlay-color":"","overlay-opacity":"","overlay-gradient":""},"mobile":{"background-color":"var(--ast-global-color-4)","background-image":"","background-repeat":"repeat","background-position":"center center","background-size":"auto","background-attachment":"scroll","background-type":"","background-media":"","overlay-type":"","overlay-color":"","overlay-opacity":"","overlay-gradient":""}}},"product_brand":[],"product_cat":[19],"product_tag":[],"class_list":{"0":"post-6409","1":"product","2":"type-product","3":"status-publish","4":"has-post-thumbnail","6":"product_cat-uncategorized","7":"pa_29030_0uczdubc-roed","8":"pa_29030_0uczdubc-soelv","9":"pa_29030_0uczdubc-sort","10":"desktop-align-left","11":"tablet-align-left","12":"mobile-align-left","14":"first","15":"instock","16":"shipping-taxable","17":"purchasable","18":"product-type-variable"},"_links":{"self":[{"href":"https:\/\/ecostera.com\/dk\/wp-json\/wp\/v2\/product\/6409","targetHints":{"allow":["GET"]}}],"collection":[{"href":"https:\/\/ecostera.com\/dk\/wp-json\/wp\/v2\/product"}],"about":[{"href":"https:\/\/ecostera.com\/dk\/wp-json\/wp\/v2\/types\/product"}],"replies":[{"embeddable":true,"href":"https:\/\/ecostera.com\/dk\/wp-json\/wp\/v2\/comments?post=6409"}],"wp:featuredmedia":[{"embeddable":true,"href":"https:\/\/ecostera.com\/dk\/wp-json\/wp\/v2\/media\/6405"}],"wp:attachment":[{"href":"https:\/\/ecostera.com\/dk\/wp-json\/wp\/v2\/media?parent=6409"}],"wp:term":[{"taxonomy":"product_brand","embeddable":true,"href":"https:\/\/ecostera.com\/dk\/wp-json\/wp\/v2\/product_brand?post=6409"},{"taxonomy":"product_cat","embeddable":true,"href":"https:\/\/ecostera.com\/dk\/wp-json\/wp\/v2\/product_cat?post=6409"},{"taxonomy":"product_tag","embeddable":true,"href":"https:\/\/ecostera.com\/dk\/wp-json\/wp\/v2\/product_tag?post=6409"}],"curies":[{"name":"wp","href":"https:\/\/api.w.org\/{rel}","templated":true}]}}