{"id":6425,"date":"2025-08-14T12:07:25","date_gmt":"2025-08-14T12:07:25","guid":{"rendered":"https:\/\/ecostera.com\/dk\/product\/vaerktoej-til-fjernelse-af-ukrudt\/"},"modified":"2025-08-14T12:07:25","modified_gmt":"2025-08-14T12:07:25","slug":"vaerktoej-til-fjernelse-af-ukrudt","status":"publish","type":"product","link":"https:\/\/ecostera.com\/dk\/product\/vaerktoej-til-fjernelse-af-ukrudt\/","title":{"rendered":"V\u00e6rkt\u00f8j til fjernelse af ukrudt"},"content":{"rendered":"<h2 style=\"text-align: center\">Effektiv fjernelse af ukrudt<\/h2>\n<p style=\"text-align: center\">Redskabet til ukrudtsudtr\u00e6kning er designet til hurtig og nem fjernelse af u\u00f8nskede planter. Det skarpe ukrudtshoved rammer r\u00f8dderne direkte og sikrer, at ukrudtet tr\u00e6kkes helt ud. Det reducerer genv\u00e6kst og holder din have p\u00e6n og ryddelig.<\/p>\n<p><img decoding=\"async\" class=\"alignnone size-medium wp-image-5796 aligncenter\" src=\"https:\/\/keluvo.com\/template\/wp-content\/uploads\/sites\/5\/2024\/12\/Se35defe7697b4808a19741cafa74fde7H.jpg_960x960q75.jpg_.jpeg\" alt=\"\" \/><\/p>\n<h2 style=\"text-align: center\">Komfortabelt og b\u00e6rbart design<\/h2>\n<p style=\"text-align: center\">Med sit lette og ergonomiske design er ukrudtsriveren nem at bruge i lange perioder. Den st\u00e5ende funktion g\u00f8r, at du kan luge uden at b\u00f8je dig eller anstrenge dig, hvilket g\u00f8r den ideel til gartnere i alle aldre. Den b\u00e6rbare st\u00f8rrelse g\u00f8r den nem at opbevare og transportere.<\/p>\n<p style=\"text-align: center\"><img decoding=\"async\" class=\"alignnone size-medium wp-image-5910\" src=\"https:\/\/keluvo.com\/template\/wp-content\/uploads\/sites\/5\/2024\/12\/1957b983-13f1-4dde-b808-918560879b0b.webp\" alt=\"\" \/><\/p>\n","protected":false},"excerpt":{"rendered":"<p>Effektiv fjernelse af ukrudt Redskabet til ukrudtsudtr\u00e6kning er designet til hurtig og nem fjernelse af u\u00f8nskede planter. Det skarpe ukrudtshoved [&hellip;]<\/p>\n","protected":false},"featured_media":6421,"comment_status":"open","ping_status":"closed","template":"","meta":{"site-sidebar-layout":"default","site-content-layout":"","ast-site-content-layout":"default","site-content-style":"default","site-sidebar-style":"default","ast-global-header-display":"","ast-banner-title-visibility":"","ast-main-header-display":"","ast-hfb-above-header-display":"","ast-hfb-below-header-display":"","ast-hfb-mobile-header-display":"","site-post-title":"","ast-breadcrumbs-content":"","ast-featured-img":"","footer-sml-layout":"","theme-transparent-header-meta":"default","adv-header-id-meta":"","stick-header-meta":"","header-above-stick-meta":"","header-main-stick-meta":"","header-below-stick-meta":"","astra-migrate-meta-layouts":"set","ast-page-background-enabled":"default","ast-page-background-meta":{"desktop":{"background-color":"var(--ast-global-color-5)","background-image":"","background-repeat":"repeat","background-position":"center center","background-size":"auto","background-attachment":"scroll","background-type":"","background-media":"","overlay-type":"","overlay-color":"","overlay-opacity":"","overlay-gradient":""},"tablet":{"background-color":"","background-image":"","background-repeat":"repeat","background-position":"center center","background-size":"auto","background-attachment":"scroll","background-type":"","background-media":"","overlay-type":"","overlay-color":"","overlay-opacity":"","overlay-gradient":""},"mobile":{"background-color":"","background-image":"","background-repeat":"repeat","background-position":"center center","background-size":"auto","background-attachment":"scroll","background-type":"","background-media":"","overlay-type":"","overlay-color":"","overlay-opacity":"","overlay-gradient":""}},"ast-content-background-meta":{"desktop":{"background-color":"var(--ast-global-color-4)","background-image":"","background-repeat":"repeat","background-position":"center center","background-size":"auto","background-attachment":"scroll","background-type":"","background-media":"","overlay-type":"","overlay-color":"","overlay-opacity":"","overlay-gradient":""},"tablet":{"background-color":"var(--ast-global-color-4)","background-image":"","background-repeat":"repeat","background-position":"center center","background-size":"auto","background-attachment":"scroll","background-type":"","background-media":"","overlay-type":"","overlay-color":"","overlay-opacity":"","overlay-gradient":""},"mobile":{"background-color":"var(--ast-global-color-4)","background-image":"","background-repeat":"repeat","background-position":"center center","background-size":"auto","background-attachment":"scroll","background-type":"","background-media":"","overlay-type":"","overlay-color":"","overlay-opacity":"","overlay-gradient":""}}},"product_brand":[],"product_cat":[19],"product_tag":[],"class_list":{"0":"post-6425","1":"product","2":"type-product","3":"status-publish","4":"has-post-thumbnail","6":"product_cat-uncategorized","7":"desktop-align-left","8":"tablet-align-left","9":"mobile-align-left","11":"first","12":"instock","13":"shipping-taxable","14":"purchasable","15":"product-type-simple"},"_links":{"self":[{"href":"https:\/\/ecostera.com\/dk\/wp-json\/wp\/v2\/product\/6425","targetHints":{"allow":["GET"]}}],"collection":[{"href":"https:\/\/ecostera.com\/dk\/wp-json\/wp\/v2\/product"}],"about":[{"href":"https:\/\/ecostera.com\/dk\/wp-json\/wp\/v2\/types\/product"}],"replies":[{"embeddable":true,"href":"https:\/\/ecostera.com\/dk\/wp-json\/wp\/v2\/comments?post=6425"}],"wp:featuredmedia":[{"embeddable":true,"href":"https:\/\/ecostera.com\/dk\/wp-json\/wp\/v2\/media\/6421"}],"wp:attachment":[{"href":"https:\/\/ecostera.com\/dk\/wp-json\/wp\/v2\/media?parent=6425"}],"wp:term":[{"taxonomy":"product_brand","embeddable":true,"href":"https:\/\/ecostera.com\/dk\/wp-json\/wp\/v2\/product_brand?post=6425"},{"taxonomy":"product_cat","embeddable":true,"href":"https:\/\/ecostera.com\/dk\/wp-json\/wp\/v2\/product_cat?post=6425"},{"taxonomy":"product_tag","embeddable":true,"href":"https:\/\/ecostera.com\/dk\/wp-json\/wp\/v2\/product_tag?post=6425"}],"curies":[{"name":"wp","href":"https:\/\/api.w.org\/{rel}","templated":true}]}}