{"id":6430,"date":"2025-08-14T12:59:53","date_gmt":"2025-08-14T12:59:53","guid":{"rendered":"https:\/\/ecostera.com\/dk\/product\/baerbar-ultralydsrenser\/"},"modified":"2025-08-14T12:59:53","modified_gmt":"2025-08-14T12:59:53","slug":"baerbar-ultralydsrenser","status":"publish","type":"product","link":"https:\/\/ecostera.com\/dk\/product\/baerbar-ultralydsrenser\/","title":{"rendered":"B\u00e6rbar ultralydsrenser"},"content":{"rendered":"<h2 style=\"text-align: center\">Effektiv Dybdereng\u00f8ring<\/h2>\n<p style=\"text-align: center\">Den b\u00e6rbare ultralydsrenser bruger h\u00f8jfrekvente vibrationer til at fjerne snavs og st\u00f8v fra selv de mindste spr\u00e6kker. Denne teknologi g\u00f8r det nemt at reng\u00f8re smykker, briller, proteser og meget mere, hvilket sikrer en grundig og hurtig reng\u00f8ring.<\/p>\n<p><img decoding=\"async\" class=\"alignnone size-medium wp-image-1828 aligncenter\" src=\"https:\/\/keluvo.com\/template\/wp-content\/uploads\/sites\/5\/2024\/10\/USB-Rechargeable-Ultrasonic-Cleaning-Machine-High-Frequency-Vibration-Wash-Cleaner-Jewelry-Glasses-Cleaner.jpg_.png\" alt=\"\" \/><\/p>\n<h2 style=\"text-align: center\">Praktisk USB-Opladeligt Design<\/h2>\n<p style=\"text-align: center\">Med sin USB-opladelige mulighed er den b\u00e6rbare ultralydsrenser nem at t\u00e6nde op overalt. Denne model har ogs\u00e5 en UV-steriliseringsfunktion, der giver et ekstra lag af renhed til genstande, der har brug for ekstra pleje.<\/p>\n<p><img decoding=\"async\" class=\"alignnone size-medium wp-image-1825 aligncenter\" src=\"https:\/\/keluvo.com\/template\/wp-content\/uploads\/sites\/5\/2024\/10\/be3ecc11-bc40-4c71-b742-708361f16896.webp\" alt=\"\" \/><\/p>\n","protected":false},"excerpt":{"rendered":"<p>Effektiv Dybdereng\u00f8ring Den b\u00e6rbare ultralydsrenser bruger h\u00f8jfrekvente vibrationer til at fjerne snavs og st\u00f8v fra selv de mindste spr\u00e6kker. Denne [&hellip;]<\/p>\n","protected":false},"featured_media":6426,"comment_status":"open","ping_status":"closed","template":"","meta":{"site-sidebar-layout":"default","site-content-layout":"","ast-site-content-layout":"default","site-content-style":"default","site-sidebar-style":"default","ast-global-header-display":"","ast-banner-title-visibility":"","ast-main-header-display":"","ast-hfb-above-header-display":"","ast-hfb-below-header-display":"","ast-hfb-mobile-header-display":"","site-post-title":"","ast-breadcrumbs-content":"","ast-featured-img":"","footer-sml-layout":"","theme-transparent-header-meta":"default","adv-header-id-meta":"","stick-header-meta":"","header-above-stick-meta":"","header-main-stick-meta":"","header-below-stick-meta":"","astra-migrate-meta-layouts":"set","ast-page-background-enabled":"default","ast-page-background-meta":{"desktop":{"background-color":"var(--ast-global-color-5)","background-image":"","background-repeat":"repeat","background-position":"center center","background-size":"auto","background-attachment":"scroll","background-type":"","background-media":"","overlay-type":"","overlay-color":"","overlay-opacity":"","overlay-gradient":""},"tablet":{"background-color":"","background-image":"","background-repeat":"repeat","background-position":"center center","background-size":"auto","background-attachment":"scroll","background-type":"","background-media":"","overlay-type":"","overlay-color":"","overlay-opacity":"","overlay-gradient":""},"mobile":{"background-color":"","background-image":"","background-repeat":"repeat","background-position":"center center","background-size":"auto","background-attachment":"scroll","background-type":"","background-media":"","overlay-type":"","overlay-color":"","overlay-opacity":"","overlay-gradient":""}},"ast-content-background-meta":{"desktop":{"background-color":"var(--ast-global-color-4)","background-image":"","background-repeat":"repeat","background-position":"center center","background-size":"auto","background-attachment":"scroll","background-type":"","background-media":"","overlay-type":"","overlay-color":"","overlay-opacity":"","overlay-gradient":""},"tablet":{"background-color":"var(--ast-global-color-4)","background-image":"","background-repeat":"repeat","background-position":"center center","background-size":"auto","background-attachment":"scroll","background-type":"","background-media":"","overlay-type":"","overlay-color":"","overlay-opacity":"","overlay-gradient":""},"mobile":{"background-color":"var(--ast-global-color-4)","background-image":"","background-repeat":"repeat","background-position":"center center","background-size":"auto","background-attachment":"scroll","background-type":"","background-media":"","overlay-type":"","overlay-color":"","overlay-opacity":"","overlay-gradient":""}}},"product_brand":[],"product_cat":[19],"product_tag":[],"class_list":{"0":"post-6430","1":"product","2":"type-product","3":"status-publish","4":"has-post-thumbnail","6":"product_cat-uncategorized","7":"pa_14765_w1ni87xs-genopladelig","8":"pa_14765_w1ni87xs-intet-batteri","9":"desktop-align-left","10":"tablet-align-left","11":"mobile-align-left","13":"first","14":"instock","15":"shipping-taxable","16":"purchasable","17":"product-type-simple"},"_links":{"self":[{"href":"https:\/\/ecostera.com\/dk\/wp-json\/wp\/v2\/product\/6430","targetHints":{"allow":["GET"]}}],"collection":[{"href":"https:\/\/ecostera.com\/dk\/wp-json\/wp\/v2\/product"}],"about":[{"href":"https:\/\/ecostera.com\/dk\/wp-json\/wp\/v2\/types\/product"}],"replies":[{"embeddable":true,"href":"https:\/\/ecostera.com\/dk\/wp-json\/wp\/v2\/comments?post=6430"}],"wp:featuredmedia":[{"embeddable":true,"href":"https:\/\/ecostera.com\/dk\/wp-json\/wp\/v2\/media\/6426"}],"wp:attachment":[{"href":"https:\/\/ecostera.com\/dk\/wp-json\/wp\/v2\/media?parent=6430"}],"wp:term":[{"taxonomy":"product_brand","embeddable":true,"href":"https:\/\/ecostera.com\/dk\/wp-json\/wp\/v2\/product_brand?post=6430"},{"taxonomy":"product_cat","embeddable":true,"href":"https:\/\/ecostera.com\/dk\/wp-json\/wp\/v2\/product_cat?post=6430"},{"taxonomy":"product_tag","embeddable":true,"href":"https:\/\/ecostera.com\/dk\/wp-json\/wp\/v2\/product_tag?post=6430"}],"curies":[{"name":"wp","href":"https:\/\/api.w.org\/{rel}","templated":true}]}}