{"id":6445,"date":"2025-08-14T13:01:14","date_gmt":"2025-08-14T13:01:14","guid":{"rendered":"https:\/\/ecostera.com\/dk\/product\/sit-up-bar\/"},"modified":"2025-08-15T09:24:56","modified_gmt":"2025-08-15T09:24:56","slug":"sit-up-bar","status":"publish","type":"product","link":"https:\/\/ecostera.com\/dk\/product\/sit-up-bar\/","title":{"rendered":"Sit up bar"},"content":{"rendered":"<p style=\"text-align: center\"><strong>\u00d8nsker du at forbedre din coretr\u00e6ning derhjemme?<\/strong><\/p>\n<p style=\"text-align: center\">S\u00e5 er sit-up baren her for at hj\u00e6lpe! Denne enhed styrker din core, hvilket er vigtigt for en sund og aktiv livsstil. Det \u00f8ger ogs\u00e5 dit stofskifte, hvilket g\u00f8r det til en god mulighed for v\u00e6gttab og generel fitness.<\/p>\n<p style=\"text-align: center\">Med vores sit-up bar kan du styrke din core og musklerne omkring din talje. N\u00e5r du bruger den under maveb\u00f8jninger og sit-ups, tilf\u00f8jer den modstand og hj\u00e6lper dine kernemuskler med at blive st\u00e6rkere. Den retter sig mod vigtige omr\u00e5der som rectus abdominis (din &#8220;sixpack&#8221;) og transversus abdominis, som st\u00f8tter din rygs\u00f8jle og holder din core stabil. At styrke disse muskler er afg\u00f8rende for den overordnede stabilitet.<\/p>\n<p><img decoding=\"async\" class=\"size-full wp-image-24403 aligncenter\" src=\"https:\/\/keluvo.com\/template\/wp-content\/uploads\/sites\/5\/2024\/11\/A4pTx6pr2oCSjYpUSqdq-ezgif.com-video-to-webp-converter.webp\" alt=\"\" \/><\/p>\n<h2 style=\"text-align: center\">\ud83c\udf1fHovedfordele<\/h2>\n<p><strong>Komfort<\/strong>: Tr\u00e6n hjemme p\u00e5 en behagelig m\u00e5de.<\/p>\n<p><strong>Hurtige Resultater<\/strong>: N\u00e5 dine fitnessm\u00e5l hurtigere med nem adgang til din tr\u00e6ning.<\/p>\n<p><strong>Alsidighed<\/strong>: Den er ikke kun til sit-ups; brug den til forskellige kerne\u00f8velser for at tr\u00e6ne forskellige muskler.<\/p>\n<p><img decoding=\"async\" class=\"size-full wp-image-24404 aligncenter\" src=\"https:\/\/keluvo.com\/template\/wp-content\/uploads\/sites\/5\/2024\/11\/DM_20240307220601_004_480x480.webp\" alt=\"\" \/><\/p>\n<p style=\"text-align: center\">Sit-up baren er effektiv og ligetil. I mods\u00e6tning til store tr\u00e6ningsmaskiner er denne enhed kompakt og b\u00e6rbar, hvilket g\u00f8r den nem at bruge og opbevare. Det er en enkel m\u00e5de at opbygge core-styrke p\u00e5, n\u00e5r som helst!<\/p>\n","protected":false},"excerpt":{"rendered":"<p>\u00d8nsker du at forbedre din coretr\u00e6ning derhjemme? S\u00e5 er sit-up baren her for at hj\u00e6lpe! Denne enhed styrker din core, [&hellip;]<\/p>\n","protected":false},"featured_media":6441,"comment_status":"open","ping_status":"closed","template":"","meta":{"site-sidebar-layout":"default","site-content-layout":"","ast-site-content-layout":"default","site-content-style":"default","site-sidebar-style":"default","ast-global-header-display":"","ast-banner-title-visibility":"","ast-main-header-display":"","ast-hfb-above-header-display":"","ast-hfb-below-header-display":"","ast-hfb-mobile-header-display":"","site-post-title":"","ast-breadcrumbs-content":"","ast-featured-img":"","footer-sml-layout":"","theme-transparent-header-meta":"default","adv-header-id-meta":"","stick-header-meta":"","header-above-stick-meta":"","header-main-stick-meta":"","header-below-stick-meta":"","astra-migrate-meta-layouts":"set","ast-page-background-enabled":"default","ast-page-background-meta":{"desktop":{"background-color":"var(--ast-global-color-5)","background-image":"","background-repeat":"repeat","background-position":"center center","background-size":"auto","background-attachment":"scroll","background-type":"","background-media":"","overlay-type":"","overlay-color":"","overlay-opacity":"","overlay-gradient":""},"tablet":{"background-color":"","background-image":"","background-repeat":"repeat","background-position":"center center","background-size":"auto","background-attachment":"scroll","background-type":"","background-media":"","overlay-type":"","overlay-color":"","overlay-opacity":"","overlay-gradient":""},"mobile":{"background-color":"","background-image":"","background-repeat":"repeat","background-position":"center center","background-size":"auto","background-attachment":"scroll","background-type":"","background-media":"","overlay-type":"","overlay-color":"","overlay-opacity":"","overlay-gradient":""}},"ast-content-background-meta":{"desktop":{"background-color":"var(--ast-global-color-4)","background-image":"","background-repeat":"repeat","background-position":"center center","background-size":"auto","background-attachment":"scroll","background-type":"","background-media":"","overlay-type":"","overlay-color":"","overlay-opacity":"","overlay-gradient":""},"tablet":{"background-color":"var(--ast-global-color-4)","background-image":"","background-repeat":"repeat","background-position":"center center","background-size":"auto","background-attachment":"scroll","background-type":"","background-media":"","overlay-type":"","overlay-color":"","overlay-opacity":"","overlay-gradient":""},"mobile":{"background-color":"var(--ast-global-color-4)","background-image":"","background-repeat":"repeat","background-position":"center center","background-size":"auto","background-attachment":"scroll","background-type":"","background-media":"","overlay-type":"","overlay-color":"","overlay-opacity":"","overlay-gradient":""}}},"product_brand":[],"product_cat":[19],"product_tag":[],"class_list":{"0":"post-6445","1":"product","2":"type-product","3":"status-publish","4":"has-post-thumbnail","6":"product_cat-uncategorized","7":"pa_15906_h7oc0ojs-blaa","8":"pa_15906_h7oc0ojs-lilla","9":"pa_15906_h7oc0ojs-lyseroed","10":"pa_15906_h7oc0ojs-roed","11":"pa_15906_h7oc0ojs-sort","12":"desktop-align-left","13":"tablet-align-left","14":"mobile-align-left","16":"first","17":"instock","18":"shipping-taxable","19":"purchasable","20":"product-type-variable"},"_links":{"self":[{"href":"https:\/\/ecostera.com\/dk\/wp-json\/wp\/v2\/product\/6445","targetHints":{"allow":["GET"]}}],"collection":[{"href":"https:\/\/ecostera.com\/dk\/wp-json\/wp\/v2\/product"}],"about":[{"href":"https:\/\/ecostera.com\/dk\/wp-json\/wp\/v2\/types\/product"}],"replies":[{"embeddable":true,"href":"https:\/\/ecostera.com\/dk\/wp-json\/wp\/v2\/comments?post=6445"}],"wp:featuredmedia":[{"embeddable":true,"href":"https:\/\/ecostera.com\/dk\/wp-json\/wp\/v2\/media\/6441"}],"wp:attachment":[{"href":"https:\/\/ecostera.com\/dk\/wp-json\/wp\/v2\/media?parent=6445"}],"wp:term":[{"taxonomy":"product_brand","embeddable":true,"href":"https:\/\/ecostera.com\/dk\/wp-json\/wp\/v2\/product_brand?post=6445"},{"taxonomy":"product_cat","embeddable":true,"href":"https:\/\/ecostera.com\/dk\/wp-json\/wp\/v2\/product_cat?post=6445"},{"taxonomy":"product_tag","embeddable":true,"href":"https:\/\/ecostera.com\/dk\/wp-json\/wp\/v2\/product_tag?post=6445"}],"curies":[{"name":"wp","href":"https:\/\/api.w.org\/{rel}","templated":true}]}}