{"id":6460,"date":"2025-08-14T13:02:19","date_gmt":"2025-08-14T13:02:19","guid":{"rendered":"https:\/\/ecostera.com\/dk\/product\/stoettestang-med-sugefunktion\/"},"modified":"2025-08-14T13:02:26","modified_gmt":"2025-08-14T13:02:26","slug":"stoettestang-med-sugefunktion","status":"publish","type":"product","link":"https:\/\/ecostera.com\/dk\/product\/stoettestang-med-sugefunktion\/","title":{"rendered":"St\u00f8ttestang med sugefunktion"},"content":{"rendered":"<p style=\"text-align: center\"><strong>Du kan bruge vores sugestang p\u00e5 enhver flad overflade i dit hjem.<\/strong><\/p>\n<p style=\"text-align: center\">Den er fantastisk som st\u00f8tte ved l\u00f8ft, \u00e5bning af d\u00f8re og mange andre opgaver! S\u00e6t den nemt fast p\u00e5 v\u00e6ggen i badekarret eller brusebadet. Perfekt til brug ved badekar, brusebad, toilet, trappe eller stol. Hvis du vil \u00e6ndre h\u00e5ndtagets placering, skal du bare l\u00e5se det op og flytte det derhen, hvor du har brug for det! H\u00e5ndtaget har en s\u00e6rlig sugeanordning, der fastg\u00f8res til enhver glat, flad overflade p\u00e5 f\u00e5 sekunder.<\/p>\n<p style=\"text-align: center\">Med vores sugestang, der har h\u00e6ngslede l\u00e5seflige, er sikkerheden sikret, uanset om du er i brusebad, badekar eller p\u00e5 toilettet. Denne sugestang giver dig den st\u00f8tte, du har brug for. Det let buede design sikrer et sikkert greb, og den kompakte stil g\u00f8r den nem at b\u00e6re og passer godt ind i enhver indretning.<\/p>\n<p><img decoding=\"async\" class=\"size-full wp-image-24406 aligncenter\" src=\"https:\/\/keluvo.com\/template\/wp-content\/uploads\/sites\/5\/2024\/12\/15ac30a5d94fc76ae09a8a2cdf58ff8ff427318d.webp\" alt=\"\" \/><\/p>\n<h2 style=\"text-align: center\"><strong>Hovedfordele<\/strong><\/h2>\n<p>\u2714 Fastg\u00f8res til enhver glat, flad overflade som fliser, glas eller glasfiber p\u00e5 bare f\u00e5 sekunder.<\/p>\n<p>\u2714 Har sikre sugekopper med h\u00e6ngslede l\u00e5seflige.<\/p>\n<p>\u2714 Beskadiger ikke dine v\u00e6gge.<\/p>\n<p>\u2714 Forbedrer sikkerhed og stabilitet.<\/p>\n<p>\u2714 B\u00e6rbar til brug, hvor du har brug for det.<\/p>\n<p>\u2714 Ideel til en bred vifte af brugere, herunder \u00e6ldre, b\u00f8rn og personer med begr\u00e6nset bev\u00e6gelse.<\/p>\n<p>\u2714 Disse sugekopper er nemme at installere og fjerne uden at bore eller beskadige v\u00e6ggen, hvilket giver mulighed for hurtige justeringer for at im\u00f8dekomme dine behov.<\/p>\n<p><img decoding=\"async\" class=\"size-full wp-image-24407 aligncenter\" src=\"https:\/\/keluvo.com\/template\/wp-content\/uploads\/sites\/5\/2024\/12\/9307e563120ad7ac72733836f26db87880c3f742.webp\" alt=\"\" \/><\/p>\n<h2 style=\"text-align: center\"><strong>Hvordan Bruges Sugekoppen?<\/strong><\/h2>\n<p style=\"text-align: center\">S\u00f8rg for, at omr\u00e5det er rent og t\u00f8rt for at opn\u00e5 den bedste sugeevne. Tjek h\u00e5ndtaget f\u00f8r brug for at sikre, at det sidder godt fast. Du kan flytte det n\u00e5r som helst. Hvis der samler sig snavs p\u00e5 puderne, skal du skylle dem med vand, lade dem t\u00f8rre og s\u00e6tte dem fast igen.<\/p>\n<h2 style=\"text-align: center\"><strong>Specifikationer<\/strong><\/h2>\n<ul>\n<li>Materiale: PP<\/li>\n<li>Size: 29,2 x 10,8 x 8,9 cm<\/li>\n<li>Velegnet til forskellige steder (toilet, badekar, brusebad osv.).<\/li>\n<\/ul>\n","protected":false},"excerpt":{"rendered":"<p>Du kan bruge vores sugestang p\u00e5 enhver flad overflade i dit hjem. Den er fantastisk som st\u00f8tte ved l\u00f8ft, \u00e5bning [&hellip;]<\/p>\n","protected":false},"featured_media":6456,"comment_status":"open","ping_status":"closed","template":"","meta":{"site-sidebar-layout":"default","site-content-layout":"","ast-site-content-layout":"default","site-content-style":"default","site-sidebar-style":"default","ast-global-header-display":"","ast-banner-title-visibility":"","ast-main-header-display":"","ast-hfb-above-header-display":"","ast-hfb-below-header-display":"","ast-hfb-mobile-header-display":"","site-post-title":"","ast-breadcrumbs-content":"","ast-featured-img":"","footer-sml-layout":"","theme-transparent-header-meta":"default","adv-header-id-meta":"","stick-header-meta":"","header-above-stick-meta":"","header-main-stick-meta":"","header-below-stick-meta":"","astra-migrate-meta-layouts":"set","ast-page-background-enabled":"default","ast-page-background-meta":{"desktop":{"background-color":"var(--ast-global-color-5)","background-image":"","background-repeat":"repeat","background-position":"center center","background-size":"auto","background-attachment":"scroll","background-type":"","background-media":"","overlay-type":"","overlay-color":"","overlay-opacity":"","overlay-gradient":""},"tablet":{"background-color":"","background-image":"","background-repeat":"repeat","background-position":"center center","background-size":"auto","background-attachment":"scroll","background-type":"","background-media":"","overlay-type":"","overlay-color":"","overlay-opacity":"","overlay-gradient":""},"mobile":{"background-color":"","background-image":"","background-repeat":"repeat","background-position":"center center","background-size":"auto","background-attachment":"scroll","background-type":"","background-media":"","overlay-type":"","overlay-color":"","overlay-opacity":"","overlay-gradient":""}},"ast-content-background-meta":{"desktop":{"background-color":"var(--ast-global-color-4)","background-image":"","background-repeat":"repeat","background-position":"center center","background-size":"auto","background-attachment":"scroll","background-type":"","background-media":"","overlay-type":"","overlay-color":"","overlay-opacity":"","overlay-gradient":""},"tablet":{"background-color":"var(--ast-global-color-4)","background-image":"","background-repeat":"repeat","background-position":"center center","background-size":"auto","background-attachment":"scroll","background-type":"","background-media":"","overlay-type":"","overlay-color":"","overlay-opacity":"","overlay-gradient":""},"mobile":{"background-color":"var(--ast-global-color-4)","background-image":"","background-repeat":"repeat","background-position":"center center","background-size":"auto","background-attachment":"scroll","background-type":"","background-media":"","overlay-type":"","overlay-color":"","overlay-opacity":"","overlay-gradient":""}}},"product_brand":[],"product_cat":[19],"product_tag":[],"class_list":{"0":"post-6460","1":"product","2":"type-product","3":"status-publish","4":"has-post-thumbnail","6":"product_cat-uncategorized","7":"pa_23431_rt4rk2kn-graa","8":"pa_23431_rt4rk2kn-groen","9":"pa_23431_rt4rk2kn-sort","10":"desktop-align-left","11":"tablet-align-left","12":"mobile-align-left","14":"first","15":"instock","16":"shipping-taxable","17":"purchasable","18":"product-type-variable"},"_links":{"self":[{"href":"https:\/\/ecostera.com\/dk\/wp-json\/wp\/v2\/product\/6460","targetHints":{"allow":["GET"]}}],"collection":[{"href":"https:\/\/ecostera.com\/dk\/wp-json\/wp\/v2\/product"}],"about":[{"href":"https:\/\/ecostera.com\/dk\/wp-json\/wp\/v2\/types\/product"}],"replies":[{"embeddable":true,"href":"https:\/\/ecostera.com\/dk\/wp-json\/wp\/v2\/comments?post=6460"}],"wp:featuredmedia":[{"embeddable":true,"href":"https:\/\/ecostera.com\/dk\/wp-json\/wp\/v2\/media\/6456"}],"wp:attachment":[{"href":"https:\/\/ecostera.com\/dk\/wp-json\/wp\/v2\/media?parent=6460"}],"wp:term":[{"taxonomy":"product_brand","embeddable":true,"href":"https:\/\/ecostera.com\/dk\/wp-json\/wp\/v2\/product_brand?post=6460"},{"taxonomy":"product_cat","embeddable":true,"href":"https:\/\/ecostera.com\/dk\/wp-json\/wp\/v2\/product_cat?post=6460"},{"taxonomy":"product_tag","embeddable":true,"href":"https:\/\/ecostera.com\/dk\/wp-json\/wp\/v2\/product_tag?post=6460"}],"curies":[{"name":"wp","href":"https:\/\/api.w.org\/{rel}","templated":true}]}}