{"id":6471,"date":"2025-08-14T13:02:57","date_gmt":"2025-08-14T13:02:57","guid":{"rendered":"https:\/\/ecostera.com\/dk\/product\/teleskopisk-fiskestang-18-m\/"},"modified":"2025-08-14T13:03:01","modified_gmt":"2025-08-14T13:03:01","slug":"teleskopisk-fiskestang-18-m","status":"publish","type":"product","link":"https:\/\/ecostera.com\/dk\/product\/teleskopisk-fiskestang-18-m\/","title":{"rendered":"Teleskopisk fiskestang (1,8 m)"},"content":{"rendered":"<h2 style=\"text-align: center\">Kompakt og b\u00e6rbart design<\/h2>\n<p style=\"text-align: center\">Teleskopfiskestangen er let og kan foldes sammen til kun 24,5 cm, hvilket g\u00f8r den nem at have med i lommen, rygs\u00e6kken eller kassen. Det b\u00e6rbare design er perfekt til campingture eller spontane fiskeeventyr.<\/p>\n<p><img decoding=\"async\" class=\"alignnone size-medium wp-image-4538 aligncenter\" src=\"https:\/\/keluvo.com\/template\/wp-content\/uploads\/sites\/5\/2024\/11\/Outdoor-Portable-Mini-Pen-Fishing-Rod-Telescopic-Pocket-Pen-Fishing-Rod-Mini-Fishing-Pole-Fishing-Accessories.jpg_.webp\" alt=\"\" \/><\/p>\n<h2 style=\"text-align: center\">Holdbare og p\u00e5lidelige materialer<\/h2>\n<p style=\"text-align: center\">Teleskopfiskestangen er fremstillet af glasfiberforst\u00e6rket plast og metal og er bygget til holdbarhed og ydeevne. Den kan h\u00e5ndtere v\u00e6gte p\u00e5 op til 1,5 kg, hvilket sikrer en p\u00e5lidelig fiskeoplevelse for b\u00e5de begyndere og entusiaster.<\/p>\n<p><img decoding=\"async\" class=\"alignnone size-medium wp-image-4544 aligncenter\" src=\"https:\/\/keluvo.com\/template\/wp-content\/uploads\/sites\/5\/2024\/11\/Sb5abe14d6daa40d3812398f8e1e2531bO.webp\" alt=\"\" \/><\/p>\n","protected":false},"excerpt":{"rendered":"<p>Kompakt og b\u00e6rbart design Teleskopfiskestangen er let og kan foldes sammen til kun 24,5 cm, hvilket g\u00f8r den nem at [&hellip;]<\/p>\n","protected":false},"featured_media":6467,"comment_status":"open","ping_status":"closed","template":"","meta":{"site-sidebar-layout":"default","site-content-layout":"","ast-site-content-layout":"default","site-content-style":"default","site-sidebar-style":"default","ast-global-header-display":"","ast-banner-title-visibility":"","ast-main-header-display":"","ast-hfb-above-header-display":"","ast-hfb-below-header-display":"","ast-hfb-mobile-header-display":"","site-post-title":"","ast-breadcrumbs-content":"","ast-featured-img":"","footer-sml-layout":"","theme-transparent-header-meta":"default","adv-header-id-meta":"","stick-header-meta":"","header-above-stick-meta":"","header-main-stick-meta":"","header-below-stick-meta":"","astra-migrate-meta-layouts":"set","ast-page-background-enabled":"default","ast-page-background-meta":{"desktop":{"background-color":"var(--ast-global-color-5)","background-image":"","background-repeat":"repeat","background-position":"center center","background-size":"auto","background-attachment":"scroll","background-type":"","background-media":"","overlay-type":"","overlay-color":"","overlay-opacity":"","overlay-gradient":""},"tablet":{"background-color":"","background-image":"","background-repeat":"repeat","background-position":"center center","background-size":"auto","background-attachment":"scroll","background-type":"","background-media":"","overlay-type":"","overlay-color":"","overlay-opacity":"","overlay-gradient":""},"mobile":{"background-color":"","background-image":"","background-repeat":"repeat","background-position":"center center","background-size":"auto","background-attachment":"scroll","background-type":"","background-media":"","overlay-type":"","overlay-color":"","overlay-opacity":"","overlay-gradient":""}},"ast-content-background-meta":{"desktop":{"background-color":"var(--ast-global-color-4)","background-image":"","background-repeat":"repeat","background-position":"center center","background-size":"auto","background-attachment":"scroll","background-type":"","background-media":"","overlay-type":"","overlay-color":"","overlay-opacity":"","overlay-gradient":""},"tablet":{"background-color":"var(--ast-global-color-4)","background-image":"","background-repeat":"repeat","background-position":"center center","background-size":"auto","background-attachment":"scroll","background-type":"","background-media":"","overlay-type":"","overlay-color":"","overlay-opacity":"","overlay-gradient":""},"mobile":{"background-color":"var(--ast-global-color-4)","background-image":"","background-repeat":"repeat","background-position":"center center","background-size":"auto","background-attachment":"scroll","background-type":"","background-media":"","overlay-type":"","overlay-color":"","overlay-opacity":"","overlay-gradient":""}}},"product_brand":[],"product_cat":[19],"product_tag":[],"class_list":{"0":"post-6471","1":"product","2":"type-product","3":"status-publish","4":"has-post-thumbnail","6":"product_cat-uncategorized","7":"pa_23475_0vd0qlde-blaa","8":"pa_23475_0vd0qlde-guld","9":"pa_23475_0vd0qlde-sort","10":"desktop-align-left","11":"tablet-align-left","12":"mobile-align-left","14":"first","15":"instock","16":"shipping-taxable","17":"purchasable","18":"product-type-variable"},"_links":{"self":[{"href":"https:\/\/ecostera.com\/dk\/wp-json\/wp\/v2\/product\/6471","targetHints":{"allow":["GET"]}}],"collection":[{"href":"https:\/\/ecostera.com\/dk\/wp-json\/wp\/v2\/product"}],"about":[{"href":"https:\/\/ecostera.com\/dk\/wp-json\/wp\/v2\/types\/product"}],"replies":[{"embeddable":true,"href":"https:\/\/ecostera.com\/dk\/wp-json\/wp\/v2\/comments?post=6471"}],"wp:featuredmedia":[{"embeddable":true,"href":"https:\/\/ecostera.com\/dk\/wp-json\/wp\/v2\/media\/6467"}],"wp:attachment":[{"href":"https:\/\/ecostera.com\/dk\/wp-json\/wp\/v2\/media?parent=6471"}],"wp:term":[{"taxonomy":"product_brand","embeddable":true,"href":"https:\/\/ecostera.com\/dk\/wp-json\/wp\/v2\/product_brand?post=6471"},{"taxonomy":"product_cat","embeddable":true,"href":"https:\/\/ecostera.com\/dk\/wp-json\/wp\/v2\/product_cat?post=6471"},{"taxonomy":"product_tag","embeddable":true,"href":"https:\/\/ecostera.com\/dk\/wp-json\/wp\/v2\/product_tag?post=6471"}],"curies":[{"name":"wp","href":"https:\/\/api.w.org\/{rel}","templated":true}]}}