{"id":6499,"date":"2025-08-14T13:04:18","date_gmt":"2025-08-14T13:04:18","guid":{"rendered":"https:\/\/ecostera.com\/dk\/product\/haarplejespray-100-ml\/"},"modified":"2025-09-15T12:08:16","modified_gmt":"2025-09-15T09:08:16","slug":"haarplejespray-100-ml","status":"publish","type":"product","link":"https:\/\/ecostera.com\/dk\/product\/haarplejespray-100-ml\/","title":{"rendered":"H\u00e5rplejespray (100 ml)"},"content":{"rendered":"<h2 style=\"text-align: center\">Tilf\u00f8rer volumen og sp\u00e6ndstighed<\/h2>\n<p style=\"text-align: center\">H\u00e5rplejesprayen er designet til at give dit h\u00e5r et fyldigere og mere livligt look. Den l\u00f8fter dit h\u00e5r og giver enhver frisure fylde, s\u00e5 du kan opn\u00e5 et salonfriskt udseende derhjemme. Sig farvel til fladt, livl\u00f8st h\u00e5r med denne brugervenlige spray.<\/p>\n<p><img decoding=\"async\" class=\"alignnone size-medium wp-image-7588 aligncenter\" src=\"https:\/\/keluvo.com\/template\/wp-content\/uploads\/sites\/5\/2025\/01\/S11952db3fd0a476aae84e0a5ac6a9c6eA.jpg_960x960q75.jpg_.webp\" \/><\/p>\n<h2 style=\"text-align: center\">Plejer hele dagen<\/h2>\n<p style=\"text-align: center\">Denne leave-in-spray holder dit h\u00e5r bl\u00f8dt, glat og h\u00e5ndterbart hele dagen. Dens ikke-kl\u00e6bende formel fugter og udfiltrer, s\u00e5 dit h\u00e5r forbliver sundt og nemt at style. Nyd letv\u00e6gtsn\u00e6ring ved hver brug.<\/p>\n<p><img decoding=\"async\" class=\"alignnone size-medium wp-image-7587 aligncenter\" src=\"https:\/\/keluvo.com\/template\/wp-content\/uploads\/sites\/5\/2025\/01\/Scfcebb0ebee34513ae3d6df3ef9dd609M.jpg_960x960q75.jpg_.webp\" alt=\"\" \/><\/p>\n","protected":false},"excerpt":{"rendered":"<p>Tilf\u00f8rer volumen og sp\u00e6ndstighed H\u00e5rplejesprayen er designet til at give dit h\u00e5r et fyldigere og mere livligt look. Den l\u00f8fter [&hellip;]<\/p>\n","protected":false},"featured_media":6495,"comment_status":"open","ping_status":"closed","template":"","meta":{"site-sidebar-layout":"default","site-content-layout":"","ast-site-content-layout":"default","site-content-style":"default","site-sidebar-style":"default","ast-global-header-display":"","ast-banner-title-visibility":"","ast-main-header-display":"","ast-hfb-above-header-display":"","ast-hfb-below-header-display":"","ast-hfb-mobile-header-display":"","site-post-title":"","ast-breadcrumbs-content":"","ast-featured-img":"","footer-sml-layout":"","theme-transparent-header-meta":"default","adv-header-id-meta":"","stick-header-meta":"","header-above-stick-meta":"","header-main-stick-meta":"","header-below-stick-meta":"","astra-migrate-meta-layouts":"set","ast-page-background-enabled":"default","ast-page-background-meta":{"desktop":{"background-color":"var(--ast-global-color-5)","background-image":"","background-repeat":"repeat","background-position":"center center","background-size":"auto","background-attachment":"scroll","background-type":"","background-media":"","overlay-type":"","overlay-color":"","overlay-opacity":"","overlay-gradient":""},"tablet":{"background-color":"","background-image":"","background-repeat":"repeat","background-position":"center center","background-size":"auto","background-attachment":"scroll","background-type":"","background-media":"","overlay-type":"","overlay-color":"","overlay-opacity":"","overlay-gradient":""},"mobile":{"background-color":"","background-image":"","background-repeat":"repeat","background-position":"center center","background-size":"auto","background-attachment":"scroll","background-type":"","background-media":"","overlay-type":"","overlay-color":"","overlay-opacity":"","overlay-gradient":""}},"ast-content-background-meta":{"desktop":{"background-color":"var(--ast-global-color-4)","background-image":"","background-repeat":"repeat","background-position":"center center","background-size":"auto","background-attachment":"scroll","background-type":"","background-media":"","overlay-type":"","overlay-color":"","overlay-opacity":"","overlay-gradient":""},"tablet":{"background-color":"var(--ast-global-color-4)","background-image":"","background-repeat":"repeat","background-position":"center center","background-size":"auto","background-attachment":"scroll","background-type":"","background-media":"","overlay-type":"","overlay-color":"","overlay-opacity":"","overlay-gradient":""},"mobile":{"background-color":"var(--ast-global-color-4)","background-image":"","background-repeat":"repeat","background-position":"center center","background-size":"auto","background-attachment":"scroll","background-type":"","background-media":"","overlay-type":"","overlay-color":"","overlay-opacity":"","overlay-gradient":""}}},"product_brand":[],"product_cat":[19],"product_tag":[],"class_list":{"0":"post-6499","1":"product","2":"type-product","3":"status-publish","4":"has-post-thumbnail","6":"product_cat-uncategorized","7":"desktop-align-left","8":"tablet-align-left","9":"mobile-align-left","11":"first","12":"instock","13":"shipping-taxable","14":"purchasable","15":"product-type-simple"},"_links":{"self":[{"href":"https:\/\/ecostera.com\/dk\/wp-json\/wp\/v2\/product\/6499","targetHints":{"allow":["GET"]}}],"collection":[{"href":"https:\/\/ecostera.com\/dk\/wp-json\/wp\/v2\/product"}],"about":[{"href":"https:\/\/ecostera.com\/dk\/wp-json\/wp\/v2\/types\/product"}],"replies":[{"embeddable":true,"href":"https:\/\/ecostera.com\/dk\/wp-json\/wp\/v2\/comments?post=6499"}],"wp:featuredmedia":[{"embeddable":true,"href":"https:\/\/ecostera.com\/dk\/wp-json\/wp\/v2\/media\/6495"}],"wp:attachment":[{"href":"https:\/\/ecostera.com\/dk\/wp-json\/wp\/v2\/media?parent=6499"}],"wp:term":[{"taxonomy":"product_brand","embeddable":true,"href":"https:\/\/ecostera.com\/dk\/wp-json\/wp\/v2\/product_brand?post=6499"},{"taxonomy":"product_cat","embeddable":true,"href":"https:\/\/ecostera.com\/dk\/wp-json\/wp\/v2\/product_cat?post=6499"},{"taxonomy":"product_tag","embeddable":true,"href":"https:\/\/ecostera.com\/dk\/wp-json\/wp\/v2\/product_tag?post=6499"}],"curies":[{"name":"wp","href":"https:\/\/api.w.org\/{rel}","templated":true}]}}