{"id":6513,"date":"2025-08-14T13:05:36","date_gmt":"2025-08-14T13:05:36","guid":{"rendered":"https:\/\/ecostera.com\/dk\/product\/justerbart-baelte-til-kropsholdningskorrektion\/"},"modified":"2025-08-15T09:27:26","modified_gmt":"2025-08-15T09:27:26","slug":"justerbart-baelte-til-kropsholdningskorrektion","status":"publish","type":"product","link":"https:\/\/ecostera.com\/dk\/product\/justerbart-baelte-til-kropsholdningskorrektion\/","title":{"rendered":"Justerbart b\u00e6lte til kropsholdningskorrektion"},"content":{"rendered":"<h2 style=\"text-align: center\">\ud83c\udfaf Sid mere lige, st\u00e5 h\u00f8jere, f\u00e5 det bedre!<\/h2>\n<p style=\"text-align: center\"><span style=\"font-weight: 400\">Tr\u00e6t af rygsmerter eller at h\u00e6nge?<\/span><\/p>\n<p style=\"text-align: center\"><span style=\"font-weight: 400\">Det <\/span><b>justerbare holdningskorrigerende b\u00e6lte<\/b><span style=\"font-weight: 400\"> hj\u00e6lper dig med at holde dig oprejst, komfortabel og selvsikker. Det er bl\u00f8dt, \u00e5ndbart og nemt at have p\u00e5 hele dagen &#8211; ingen vil bem\u00e6rke, at du har det p\u00e5.<\/span><\/p>\n<p><img decoding=\"async\" class=\"size-full wp-image-14703 aligncenter\" src=\"https:\/\/keluvo.com\/template\/wp-content\/uploads\/sites\/5\/2024\/12\/fb03e20f-7d09-4e60-a430-9b71174ee40e-ezgif.com-optiwebp.webp\" alt=\"\" \/><\/p>\n<h2 style=\"text-align: center\">\ud83d\udcaa M\u00e6rk forskellen<\/h2>\n<p style=\"text-align: center\"><span style=\"font-weight: 400\">B\u00e6rende dette b\u00e6lte hj\u00e6lper dig med at opbygge bedre holdningsvaner. Med tiden vil dine muskler huske den korrekte position, selv uden b\u00e6ltet.<\/span><\/p>\n<p><img decoding=\"async\" class=\"alignnone size-medium wp-image-5061 aligncenter\" src=\"https:\/\/keluvo.com\/template\/wp-content\/uploads\/sites\/5\/2024\/12\/Afb0d9e63af814f5f817dca7eafaae795f.jpg_960x960q75.jpg_.jpeg\" alt=\"\" \/><\/p>\n<h2 style=\"text-align: center\">\u2705 Hvorfor du vil elske det:<\/h2>\n<ul>\n<li style=\"font-weight: 400\"><span style=\"font-weight: 400\">St\u00f8tter din ryg og talje for at forbedre kropsholdningen<\/span>&nbsp;<\/li>\n<li style=\"font-weight: 400\"><span style=\"font-weight: 400\">Bl\u00f8dt, \u00e5ndbart stof holder dig k\u00f8lig og komfortabel<\/span>&nbsp;<\/li>\n<li style=\"font-weight: 400\"><span style=\"font-weight: 400\">Udhulet skumdesign forbliver usynligt under t\u00f8jet<\/span>&nbsp;<\/li>\n<li style=\"font-weight: 400\"><span style=\"font-weight: 400\">Justerbare velcrob\u00e5nd for en perfekt pasform<\/span>&nbsp;<\/li>\n<li style=\"font-weight: 400\"><span style=\"font-weight: 400\">Passer til alle kropstyper, fra sm\u00e5 til store (st\u00f8rrelse S til XXL)<\/span>&nbsp;<\/li>\n<li style=\"font-weight: 400\"><span style=\"font-weight: 400\">Reducerer rygsmerter, skulderbelastning og sk\u00e6vhed<\/span>&nbsp;<\/li>\n<li><span style=\"font-weight: 400\">Godt til arbejde, skole eller daglig brug<\/span><span style=\"font-weight: 400\"><br \/>\n<\/span><\/li>\n<\/ul>\n<h2 style=\"text-align: center\">\ud83d\udce6 Hvad indeholder pakken:<\/h2>\n<ul>\n<li style=\"font-weight: 400\"><span style=\"font-weight: 400\">1 x justerbart holdningskorrigerende b\u00e6lte (materiale: \u00e5ndbart, letv\u00e6gtsstof med skumpolstring)<\/span><span style=\"font-weight: 400\"><br \/>\n<\/span><\/li>\n<\/ul>\n","protected":false},"excerpt":{"rendered":"<p>\ud83c\udfaf Sid mere lige, st\u00e5 h\u00f8jere, f\u00e5 det bedre! Tr\u00e6t af rygsmerter eller at h\u00e6nge? Det justerbare holdningskorrigerende b\u00e6lte hj\u00e6lper [&hellip;]<\/p>\n","protected":false},"featured_media":6509,"comment_status":"open","ping_status":"closed","template":"","meta":{"site-sidebar-layout":"default","site-content-layout":"","ast-site-content-layout":"default","site-content-style":"default","site-sidebar-style":"default","ast-global-header-display":"","ast-banner-title-visibility":"","ast-main-header-display":"","ast-hfb-above-header-display":"","ast-hfb-below-header-display":"","ast-hfb-mobile-header-display":"","site-post-title":"","ast-breadcrumbs-content":"","ast-featured-img":"","footer-sml-layout":"","theme-transparent-header-meta":"default","adv-header-id-meta":"","stick-header-meta":"","header-above-stick-meta":"","header-main-stick-meta":"","header-below-stick-meta":"","astra-migrate-meta-layouts":"set","ast-page-background-enabled":"default","ast-page-background-meta":{"desktop":{"background-color":"var(--ast-global-color-5)","background-image":"","background-repeat":"repeat","background-position":"center center","background-size":"auto","background-attachment":"scroll","background-type":"","background-media":"","overlay-type":"","overlay-color":"","overlay-opacity":"","overlay-gradient":""},"tablet":{"background-color":"","background-image":"","background-repeat":"repeat","background-position":"center center","background-size":"auto","background-attachment":"scroll","background-type":"","background-media":"","overlay-type":"","overlay-color":"","overlay-opacity":"","overlay-gradient":""},"mobile":{"background-color":"","background-image":"","background-repeat":"repeat","background-position":"center center","background-size":"auto","background-attachment":"scroll","background-type":"","background-media":"","overlay-type":"","overlay-color":"","overlay-opacity":"","overlay-gradient":""}},"ast-content-background-meta":{"desktop":{"background-color":"var(--ast-global-color-4)","background-image":"","background-repeat":"repeat","background-position":"center center","background-size":"auto","background-attachment":"scroll","background-type":"","background-media":"","overlay-type":"","overlay-color":"","overlay-opacity":"","overlay-gradient":""},"tablet":{"background-color":"var(--ast-global-color-4)","background-image":"","background-repeat":"repeat","background-position":"center center","background-size":"auto","background-attachment":"scroll","background-type":"","background-media":"","overlay-type":"","overlay-color":"","overlay-opacity":"","overlay-gradient":""},"mobile":{"background-color":"var(--ast-global-color-4)","background-image":"","background-repeat":"repeat","background-position":"center center","background-size":"auto","background-attachment":"scroll","background-type":"","background-media":"","overlay-type":"","overlay-color":"","overlay-opacity":"","overlay-gradient":""}}},"product_brand":[],"product_cat":[19],"product_tag":[],"class_list":{"0":"post-6513","1":"product","2":"type-product","3":"status-publish","4":"has-post-thumbnail","6":"product_cat-uncategorized","7":"pa_46730_n712bd90-s","8":"pa_46730_n712bd90-m","9":"pa_46730_n712bd90-l","10":"pa_46730_n712bd90-xl","11":"pa_46730_n712bd90-xxl","12":"desktop-align-left","13":"tablet-align-left","14":"mobile-align-left","16":"first","17":"instock","18":"shipping-taxable","19":"purchasable","20":"product-type-variable"},"_links":{"self":[{"href":"https:\/\/ecostera.com\/dk\/wp-json\/wp\/v2\/product\/6513","targetHints":{"allow":["GET"]}}],"collection":[{"href":"https:\/\/ecostera.com\/dk\/wp-json\/wp\/v2\/product"}],"about":[{"href":"https:\/\/ecostera.com\/dk\/wp-json\/wp\/v2\/types\/product"}],"replies":[{"embeddable":true,"href":"https:\/\/ecostera.com\/dk\/wp-json\/wp\/v2\/comments?post=6513"}],"wp:featuredmedia":[{"embeddable":true,"href":"https:\/\/ecostera.com\/dk\/wp-json\/wp\/v2\/media\/6509"}],"wp:attachment":[{"href":"https:\/\/ecostera.com\/dk\/wp-json\/wp\/v2\/media?parent=6513"}],"wp:term":[{"taxonomy":"product_brand","embeddable":true,"href":"https:\/\/ecostera.com\/dk\/wp-json\/wp\/v2\/product_brand?post=6513"},{"taxonomy":"product_cat","embeddable":true,"href":"https:\/\/ecostera.com\/dk\/wp-json\/wp\/v2\/product_cat?post=6513"},{"taxonomy":"product_tag","embeddable":true,"href":"https:\/\/ecostera.com\/dk\/wp-json\/wp\/v2\/product_tag?post=6513"}],"curies":[{"name":"wp","href":"https:\/\/api.w.org\/{rel}","templated":true}]}}