{"id":6537,"date":"2025-08-14T13:07:19","date_gmt":"2025-08-14T13:07:19","guid":{"rendered":"https:\/\/ecostera.com\/dk\/product\/legetoej-med-flyvende-bold\/"},"modified":"2025-09-12T14:38:14","modified_gmt":"2025-09-12T11:38:14","slug":"legetoej-med-flyvende-bold","status":"publish","type":"product","link":"https:\/\/ecostera.com\/dk\/product\/legetoej-med-flyvende-bold\/","title":{"rendered":"Leget\u00f8j med flyvende bold"},"content":{"rendered":"<h2 style=\"text-align: center\">Let at Styre og Flyve<\/h2>\n<p style=\"text-align: center\">Det flyvende boldleget\u00f8j er let at bruge og sjovt at mestre. Bare t\u00e6nd for str\u00f8mmen, hold den oprejst, og ryst den for at starte. Du kan eksperimentere med forskellige kast for at opdage nye flyveveje, tricks og spins, hvilket g\u00f8r hver session sp\u00e6ndende og unik.<\/p>\n<p><img decoding=\"async\" class=\"alignnone size-medium wp-image-3553 aligncenter\" src=\"https:\/\/keluvo.com\/template\/wp-content\/uploads\/sites\/5\/2024\/11\/d3b880d8-2599-414b-823f-ee35d1eba833.webp\" alt=\"\" \/><\/p>\n<h2 style=\"text-align: center\">Farverigt LED-Lysshow<\/h2>\n<p style=\"text-align: center\">Med klare, dynamiske LED-lys lyser den flyvende bold op, n\u00e5r den flyver, og skaber et bl\u00e6ndende display, der ligner et stjerneskud. De farverige lys forst\u00e6rker det sjove, is\u00e6r n\u00e5r det bruges i m\u00f8rke omgivelser, og g\u00f8r det til en f\u00e6ngslende oplevelse for b\u00e5de b\u00f8rn og voksne.<\/p>\n<p><img decoding=\"async\" class=\"alignnone size-medium wp-image-3556 aligncenter\" src=\"https:\/\/keluvo.com\/template\/wp-content\/uploads\/sites\/5\/2024\/11\/39f9e950-0eb2-4b64-b27a-8b10990367f3.webp\" alt=\"\" \/><\/p>\n","protected":false},"excerpt":{"rendered":"<p>Let at Styre og Flyve Det flyvende boldleget\u00f8j er let at bruge og sjovt at mestre. Bare t\u00e6nd for str\u00f8mmen, [&hellip;]<\/p>\n","protected":false},"featured_media":6533,"comment_status":"open","ping_status":"closed","template":"","meta":{"site-sidebar-layout":"default","site-content-layout":"","ast-site-content-layout":"default","site-content-style":"default","site-sidebar-style":"default","ast-global-header-display":"","ast-banner-title-visibility":"","ast-main-header-display":"","ast-hfb-above-header-display":"","ast-hfb-below-header-display":"","ast-hfb-mobile-header-display":"","site-post-title":"","ast-breadcrumbs-content":"","ast-featured-img":"","footer-sml-layout":"","theme-transparent-header-meta":"default","adv-header-id-meta":"","stick-header-meta":"","header-above-stick-meta":"","header-main-stick-meta":"","header-below-stick-meta":"","astra-migrate-meta-layouts":"set","ast-page-background-enabled":"default","ast-page-background-meta":{"desktop":{"background-color":"var(--ast-global-color-5)","background-image":"","background-repeat":"repeat","background-position":"center center","background-size":"auto","background-attachment":"scroll","background-type":"","background-media":"","overlay-type":"","overlay-color":"","overlay-opacity":"","overlay-gradient":""},"tablet":{"background-color":"","background-image":"","background-repeat":"repeat","background-position":"center center","background-size":"auto","background-attachment":"scroll","background-type":"","background-media":"","overlay-type":"","overlay-color":"","overlay-opacity":"","overlay-gradient":""},"mobile":{"background-color":"","background-image":"","background-repeat":"repeat","background-position":"center center","background-size":"auto","background-attachment":"scroll","background-type":"","background-media":"","overlay-type":"","overlay-color":"","overlay-opacity":"","overlay-gradient":""}},"ast-content-background-meta":{"desktop":{"background-color":"var(--ast-global-color-4)","background-image":"","background-repeat":"repeat","background-position":"center center","background-size":"auto","background-attachment":"scroll","background-type":"","background-media":"","overlay-type":"","overlay-color":"","overlay-opacity":"","overlay-gradient":""},"tablet":{"background-color":"var(--ast-global-color-4)","background-image":"","background-repeat":"repeat","background-position":"center center","background-size":"auto","background-attachment":"scroll","background-type":"","background-media":"","overlay-type":"","overlay-color":"","overlay-opacity":"","overlay-gradient":""},"mobile":{"background-color":"var(--ast-global-color-4)","background-image":"","background-repeat":"repeat","background-position":"center center","background-size":"auto","background-attachment":"scroll","background-type":"","background-media":"","overlay-type":"","overlay-color":"","overlay-opacity":"","overlay-gradient":""}}},"product_brand":[],"product_cat":[19],"product_tag":[],"class_list":{"0":"post-6537","1":"product","2":"type-product","3":"status-publish","4":"has-post-thumbnail","6":"product_cat-uncategorized","7":"pa_21067_jtlnqg1j-blaa","8":"pa_21067_jtlnqg1j-lilla","9":"pa_21067_jtlnqg1j-roed","10":"desktop-align-left","11":"tablet-align-left","12":"mobile-align-left","14":"first","15":"instock","16":"shipping-taxable","17":"purchasable","18":"product-type-variable"},"_links":{"self":[{"href":"https:\/\/ecostera.com\/dk\/wp-json\/wp\/v2\/product\/6537","targetHints":{"allow":["GET"]}}],"collection":[{"href":"https:\/\/ecostera.com\/dk\/wp-json\/wp\/v2\/product"}],"about":[{"href":"https:\/\/ecostera.com\/dk\/wp-json\/wp\/v2\/types\/product"}],"replies":[{"embeddable":true,"href":"https:\/\/ecostera.com\/dk\/wp-json\/wp\/v2\/comments?post=6537"}],"wp:featuredmedia":[{"embeddable":true,"href":"https:\/\/ecostera.com\/dk\/wp-json\/wp\/v2\/media\/6533"}],"wp:attachment":[{"href":"https:\/\/ecostera.com\/dk\/wp-json\/wp\/v2\/media?parent=6537"}],"wp:term":[{"taxonomy":"product_brand","embeddable":true,"href":"https:\/\/ecostera.com\/dk\/wp-json\/wp\/v2\/product_brand?post=6537"},{"taxonomy":"product_cat","embeddable":true,"href":"https:\/\/ecostera.com\/dk\/wp-json\/wp\/v2\/product_cat?post=6537"},{"taxonomy":"product_tag","embeddable":true,"href":"https:\/\/ecostera.com\/dk\/wp-json\/wp\/v2\/product_tag?post=6537"}],"curies":[{"name":"wp","href":"https:\/\/api.w.org\/{rel}","templated":true}]}}