{"id":6711,"date":"2025-08-18T09:48:22","date_gmt":"2025-08-18T09:48:22","guid":{"rendered":"https:\/\/ecostera.com\/dk\/product\/smart-ur\/"},"modified":"2025-09-13T16:02:07","modified_gmt":"2025-09-13T13:02:07","slug":"smart-ur","status":"publish","type":"product","link":"https:\/\/ecostera.com\/dk\/product\/smart-ur\/","title":{"rendered":"Smart ur"},"content":{"rendered":"<h2 style=\"text-align: center;\"><strong>24-Timers Pulsm\u00e5ling<\/strong><\/h2>\n<p style=\"text-align: center;\">Pulsm\u00e5ling i realtid i 24 timer efter ops\u00e6tning, du f\u00e5r besked, hvis din puls er unormal, for hurtig eller for langsom, eller hvis din hjerterytme er uregelm\u00e6ssig<\/p>\n<h2 style=\"text-align: center;\"><img decoding=\"async\" class=\"size-medium wp-image-2746 aligncenter\" src=\"https:\/\/keluvo.com\/template\/wp-content\/uploads\/sites\/5\/2024\/10\/5edab878-396e-4267-9e15-8ffaf4bef2b4.jpg\" alt=\"\" \/><\/h2>\n<h2><\/h2>\n<h2 style=\"text-align: center;\"><strong>Funktioner<\/strong><\/h2>\n<p style=\"text-align: center;\">Bluetooth-opkald+ telefons\u00f8gning+ beskedalarm+ tidsvisning+ stopur+ nedt\u00e6llingstimer+ alarmindstilling og s\u00e5 videre.<\/p>\n<h2 style=\"text-align: center;\"><img decoding=\"async\" class=\"size-medium wp-image-2747 aligncenter\" src=\"https:\/\/keluvo.com\/template\/wp-content\/uploads\/sites\/5\/2024\/10\/e42467e03b573b822440a208b990e32a.jpeg\" alt=\"\" \/><br \/>\n<strong>Vandt\u00e6t<\/strong><\/h2>\n<p style=\"text-align: center;\">Uret er IP67-vandt\u00e6t, s\u00e5 du beh\u00f8ver ikke at bekymre dig om at komme i vandet under daglig brug. Du kan nyde din tr\u00e6ning uden at bekymre dig om sved- eller vandskader.<\/p>\n<h2 style=\"text-align: center;\"><img decoding=\"async\" class=\"size-medium wp-image-2748 aligncenter\" src=\"https:\/\/keluvo.com\/template\/wp-content\/uploads\/sites\/5\/2024\/10\/2_d67219d5-dbf2-4806-955b-b4dcf047ae81_480x480.webp\" alt=\"\" \/><br \/>\n<strong>Bluetooth-Opkald<\/strong><\/h2>\n<p style=\"text-align: center;\">Giver dig mulighed for at besvare og foretage opkald direkte p\u00e5 dit smartwatch via en Bluetooth-forbindelse. S\u00e5 du g\u00e5r aldrig mere glip af et vigtigt opkald eller en besked under et m\u00f8de eller en tr\u00e6ningssession.<\/p>\n<h2 style=\"text-align: center;\"><img decoding=\"async\" class=\"size-medium wp-image-2750 aligncenter\" src=\"https:\/\/keluvo.com\/template\/wp-content\/uploads\/sites\/5\/2024\/10\/30-3_349d26e4-a0a4-484a-b51a-620bb14eaa20_480x480.webp\" alt=\"\" \/><br \/>\n<strong>Musik P\u00e5 Farten!<\/strong><\/h2>\n<p style=\"text-align: center;\">Med en enorm hukommelse og en lagerkapacitet p\u00e5 mere end 100 numre kan du nyde din musik overalt, selv uden en mobiltelefon! Eller opret forbindelse til din telefon via Bluetooth for ubegr\u00e6nset musiklytning!<\/p>\n<h2 style=\"text-align: center;\"><img decoding=\"async\" class=\"size-medium wp-image-2749 aligncenter\" src=\"https:\/\/keluvo.com\/template\/wp-content\/uploads\/sites\/5\/2024\/10\/30-1_b999ad9d-210d-475f-af63-61d27346586c_480x480.webp\" alt=\"\" \/><br \/>\n<strong>Live Pulsm\u00e5ling<\/strong><\/h2>\n<p style=\"text-align: center;\">Overv\u00e5g nemt dit helbred og din kondition live. Eller f\u00e5 besked, hvis der registreres noget unormalt.<\/p>\n<p><img decoding=\"async\" class=\"size-medium wp-image-2751 aligncenter\" src=\"https:\/\/keluvo.com\/template\/wp-content\/uploads\/sites\/5\/2024\/10\/18_7b91549d-5a86-44ac-a0e8-d4a21f59374a_480x480.webp\" alt=\"\" \/><\/p>\n<h2><\/h2>\n<h2 style=\"text-align: center;\"><strong>Advarsel Om H\u00f8j Kropstemperatur<\/strong><\/h2>\n<p style=\"text-align: center;\">N\u00e5r kropstemperaturen overstiger 37,2 C (36\u2103~37\u2103 er det normale interval), vil uret vibrere og minde dig om at k\u00f8le ned, drikke vand og passe p\u00e5 dit helbred.<\/p>\n<p><img decoding=\"async\" class=\"size-medium wp-image-2752 aligncenter\" src=\"https:\/\/keluvo.com\/template\/wp-content\/uploads\/sites\/5\/2024\/10\/8_f68f9149-bb91-4402-a87e-ededda9b6b70_480x480.webp\" alt=\"\" \/><\/p>\n","protected":false},"excerpt":{"rendered":"<p>24-Timers Pulsm\u00e5ling Pulsm\u00e5ling i realtid i 24 timer efter ops\u00e6tning, du f\u00e5r besked, hvis din puls er unormal, for hurtig [&hellip;]<\/p>\n","protected":false},"featured_media":6707,"comment_status":"open","ping_status":"closed","template":"","meta":{"site-sidebar-layout":"default","site-content-layout":"","ast-site-content-layout":"default","site-content-style":"default","site-sidebar-style":"default","ast-global-header-display":"","ast-banner-title-visibility":"","ast-main-header-display":"","ast-hfb-above-header-display":"","ast-hfb-below-header-display":"","ast-hfb-mobile-header-display":"","site-post-title":"","ast-breadcrumbs-content":"","ast-featured-img":"","footer-sml-layout":"","theme-transparent-header-meta":"default","adv-header-id-meta":"","stick-header-meta":"","header-above-stick-meta":"","header-main-stick-meta":"","header-below-stick-meta":"","astra-migrate-meta-layouts":"set","ast-page-background-enabled":"default","ast-page-background-meta":{"desktop":{"background-color":"var(--ast-global-color-5)","background-image":"","background-repeat":"repeat","background-position":"center center","background-size":"auto","background-attachment":"scroll","background-type":"","background-media":"","overlay-type":"","overlay-color":"","overlay-opacity":"","overlay-gradient":""},"tablet":{"background-color":"","background-image":"","background-repeat":"repeat","background-position":"center center","background-size":"auto","background-attachment":"scroll","background-type":"","background-media":"","overlay-type":"","overlay-color":"","overlay-opacity":"","overlay-gradient":""},"mobile":{"background-color":"","background-image":"","background-repeat":"repeat","background-position":"center center","background-size":"auto","background-attachment":"scroll","background-type":"","background-media":"","overlay-type":"","overlay-color":"","overlay-opacity":"","overlay-gradient":""}},"ast-content-background-meta":{"desktop":{"background-color":"var(--ast-global-color-4)","background-image":"","background-repeat":"repeat","background-position":"center center","background-size":"auto","background-attachment":"scroll","background-type":"","background-media":"","overlay-type":"","overlay-color":"","overlay-opacity":"","overlay-gradient":""},"tablet":{"background-color":"var(--ast-global-color-4)","background-image":"","background-repeat":"repeat","background-position":"center center","background-size":"auto","background-attachment":"scroll","background-type":"","background-media":"","overlay-type":"","overlay-color":"","overlay-opacity":"","overlay-gradient":""},"mobile":{"background-color":"var(--ast-global-color-4)","background-image":"","background-repeat":"repeat","background-position":"center center","background-size":"auto","background-attachment":"scroll","background-type":"","background-media":"","overlay-type":"","overlay-color":"","overlay-opacity":"","overlay-gradient":""}}},"product_brand":[],"product_cat":[19],"product_tag":[],"class_list":{"0":"post-6711","1":"product","2":"type-product","3":"status-publish","4":"has-post-thumbnail","6":"product_cat-uncategorized","7":"pa_14793_mv2mvj6d-brunt-baelte","8":"pa_14793_mv2mvj6d-hvid","9":"pa_14793_mv2mvj6d-soelvfarvet-staal","10":"pa_14793_mv2mvj6d-sort","11":"pa_14793_mv2mvj6d-sort-baelte","12":"pa_14793_mv2mvj6d-sort-staal","13":"desktop-align-left","14":"tablet-align-left","15":"mobile-align-left","17":"first","18":"instock","19":"shipping-taxable","20":"purchasable","21":"product-type-variable"},"_links":{"self":[{"href":"https:\/\/ecostera.com\/dk\/wp-json\/wp\/v2\/product\/6711","targetHints":{"allow":["GET"]}}],"collection":[{"href":"https:\/\/ecostera.com\/dk\/wp-json\/wp\/v2\/product"}],"about":[{"href":"https:\/\/ecostera.com\/dk\/wp-json\/wp\/v2\/types\/product"}],"replies":[{"embeddable":true,"href":"https:\/\/ecostera.com\/dk\/wp-json\/wp\/v2\/comments?post=6711"}],"wp:featuredmedia":[{"embeddable":true,"href":"https:\/\/ecostera.com\/dk\/wp-json\/wp\/v2\/media\/6707"}],"wp:attachment":[{"href":"https:\/\/ecostera.com\/dk\/wp-json\/wp\/v2\/media?parent=6711"}],"wp:term":[{"taxonomy":"product_brand","embeddable":true,"href":"https:\/\/ecostera.com\/dk\/wp-json\/wp\/v2\/product_brand?post=6711"},{"taxonomy":"product_cat","embeddable":true,"href":"https:\/\/ecostera.com\/dk\/wp-json\/wp\/v2\/product_cat?post=6711"},{"taxonomy":"product_tag","embeddable":true,"href":"https:\/\/ecostera.com\/dk\/wp-json\/wp\/v2\/product_tag?post=6711"}],"curies":[{"name":"wp","href":"https:\/\/api.w.org\/{rel}","templated":true}]}}