{"id":6762,"date":"2025-08-18T09:51:12","date_gmt":"2025-08-18T09:51:12","guid":{"rendered":"https:\/\/ecostera.com\/dk\/product\/foundation-creme\/"},"modified":"2025-08-18T09:51:21","modified_gmt":"2025-08-18T09:51:21","slug":"foundation-creme","status":"publish","type":"product","link":"https:\/\/ecostera.com\/dk\/product\/foundation-creme\/","title":{"rendered":"Foundation-creme"},"content":{"rendered":"<h2 style=\"text-align: center\">Glat og J\u00e6vn P\u00e5f\u00f8ring<\/h2>\n<p style=\"text-align: center\">Foundationcremen indeholder en bl\u00f8d pudderkvast med svampehoved, der udvider sig, n\u00e5r den er fugtig, og sikrer en glat og j\u00e6vn p\u00e5f\u00f8ring p\u00e5 huden. Den blide tekstur g\u00f8r det nemt at blande uden at efterlade striber, hvilket giver en fejlfri finish hver gang.<\/p>\n<p><img decoding=\"async\" class=\"alignnone size-medium wp-image-3892 aligncenter\" src=\"https:\/\/keluvo.com\/template\/wp-content\/uploads\/sites\/5\/2024\/11\/Magic-Foundation-Mushroom-Head-Air-Cushion-CC-Cream-Waterproof-Brighten-Foundation-Cream-Women-Base-Makeup-Face.jpg_-2.png\" alt=\"\" \/><\/p>\n<h2 style=\"text-align: center\">Langvarig og Svedsikker<\/h2>\n<p style=\"text-align: center\">Denne foundationcreme er designet til at blive p\u00e5 plads hele dagen og modst\u00e5r sved og olie for at opretholde et naturligt, ikke-fedtet look. Dens lette formel sikrer, at din makeup f\u00f8les frisk og behagelig uden behov for hyppige touch-ups.<\/p>\n<p><img decoding=\"async\" class=\"alignnone size-medium wp-image-3891 aligncenter\" src=\"https:\/\/keluvo.com\/template\/wp-content\/uploads\/sites\/5\/2024\/11\/Magic-Foundation-Mushroom-Head-Air-Cushion-CC-Cream-Waterproof-Brighten-Foundation-Cream-Women-Base-Makeup-Face.jpg_-3.png\" alt=\"\" \/><\/p>\n","protected":false},"excerpt":{"rendered":"<p>Glat og J\u00e6vn P\u00e5f\u00f8ring Foundationcremen indeholder en bl\u00f8d pudderkvast med svampehoved, der udvider sig, n\u00e5r den er fugtig, og sikrer [&hellip;]<\/p>\n","protected":false},"featured_media":6758,"comment_status":"open","ping_status":"closed","template":"","meta":{"site-sidebar-layout":"default","site-content-layout":"","ast-site-content-layout":"default","site-content-style":"default","site-sidebar-style":"default","ast-global-header-display":"","ast-banner-title-visibility":"","ast-main-header-display":"","ast-hfb-above-header-display":"","ast-hfb-below-header-display":"","ast-hfb-mobile-header-display":"","site-post-title":"","ast-breadcrumbs-content":"","ast-featured-img":"","footer-sml-layout":"","theme-transparent-header-meta":"default","adv-header-id-meta":"","stick-header-meta":"","header-above-stick-meta":"","header-main-stick-meta":"","header-below-stick-meta":"","astra-migrate-meta-layouts":"set","ast-page-background-enabled":"default","ast-page-background-meta":{"desktop":{"background-color":"var(--ast-global-color-5)","background-image":"","background-repeat":"repeat","background-position":"center center","background-size":"auto","background-attachment":"scroll","background-type":"","background-media":"","overlay-type":"","overlay-color":"","overlay-opacity":"","overlay-gradient":""},"tablet":{"background-color":"","background-image":"","background-repeat":"repeat","background-position":"center center","background-size":"auto","background-attachment":"scroll","background-type":"","background-media":"","overlay-type":"","overlay-color":"","overlay-opacity":"","overlay-gradient":""},"mobile":{"background-color":"","background-image":"","background-repeat":"repeat","background-position":"center center","background-size":"auto","background-attachment":"scroll","background-type":"","background-media":"","overlay-type":"","overlay-color":"","overlay-opacity":"","overlay-gradient":""}},"ast-content-background-meta":{"desktop":{"background-color":"var(--ast-global-color-4)","background-image":"","background-repeat":"repeat","background-position":"center center","background-size":"auto","background-attachment":"scroll","background-type":"","background-media":"","overlay-type":"","overlay-color":"","overlay-opacity":"","overlay-gradient":""},"tablet":{"background-color":"var(--ast-global-color-4)","background-image":"","background-repeat":"repeat","background-position":"center center","background-size":"auto","background-attachment":"scroll","background-type":"","background-media":"","overlay-type":"","overlay-color":"","overlay-opacity":"","overlay-gradient":""},"mobile":{"background-color":"var(--ast-global-color-4)","background-image":"","background-repeat":"repeat","background-position":"center center","background-size":"auto","background-attachment":"scroll","background-type":"","background-media":"","overlay-type":"","overlay-color":"","overlay-opacity":"","overlay-gradient":""}}},"product_brand":[],"product_cat":[19],"product_tag":[],"class_list":{"0":"post-6762","1":"product","2":"type-product","3":"status-publish","4":"has-post-thumbnail","6":"product_cat-uncategorized","7":"pa_21446_09p6gk37-elfenben","8":"pa_21446_09p6gk37-naturlig","9":"desktop-align-left","10":"tablet-align-left","11":"mobile-align-left","13":"first","14":"instock","15":"shipping-taxable","16":"purchasable","17":"product-type-variable"},"_links":{"self":[{"href":"https:\/\/ecostera.com\/dk\/wp-json\/wp\/v2\/product\/6762","targetHints":{"allow":["GET"]}}],"collection":[{"href":"https:\/\/ecostera.com\/dk\/wp-json\/wp\/v2\/product"}],"about":[{"href":"https:\/\/ecostera.com\/dk\/wp-json\/wp\/v2\/types\/product"}],"replies":[{"embeddable":true,"href":"https:\/\/ecostera.com\/dk\/wp-json\/wp\/v2\/comments?post=6762"}],"wp:featuredmedia":[{"embeddable":true,"href":"https:\/\/ecostera.com\/dk\/wp-json\/wp\/v2\/media\/6758"}],"wp:attachment":[{"href":"https:\/\/ecostera.com\/dk\/wp-json\/wp\/v2\/media?parent=6762"}],"wp:term":[{"taxonomy":"product_brand","embeddable":true,"href":"https:\/\/ecostera.com\/dk\/wp-json\/wp\/v2\/product_brand?post=6762"},{"taxonomy":"product_cat","embeddable":true,"href":"https:\/\/ecostera.com\/dk\/wp-json\/wp\/v2\/product_cat?post=6762"},{"taxonomy":"product_tag","embeddable":true,"href":"https:\/\/ecostera.com\/dk\/wp-json\/wp\/v2\/product_tag?post=6762"}],"curies":[{"name":"wp","href":"https:\/\/api.w.org\/{rel}","templated":true}]}}