{"id":6840,"date":"2025-08-18T09:56:42","date_gmt":"2025-08-18T09:56:42","guid":{"rendered":"https:\/\/ecostera.com\/dk\/product\/silentbark\/"},"modified":"2025-08-18T09:56:42","modified_gmt":"2025-08-18T09:56:42","slug":"silentbark","status":"publish","type":"product","link":"https:\/\/ecostera.com\/dk\/product\/silentbark\/","title":{"rendered":"SilentBark\u2122"},"content":{"rendered":"<h2 style=\"text-align: center\">Den nye m\u00e5de at holde din hunds g\u00f8en under kontrol<\/h2>\n<p style=\"text-align: center\">SilentBark\u2122 er en lille enhed, der er designet til at hj\u00e6lpe din hund med at g\u00f8 mindre. Den er sk\u00e5nsom og f\u00e5r din pelsede ven til at f\u00f8le sig godt tilpas. Du beh\u00f8ver ikke at s\u00e6tte den p\u00e5 din hund, s\u00e5 den har det godt. N\u00e5r din hund g\u00f8r for meget, afgiver denne enhed en s\u00e6rlig lyd, som hj\u00e6lper den med at g\u00f8 mindre.<\/p>\n<p style=\"text-align: center\"><img decoding=\"async\" class=\"alignnone size-medium wp-image-12330\" src=\"https:\/\/keluvo.com\/template\/wp-content\/uploads\/sites\/5\/2024\/11\/ezgif-42ab5212e48801.webp\" alt=\"\" \/><\/p>\n<h2 style=\"text-align: center\">Godt for din hunds helbred<\/h2>\n<p style=\"text-align: center\">Vores SilentBark\u2122 hj\u00e6lper med at stoppe overdreven g\u00f8en uden at skade eller stresse din hund. I mods\u00e6tning til st\u00f8dhalsb\u00e5nd, der kan v\u00e6re ubehagelige og smertefulde, beh\u00f8ver ultralydsapparater til g\u00f8bekontrol ikke at r\u00f8re ved din hund. Den h\u00f8jfrekvente lyd er lavet til at stoppe g\u00f8en og f\u00e5 din hund til at g\u00f8 mindre.<\/p>\n<p><img decoding=\"async\" class=\"size-medium wp-image-12331 aligncenter\" src=\"https:\/\/keluvo.com\/template\/wp-content\/uploads\/sites\/5\/2024\/11\/image_2025-03-15_115432291.png\" alt=\"\" \/><\/p>\n<h2 style=\"text-align: center\">S\u00e5dan virker den<\/h2>\n<p style=\"text-align: center\"><strong>Lytter Efter G\u00f8en<\/strong>: N\u00e5r din hund g\u00f8r i n\u00e6rheden, h\u00f8rer SilentBark\u2122 det.<\/p>\n<p style=\"text-align: center\"><strong>Laver En Hundefl\u00f8jtelyd<\/strong>: Den udsender derefter en lyd, som kun hunde kan h\u00f8re, hvilket f\u00e5r dem til at forbinde g\u00f8en med lyden.<\/p>\n<p style=\"text-align: center\"><strong>Hunden L\u00e6rer<\/strong>: Din hund l\u00e6rer, at hvis den g\u00f8r for meget, h\u00f8rer den lyden, s\u00e5 den g\u00f8r mindre.<\/p>\n<p style=\"text-align: center\"><strong>T\u00e6ndes Og Slukkes<\/strong>: SilentBark\u2122 virker kun, n\u00e5r din hund g\u00f8r, s\u00e5 den ikke generer nogen, n\u00e5r de ikke har brug for det.<\/p>\n<p style=\"text-align: center\"><strong>B\u00e6rbar<\/strong>: Du kan tage SilentBark\u2122 med dig, fordi den er lille og nem at b\u00e6re.<\/p>\n<p><img decoding=\"async\" class=\"size-medium wp-image-12340 aligncenter\" src=\"https:\/\/keluvo.com\/template\/wp-content\/uploads\/sites\/5\/2024\/11\/Seb7656ae98d643378ecd3ea98061a11az-1.png\" alt=\"\" \/><\/p>\n","protected":false},"excerpt":{"rendered":"<p>Den nye m\u00e5de at holde din hunds g\u00f8en under kontrol SilentBark\u2122 er en lille enhed, der er designet til at [&hellip;]<\/p>\n","protected":false},"featured_media":6836,"comment_status":"open","ping_status":"closed","template":"","meta":{"site-sidebar-layout":"default","site-content-layout":"","ast-site-content-layout":"default","site-content-style":"default","site-sidebar-style":"default","ast-global-header-display":"","ast-banner-title-visibility":"","ast-main-header-display":"","ast-hfb-above-header-display":"","ast-hfb-below-header-display":"","ast-hfb-mobile-header-display":"","site-post-title":"","ast-breadcrumbs-content":"","ast-featured-img":"","footer-sml-layout":"","theme-transparent-header-meta":"default","adv-header-id-meta":"","stick-header-meta":"","header-above-stick-meta":"","header-main-stick-meta":"","header-below-stick-meta":"","astra-migrate-meta-layouts":"set","ast-page-background-enabled":"default","ast-page-background-meta":{"desktop":{"background-color":"var(--ast-global-color-5)","background-image":"","background-repeat":"repeat","background-position":"center center","background-size":"auto","background-attachment":"scroll","background-type":"","background-media":"","overlay-type":"","overlay-color":"","overlay-opacity":"","overlay-gradient":""},"tablet":{"background-color":"","background-image":"","background-repeat":"repeat","background-position":"center center","background-size":"auto","background-attachment":"scroll","background-type":"","background-media":"","overlay-type":"","overlay-color":"","overlay-opacity":"","overlay-gradient":""},"mobile":{"background-color":"","background-image":"","background-repeat":"repeat","background-position":"center center","background-size":"auto","background-attachment":"scroll","background-type":"","background-media":"","overlay-type":"","overlay-color":"","overlay-opacity":"","overlay-gradient":""}},"ast-content-background-meta":{"desktop":{"background-color":"var(--ast-global-color-4)","background-image":"","background-repeat":"repeat","background-position":"center center","background-size":"auto","background-attachment":"scroll","background-type":"","background-media":"","overlay-type":"","overlay-color":"","overlay-opacity":"","overlay-gradient":""},"tablet":{"background-color":"var(--ast-global-color-4)","background-image":"","background-repeat":"repeat","background-position":"center center","background-size":"auto","background-attachment":"scroll","background-type":"","background-media":"","overlay-type":"","overlay-color":"","overlay-opacity":"","overlay-gradient":""},"mobile":{"background-color":"var(--ast-global-color-4)","background-image":"","background-repeat":"repeat","background-position":"center center","background-size":"auto","background-attachment":"scroll","background-type":"","background-media":"","overlay-type":"","overlay-color":"","overlay-opacity":"","overlay-gradient":""}}},"product_brand":[],"product_cat":[19],"product_tag":[],"class_list":{"0":"post-6840","1":"product","2":"type-product","3":"status-publish","4":"has-post-thumbnail","6":"product_cat-uncategorized","7":"desktop-align-left","8":"tablet-align-left","9":"mobile-align-left","11":"first","12":"instock","13":"shipping-taxable","14":"purchasable","15":"product-type-simple"},"_links":{"self":[{"href":"https:\/\/ecostera.com\/dk\/wp-json\/wp\/v2\/product\/6840","targetHints":{"allow":["GET"]}}],"collection":[{"href":"https:\/\/ecostera.com\/dk\/wp-json\/wp\/v2\/product"}],"about":[{"href":"https:\/\/ecostera.com\/dk\/wp-json\/wp\/v2\/types\/product"}],"replies":[{"embeddable":true,"href":"https:\/\/ecostera.com\/dk\/wp-json\/wp\/v2\/comments?post=6840"}],"wp:featuredmedia":[{"embeddable":true,"href":"https:\/\/ecostera.com\/dk\/wp-json\/wp\/v2\/media\/6836"}],"wp:attachment":[{"href":"https:\/\/ecostera.com\/dk\/wp-json\/wp\/v2\/media?parent=6840"}],"wp:term":[{"taxonomy":"product_brand","embeddable":true,"href":"https:\/\/ecostera.com\/dk\/wp-json\/wp\/v2\/product_brand?post=6840"},{"taxonomy":"product_cat","embeddable":true,"href":"https:\/\/ecostera.com\/dk\/wp-json\/wp\/v2\/product_cat?post=6840"},{"taxonomy":"product_tag","embeddable":true,"href":"https:\/\/ecostera.com\/dk\/wp-json\/wp\/v2\/product_tag?post=6840"}],"curies":[{"name":"wp","href":"https:\/\/api.w.org\/{rel}","templated":true}]}}