{"id":6873,"date":"2025-08-18T09:59:48","date_gmt":"2025-08-18T09:59:48","guid":{"rendered":"https:\/\/ecostera.com\/dk\/product\/hue-med-led-lys\/"},"modified":"2025-08-18T10:00:13","modified_gmt":"2025-08-18T10:00:13","slug":"hue-med-led-lys","status":"publish","type":"product","link":"https:\/\/ecostera.com\/dk\/product\/hue-med-led-lys\/","title":{"rendered":"Hue med LED-lys"},"content":{"rendered":"<h2 style=\"text-align: center\">H\u00e5ndfri Belysning<\/h2>\n<p style=\"text-align: center\">LED-lyshuen er udstyret med kraftige LED-lys, der giver h\u00e5ndfri belysning til aktiviteter om natten. Uanset om du er p\u00e5 vandretur, fisketur eller campingtur, hj\u00e6lper denne hue dig med at se klart i svagt lys, s\u00e5 du har h\u00e6nderne fri til andre opgaver.<\/p>\n<p><img decoding=\"async\" class=\"alignnone size-medium wp-image-3099 aligncenter\" src=\"https:\/\/keluvo.com\/template\/wp-content\/uploads\/sites\/5\/2024\/11\/Led-Light-Knitted-Hat-Warm-Elastic-Beanie-Autumn-Winter-Outdoor-Sports-Night-Hiking-Fishing-Camping-Glow.jpg_-1.png\" alt=\"\" \/><\/p>\n<h2 style=\"text-align: center\">Varm Og Behagelig<\/h2>\n<p style=\"text-align: center\">Lavet af bl\u00f8dt, varmt strikmateriale giver LED-lyshuen fremragende isolering i koldt vejr. Den str\u00e6kbare, elastiske pasform sikrer komfort og varme, hvilket g\u00f8r den ideel til udend\u00f8rs aktiviteter i efter\u00e5rs- og vinters\u00e6sonen.<\/p>\n<p><img decoding=\"async\" class=\"alignnone size-medium wp-image-3108 aligncenter\" src=\"https:\/\/keluvo.com\/template\/wp-content\/uploads\/sites\/5\/2024\/11\/56e60564-8bc6-4294-8242-dc1d28c3868a.webp\" alt=\"\" \/><\/p>\n","protected":false},"excerpt":{"rendered":"<p>H\u00e5ndfri Belysning LED-lyshuen er udstyret med kraftige LED-lys, der giver h\u00e5ndfri belysning til aktiviteter om natten. Uanset om du er [&hellip;]<\/p>\n","protected":false},"featured_media":6869,"comment_status":"open","ping_status":"closed","template":"","meta":{"site-sidebar-layout":"default","site-content-layout":"","ast-site-content-layout":"default","site-content-style":"default","site-sidebar-style":"default","ast-global-header-display":"","ast-banner-title-visibility":"","ast-main-header-display":"","ast-hfb-above-header-display":"","ast-hfb-below-header-display":"","ast-hfb-mobile-header-display":"","site-post-title":"","ast-breadcrumbs-content":"","ast-featured-img":"","footer-sml-layout":"","theme-transparent-header-meta":"default","adv-header-id-meta":"","stick-header-meta":"","header-above-stick-meta":"","header-main-stick-meta":"","header-below-stick-meta":"","astra-migrate-meta-layouts":"set","ast-page-background-enabled":"default","ast-page-background-meta":{"desktop":{"background-color":"var(--ast-global-color-5)","background-image":"","background-repeat":"repeat","background-position":"center center","background-size":"auto","background-attachment":"scroll","background-type":"","background-media":"","overlay-type":"","overlay-color":"","overlay-opacity":"","overlay-gradient":""},"tablet":{"background-color":"","background-image":"","background-repeat":"repeat","background-position":"center center","background-size":"auto","background-attachment":"scroll","background-type":"","background-media":"","overlay-type":"","overlay-color":"","overlay-opacity":"","overlay-gradient":""},"mobile":{"background-color":"","background-image":"","background-repeat":"repeat","background-position":"center center","background-size":"auto","background-attachment":"scroll","background-type":"","background-media":"","overlay-type":"","overlay-color":"","overlay-opacity":"","overlay-gradient":""}},"ast-content-background-meta":{"desktop":{"background-color":"var(--ast-global-color-4)","background-image":"","background-repeat":"repeat","background-position":"center center","background-size":"auto","background-attachment":"scroll","background-type":"","background-media":"","overlay-type":"","overlay-color":"","overlay-opacity":"","overlay-gradient":""},"tablet":{"background-color":"var(--ast-global-color-4)","background-image":"","background-repeat":"repeat","background-position":"center center","background-size":"auto","background-attachment":"scroll","background-type":"","background-media":"","overlay-type":"","overlay-color":"","overlay-opacity":"","overlay-gradient":""},"mobile":{"background-color":"var(--ast-global-color-4)","background-image":"","background-repeat":"repeat","background-position":"center center","background-size":"auto","background-attachment":"scroll","background-type":"","background-media":"","overlay-type":"","overlay-color":"","overlay-opacity":"","overlay-gradient":""}}},"product_brand":[],"product_cat":[19],"product_tag":[],"class_list":{"0":"post-6873","1":"product","2":"type-product","3":"status-publish","4":"has-post-thumbnail","6":"product_cat-uncategorized","7":"pa_16221_57atfiqf-blaa","8":"pa_16221_57atfiqf-flaaden","9":"pa_16221_57atfiqf-graa","10":"pa_16221_57atfiqf-gul","11":"pa_16221_57atfiqf-hvid","12":"pa_16221_57atfiqf-lilla","13":"pa_16221_57atfiqf-lyseroed","14":"pa_16221_57atfiqf-orange","15":"pa_16221_57atfiqf-roed","16":"pa_16221_57atfiqf-sort","17":"desktop-align-left","18":"tablet-align-left","19":"mobile-align-left","21":"first","22":"instock","23":"shipping-taxable","24":"purchasable","25":"product-type-variable"},"_links":{"self":[{"href":"https:\/\/ecostera.com\/dk\/wp-json\/wp\/v2\/product\/6873","targetHints":{"allow":["GET"]}}],"collection":[{"href":"https:\/\/ecostera.com\/dk\/wp-json\/wp\/v2\/product"}],"about":[{"href":"https:\/\/ecostera.com\/dk\/wp-json\/wp\/v2\/types\/product"}],"replies":[{"embeddable":true,"href":"https:\/\/ecostera.com\/dk\/wp-json\/wp\/v2\/comments?post=6873"}],"wp:featuredmedia":[{"embeddable":true,"href":"https:\/\/ecostera.com\/dk\/wp-json\/wp\/v2\/media\/6869"}],"wp:attachment":[{"href":"https:\/\/ecostera.com\/dk\/wp-json\/wp\/v2\/media?parent=6873"}],"wp:term":[{"taxonomy":"product_brand","embeddable":true,"href":"https:\/\/ecostera.com\/dk\/wp-json\/wp\/v2\/product_brand?post=6873"},{"taxonomy":"product_cat","embeddable":true,"href":"https:\/\/ecostera.com\/dk\/wp-json\/wp\/v2\/product_cat?post=6873"},{"taxonomy":"product_tag","embeddable":true,"href":"https:\/\/ecostera.com\/dk\/wp-json\/wp\/v2\/product_tag?post=6873"}],"curies":[{"name":"wp","href":"https:\/\/api.w.org\/{rel}","templated":true}]}}