{"id":6916,"date":"2025-08-18T10:01:35","date_gmt":"2025-08-18T10:01:35","guid":{"rendered":"https:\/\/ecostera.com\/dk\/product\/vaerktoej-til-skrueudtraekning\/"},"modified":"2025-08-18T10:01:35","modified_gmt":"2025-08-18T10:01:35","slug":"vaerktoej-til-skrueudtraekning","status":"publish","type":"product","link":"https:\/\/ecostera.com\/dk\/product\/vaerktoej-til-skrueudtraekning\/","title":{"rendered":"V\u00e6rkt\u00f8j til skrueudtr\u00e6kning"},"content":{"rendered":"<h2 style=\"text-align: center\">Materiale Af H\u00f8j Kvalitet<\/h2>\n<p style=\"text-align: center\">Skrueudtr\u00e6kkerv\u00e6rkt\u00f8jet er fremstillet af kulstofrigt st\u00e5l, der sikrer holdbarhed og styrke til h\u00e5rde opgaver. Det robuste materiale giver en st\u00e6rk klo, som g\u00f8r den effektiv til at fjerne beskadigede eller rustne skruer og bolte. Du kan stole p\u00e5, at dette v\u00e6rkt\u00f8j nemt kan h\u00e5ndtere selv de mest genstridige skruer.<\/p>\n<p><img decoding=\"async\" class=\"alignnone size-medium wp-image-2512 aligncenter\" src=\"https:\/\/keluvo.com\/template\/wp-content\/uploads\/sites\/5\/2024\/11\/2c4b4a5b-ccd3-4a00-9f45-f837ab8114fb.webp\" alt=\"\" \/><\/p>\n<h2 style=\"text-align: center\">Alsidige Fjernelsesfunktioner<\/h2>\n<p style=\"text-align: center\">Dette multifunktionelle skrueudtr\u00e6kkerv\u00e6rkt\u00f8j er ikke kun designet til beskadigede skruer, men er ogs\u00e5 velegnet til at fjerne normale skruer. Dens dobbelthoveddesign forbedrer dens anvendelighed, s\u00e5 du kan tackle forskellige opgaver rundt om i huset eller p\u00e5 dit v\u00e6rksted. Uanset om du har at g\u00f8re med afisolerede skruer eller har brug for at rense \u00f8delagte ledninger, er du d\u00e6kket ind med dette v\u00e6rkt\u00f8j.<\/p>\n<p><img decoding=\"async\" class=\"alignnone size-medium wp-image-2518 aligncenter\" src=\"https:\/\/keluvo.com\/template\/wp-content\/uploads\/sites\/5\/2024\/11\/Double-Head-Tap-Faucet-Valve-Screw-Extractor-Set-Damaged-Broken-Wire-Water-Pipe-Bolt-Remover-Plumbing.jpg_.png\" alt=\"\" \/><\/p>\n","protected":false},"excerpt":{"rendered":"<p>Materiale Af H\u00f8j Kvalitet Skrueudtr\u00e6kkerv\u00e6rkt\u00f8jet er fremstillet af kulstofrigt st\u00e5l, der sikrer holdbarhed og styrke til h\u00e5rde opgaver. Det robuste [&hellip;]<\/p>\n","protected":false},"featured_media":6912,"comment_status":"open","ping_status":"closed","template":"","meta":{"site-sidebar-layout":"default","site-content-layout":"","ast-site-content-layout":"default","site-content-style":"default","site-sidebar-style":"default","ast-global-header-display":"","ast-banner-title-visibility":"","ast-main-header-display":"","ast-hfb-above-header-display":"","ast-hfb-below-header-display":"","ast-hfb-mobile-header-display":"","site-post-title":"","ast-breadcrumbs-content":"","ast-featured-img":"","footer-sml-layout":"","theme-transparent-header-meta":"default","adv-header-id-meta":"","stick-header-meta":"","header-above-stick-meta":"","header-main-stick-meta":"","header-below-stick-meta":"","astra-migrate-meta-layouts":"set","ast-page-background-enabled":"default","ast-page-background-meta":{"desktop":{"background-color":"var(--ast-global-color-5)","background-image":"","background-repeat":"repeat","background-position":"center center","background-size":"auto","background-attachment":"scroll","background-type":"","background-media":"","overlay-type":"","overlay-color":"","overlay-opacity":"","overlay-gradient":""},"tablet":{"background-color":"","background-image":"","background-repeat":"repeat","background-position":"center center","background-size":"auto","background-attachment":"scroll","background-type":"","background-media":"","overlay-type":"","overlay-color":"","overlay-opacity":"","overlay-gradient":""},"mobile":{"background-color":"","background-image":"","background-repeat":"repeat","background-position":"center center","background-size":"auto","background-attachment":"scroll","background-type":"","background-media":"","overlay-type":"","overlay-color":"","overlay-opacity":"","overlay-gradient":""}},"ast-content-background-meta":{"desktop":{"background-color":"var(--ast-global-color-4)","background-image":"","background-repeat":"repeat","background-position":"center center","background-size":"auto","background-attachment":"scroll","background-type":"","background-media":"","overlay-type":"","overlay-color":"","overlay-opacity":"","overlay-gradient":""},"tablet":{"background-color":"var(--ast-global-color-4)","background-image":"","background-repeat":"repeat","background-position":"center center","background-size":"auto","background-attachment":"scroll","background-type":"","background-media":"","overlay-type":"","overlay-color":"","overlay-opacity":"","overlay-gradient":""},"mobile":{"background-color":"var(--ast-global-color-4)","background-image":"","background-repeat":"repeat","background-position":"center center","background-size":"auto","background-attachment":"scroll","background-type":"","background-media":"","overlay-type":"","overlay-color":"","overlay-opacity":"","overlay-gradient":""}}},"product_brand":[],"product_cat":[19],"product_tag":[],"class_list":{"0":"post-6916","1":"product","2":"type-product","3":"status-publish","4":"has-post-thumbnail","6":"product_cat-uncategorized","7":"desktop-align-left","8":"tablet-align-left","9":"mobile-align-left","11":"first","12":"instock","13":"shipping-taxable","14":"purchasable","15":"product-type-simple"},"_links":{"self":[{"href":"https:\/\/ecostera.com\/dk\/wp-json\/wp\/v2\/product\/6916","targetHints":{"allow":["GET"]}}],"collection":[{"href":"https:\/\/ecostera.com\/dk\/wp-json\/wp\/v2\/product"}],"about":[{"href":"https:\/\/ecostera.com\/dk\/wp-json\/wp\/v2\/types\/product"}],"replies":[{"embeddable":true,"href":"https:\/\/ecostera.com\/dk\/wp-json\/wp\/v2\/comments?post=6916"}],"wp:featuredmedia":[{"embeddable":true,"href":"https:\/\/ecostera.com\/dk\/wp-json\/wp\/v2\/media\/6912"}],"wp:attachment":[{"href":"https:\/\/ecostera.com\/dk\/wp-json\/wp\/v2\/media?parent=6916"}],"wp:term":[{"taxonomy":"product_brand","embeddable":true,"href":"https:\/\/ecostera.com\/dk\/wp-json\/wp\/v2\/product_brand?post=6916"},{"taxonomy":"product_cat","embeddable":true,"href":"https:\/\/ecostera.com\/dk\/wp-json\/wp\/v2\/product_cat?post=6916"},{"taxonomy":"product_tag","embeddable":true,"href":"https:\/\/ecostera.com\/dk\/wp-json\/wp\/v2\/product_tag?post=6916"}],"curies":[{"name":"wp","href":"https:\/\/api.w.org\/{rel}","templated":true}]}}