{"id":6921,"date":"2025-08-18T10:02:31","date_gmt":"2025-08-18T10:02:31","guid":{"rendered":"https:\/\/ecostera.com\/dk\/product\/selvlaasende-haengsler\/"},"modified":"2025-08-18T10:02:54","modified_gmt":"2025-08-18T10:02:54","slug":"selvlaasende-haengsler","status":"publish","type":"product","link":"https:\/\/ecostera.com\/dk\/product\/selvlaasende-haengsler\/","title":{"rendered":"Selvl\u00e5sende h\u00e6ngsler"},"content":{"rendered":"<p style=\"text-align: center\">Denne gave er et godt valg til enhver lejlighed og tilbyder h\u00f8j kvalitet og varig holdbarhed. Dens slanke design og nyttige funktioner g\u00f8r den til et hit hos alle, der f\u00e5r den.<\/p>\n<p><img decoding=\"async\" class=\"size-full wp-image-24419 aligncenter\" src=\"https:\/\/keluvo.com\/template\/wp-content\/uploads\/sites\/5\/2024\/12\/06191-ezgif.com-video-to-webp-converter.webp\" alt=\"\" \/><\/p>\n<h2 style=\"text-align: center\">\ud83c\udf1fHovedfordele<\/h2>\n<p><strong>Selvlukkende Funktion<\/strong>: Disse beslag har en fjederaktiveret selvlukkende funktion, der kan l\u00e5ses i \u00e5ben position. N\u00e5r det ikke er i brug, skal du bare klikke p\u00e5 l\u00e5sen og folde det ned for at spare plads.<\/p>\n<p><strong>Justerbar<\/strong>: Det elastiske, h\u00e6ngslede bordben kan justeres fra 0 til 90 grader, hvilket g\u00f8r det nemt at \u00e6ndre placeringen af en sovesofa, sofa eller andre m\u00f8bler.<\/p>\n<p><strong>Usynlig<\/strong>: H\u00e6ngslet er lavet af galvaniseret metal og er designet til at passe godt ind, uanset stilen i dit hjem. Den lille st\u00f8rrelse betyder, at man normalt ikke l\u00e6gger m\u00e6rke til det.<\/p>\n<p><strong>Kraftig<\/strong>: Dette klapbordsstel er st\u00e6rkt og selvl\u00e5sende. Disse beslag fungerer bedst p\u00e5 m\u00f8belben eller enkle overflader.<\/p>\n<p><strong>Bred Anvendelse<\/strong>: Foldestativet er perfekt til k\u00f8kkener, vaskerum, detailbutikker, supermarkeder, lageromr\u00e5der og kontorer. Brug dem til at st\u00f8tte g\u00f8r-det-selv-borde eller senge eller til at folde ting p\u00e5 et bord.<\/p>\n<p><img decoding=\"async\" class=\"size-full wp-image-24418 aligncenter\" src=\"https:\/\/keluvo.com\/template\/wp-content\/uploads\/sites\/5\/2024\/12\/946be849-3c01-402b-b0c3-7e31e22adf7c.webp\" alt=\"\" \/><\/p>\n<p>&nbsp;<\/p>\n","protected":false},"excerpt":{"rendered":"<p>Denne gave er et godt valg til enhver lejlighed og tilbyder h\u00f8j kvalitet og varig holdbarhed. Dens slanke design og [&hellip;]<\/p>\n","protected":false},"featured_media":6917,"comment_status":"open","ping_status":"closed","template":"","meta":{"site-sidebar-layout":"default","site-content-layout":"","ast-site-content-layout":"default","site-content-style":"default","site-sidebar-style":"default","ast-global-header-display":"","ast-banner-title-visibility":"","ast-main-header-display":"","ast-hfb-above-header-display":"","ast-hfb-below-header-display":"","ast-hfb-mobile-header-display":"","site-post-title":"","ast-breadcrumbs-content":"","ast-featured-img":"","footer-sml-layout":"","theme-transparent-header-meta":"default","adv-header-id-meta":"","stick-header-meta":"","header-above-stick-meta":"","header-main-stick-meta":"","header-below-stick-meta":"","astra-migrate-meta-layouts":"set","ast-page-background-enabled":"default","ast-page-background-meta":{"desktop":{"background-color":"var(--ast-global-color-5)","background-image":"","background-repeat":"repeat","background-position":"center center","background-size":"auto","background-attachment":"scroll","background-type":"","background-media":"","overlay-type":"","overlay-color":"","overlay-opacity":"","overlay-gradient":""},"tablet":{"background-color":"","background-image":"","background-repeat":"repeat","background-position":"center center","background-size":"auto","background-attachment":"scroll","background-type":"","background-media":"","overlay-type":"","overlay-color":"","overlay-opacity":"","overlay-gradient":""},"mobile":{"background-color":"","background-image":"","background-repeat":"repeat","background-position":"center center","background-size":"auto","background-attachment":"scroll","background-type":"","background-media":"","overlay-type":"","overlay-color":"","overlay-opacity":"","overlay-gradient":""}},"ast-content-background-meta":{"desktop":{"background-color":"var(--ast-global-color-4)","background-image":"","background-repeat":"repeat","background-position":"center center","background-size":"auto","background-attachment":"scroll","background-type":"","background-media":"","overlay-type":"","overlay-color":"","overlay-opacity":"","overlay-gradient":""},"tablet":{"background-color":"var(--ast-global-color-4)","background-image":"","background-repeat":"repeat","background-position":"center center","background-size":"auto","background-attachment":"scroll","background-type":"","background-media":"","overlay-type":"","overlay-color":"","overlay-opacity":"","overlay-gradient":""},"mobile":{"background-color":"var(--ast-global-color-4)","background-image":"","background-repeat":"repeat","background-position":"center center","background-size":"auto","background-attachment":"scroll","background-type":"","background-media":"","overlay-type":"","overlay-color":"","overlay-opacity":"","overlay-gradient":""}}},"product_brand":[],"product_cat":[19],"product_tag":[],"class_list":{"0":"post-6921","1":"product","2":"type-product","3":"status-publish","4":"has-post-thumbnail","6":"product_cat-uncategorized","7":"pa_30198_egmbhogy-2-stk","8":"pa_30198_egmbhogy-4-stk","9":"pa_30198_egmbhogy-8-stk","10":"pa_30198_fi8y4tzx-guld","11":"pa_30198_fi8y4tzx-hvid","12":"pa_30198_fi8y4tzx-sort","13":"desktop-align-left","14":"tablet-align-left","15":"mobile-align-left","17":"first","18":"instock","19":"shipping-taxable","20":"purchasable","21":"product-type-variable"},"_links":{"self":[{"href":"https:\/\/ecostera.com\/dk\/wp-json\/wp\/v2\/product\/6921","targetHints":{"allow":["GET"]}}],"collection":[{"href":"https:\/\/ecostera.com\/dk\/wp-json\/wp\/v2\/product"}],"about":[{"href":"https:\/\/ecostera.com\/dk\/wp-json\/wp\/v2\/types\/product"}],"replies":[{"embeddable":true,"href":"https:\/\/ecostera.com\/dk\/wp-json\/wp\/v2\/comments?post=6921"}],"wp:featuredmedia":[{"embeddable":true,"href":"https:\/\/ecostera.com\/dk\/wp-json\/wp\/v2\/media\/6917"}],"wp:attachment":[{"href":"https:\/\/ecostera.com\/dk\/wp-json\/wp\/v2\/media?parent=6921"}],"wp:term":[{"taxonomy":"product_brand","embeddable":true,"href":"https:\/\/ecostera.com\/dk\/wp-json\/wp\/v2\/product_brand?post=6921"},{"taxonomy":"product_cat","embeddable":true,"href":"https:\/\/ecostera.com\/dk\/wp-json\/wp\/v2\/product_cat?post=6921"},{"taxonomy":"product_tag","embeddable":true,"href":"https:\/\/ecostera.com\/dk\/wp-json\/wp\/v2\/product_tag?post=6921"}],"curies":[{"name":"wp","href":"https:\/\/api.w.org\/{rel}","templated":true}]}}