{"id":6965,"date":"2025-08-18T10:05:46","date_gmt":"2025-08-18T10:05:46","guid":{"rendered":"https:\/\/ecostera.com\/dk\/product\/bh-med-lukning-foran\/"},"modified":"2025-08-18T10:06:39","modified_gmt":"2025-08-18T10:06:39","slug":"bh-med-lukning-foran","status":"publish","type":"product","link":"https:\/\/ecostera.com\/dk\/product\/bh-med-lukning-foran\/","title":{"rendered":"BH med lukning foran"},"content":{"rendered":"<h2 style=\"text-align: center\">Komfortabelt Og Tr\u00e5dl\u00f8st Design<\/h2>\n<p style=\"text-align: center\">Bh&#8217;en med frontlukning er udformet i et tr\u00e5dl\u00f8st design, der giver komfort og st\u00f8tte hele dagen. Den er fremstillet af en blanding af 88 % nylon og 12 % spandex og har en bl\u00f8d, \u00e5ndbar pasform, der f\u00f8les sk\u00e5nsom mod huden. Den er perfekt til hverdagsbrug og giver bev\u00e6gelsesfrihed uden at g\u00e5 p\u00e5 kompromis med stilen.<\/p>\n<p><img decoding=\"async\" class=\"alignnone size-medium wp-image-4769 aligncenter\" src=\"https:\/\/keluvo.com\/template\/wp-content\/uploads\/sites\/5\/2024\/12\/S23c8a8d59aad4f4da32557b24ba93a68F.webp\" alt=\"\" \/><\/p>\n<h2 style=\"text-align: center\">Elegante Blonder Og Udsk\u00e6ringsdetaljer<\/h2>\n<p style=\"text-align: center\">Bh&#8217;en med frontlukning har et smukt blondedesign og stilfulde udsk\u00e6ringer og tilf\u00f8jer et strejf af elegance til din lingerikollektion. Det ultratynde, \u00e5ndbare stof sikrer en letv\u00e6gtsf\u00f8lelse, hvilket g\u00f8r den b\u00e5de funktionel og moderigtig. Den f\u00e5s i mange forskellige farver og passer til ethvert outfit.<\/p>\n<p><img decoding=\"async\" class=\"alignnone size-medium wp-image-4771 aligncenter\" src=\"https:\/\/keluvo.com\/template\/wp-content\/uploads\/sites\/5\/2024\/12\/S391ba4ea4e64417b94c5199425957eb5H.webp\" alt=\"\" \/><\/p>\n","protected":false},"excerpt":{"rendered":"<p>Komfortabelt Og Tr\u00e5dl\u00f8st Design Bh&#8217;en med frontlukning er udformet i et tr\u00e5dl\u00f8st design, der giver komfort og st\u00f8tte hele dagen. [&hellip;]<\/p>\n","protected":false},"featured_media":6961,"comment_status":"open","ping_status":"closed","template":"","meta":{"site-sidebar-layout":"default","site-content-layout":"","ast-site-content-layout":"default","site-content-style":"default","site-sidebar-style":"default","ast-global-header-display":"","ast-banner-title-visibility":"","ast-main-header-display":"","ast-hfb-above-header-display":"","ast-hfb-below-header-display":"","ast-hfb-mobile-header-display":"","site-post-title":"","ast-breadcrumbs-content":"","ast-featured-img":"","footer-sml-layout":"","theme-transparent-header-meta":"default","adv-header-id-meta":"","stick-header-meta":"","header-above-stick-meta":"","header-main-stick-meta":"","header-below-stick-meta":"","astra-migrate-meta-layouts":"set","ast-page-background-enabled":"default","ast-page-background-meta":{"desktop":{"background-color":"var(--ast-global-color-5)","background-image":"","background-repeat":"repeat","background-position":"center center","background-size":"auto","background-attachment":"scroll","background-type":"","background-media":"","overlay-type":"","overlay-color":"","overlay-opacity":"","overlay-gradient":""},"tablet":{"background-color":"","background-image":"","background-repeat":"repeat","background-position":"center center","background-size":"auto","background-attachment":"scroll","background-type":"","background-media":"","overlay-type":"","overlay-color":"","overlay-opacity":"","overlay-gradient":""},"mobile":{"background-color":"","background-image":"","background-repeat":"repeat","background-position":"center center","background-size":"auto","background-attachment":"scroll","background-type":"","background-media":"","overlay-type":"","overlay-color":"","overlay-opacity":"","overlay-gradient":""}},"ast-content-background-meta":{"desktop":{"background-color":"var(--ast-global-color-4)","background-image":"","background-repeat":"repeat","background-position":"center center","background-size":"auto","background-attachment":"scroll","background-type":"","background-media":"","overlay-type":"","overlay-color":"","overlay-opacity":"","overlay-gradient":""},"tablet":{"background-color":"var(--ast-global-color-4)","background-image":"","background-repeat":"repeat","background-position":"center center","background-size":"auto","background-attachment":"scroll","background-type":"","background-media":"","overlay-type":"","overlay-color":"","overlay-opacity":"","overlay-gradient":""},"mobile":{"background-color":"var(--ast-global-color-4)","background-image":"","background-repeat":"repeat","background-position":"center center","background-size":"auto","background-attachment":"scroll","background-type":"","background-media":"","overlay-type":"","overlay-color":"","overlay-opacity":"","overlay-gradient":""}}},"product_brand":[],"product_cat":[19],"product_tag":[],"class_list":{"0":"post-6965","1":"product","2":"type-product","3":"status-publish","4":"has-post-thumbnail","6":"product_cat-uncategorized","7":"pa_40448_1su6n7jq-s","8":"pa_40448_1su6n7jq-m","9":"pa_40448_1su6n7jq-l","10":"pa_40448_1su6n7jq-xl","11":"pa_40448_eb5agk76-blaa","12":"pa_40448_eb5agk76-hud","13":"pa_40448_eb5agk76-hvid","14":"pa_40448_eb5agk76-lilla","15":"pa_40448_eb5agk76-roed","16":"pa_40448_eb5agk76-sort","17":"desktop-align-left","18":"tablet-align-left","19":"mobile-align-left","21":"first","22":"instock","23":"shipping-taxable","24":"purchasable","25":"product-type-variable"},"_links":{"self":[{"href":"https:\/\/ecostera.com\/dk\/wp-json\/wp\/v2\/product\/6965","targetHints":{"allow":["GET"]}}],"collection":[{"href":"https:\/\/ecostera.com\/dk\/wp-json\/wp\/v2\/product"}],"about":[{"href":"https:\/\/ecostera.com\/dk\/wp-json\/wp\/v2\/types\/product"}],"replies":[{"embeddable":true,"href":"https:\/\/ecostera.com\/dk\/wp-json\/wp\/v2\/comments?post=6965"}],"wp:featuredmedia":[{"embeddable":true,"href":"https:\/\/ecostera.com\/dk\/wp-json\/wp\/v2\/media\/6961"}],"wp:attachment":[{"href":"https:\/\/ecostera.com\/dk\/wp-json\/wp\/v2\/media?parent=6965"}],"wp:term":[{"taxonomy":"product_brand","embeddable":true,"href":"https:\/\/ecostera.com\/dk\/wp-json\/wp\/v2\/product_brand?post=6965"},{"taxonomy":"product_cat","embeddable":true,"href":"https:\/\/ecostera.com\/dk\/wp-json\/wp\/v2\/product_cat?post=6965"},{"taxonomy":"product_tag","embeddable":true,"href":"https:\/\/ecostera.com\/dk\/wp-json\/wp\/v2\/product_tag?post=6965"}],"curies":[{"name":"wp","href":"https:\/\/api.w.org\/{rel}","templated":true}]}}