{"id":7023,"date":"2025-08-18T11:10:06","date_gmt":"2025-08-18T11:10:06","guid":{"rendered":"https:\/\/ecostera.com\/dk\/product\/saet-med-led-lys-i-glas-3-stk\/"},"modified":"2025-08-18T11:10:18","modified_gmt":"2025-08-18T11:10:18","slug":"saet-med-led-lys-i-glas-3-stk","status":"publish","type":"product","link":"https:\/\/ecostera.com\/dk\/product\/saet-med-led-lys-i-glas-3-stk\/","title":{"rendered":"S\u00e6t med LED-lys i glas (3 stk.)"},"content":{"rendered":"<h2 style=\"text-align: center\">Sikkert Og Holdbart Design<\/h2>\n<p style=\"text-align: center\">LED-glaslyset er bygget med en robust glasimitation, der g\u00f8r det sikkert, selv hvis det tabes ved et uheld. Det flammel\u00f8se design sikrer, at der ikke er nogen risiko for brand eller forbr\u00e6ndinger, hvilket g\u00f8r det ideelt til hjem med b\u00f8rn og k\u00e6ledyr. Nyd stearinlysets sk\u00f8nhed uden at skulle bekymre dig om \u00e5ben ild.<\/p>\n<p><img decoding=\"async\" class=\"alignnone size-medium wp-image-3308 aligncenter\" src=\"https:\/\/keluvo.com\/template\/wp-content\/uploads\/sites\/5\/2024\/11\/d74f1271-fb02-49b5-8ec3-8b418c5af664.webp\" alt=\"\" \/><\/p>\n<h2 style=\"text-align: center\">Praktisk Fjernbetjening<\/h2>\n<p style=\"text-align: center\">Styr nemt LED-glaslyset med den medf\u00f8lgende fjernbetjening med 10 taster. Juster lysstyrken, t\u00e6nd\/sluk lyset, eller indstil en timer til 2, 4, 6 eller 8 timer, hvilket sikrer bekvemmelighed og energieffektivitet. Dens 24-timers cyklusfunktion hj\u00e6lper med at spare p\u00e5 batteriet, hvilket g\u00f8r det problemfrit at nyde langvarig belysning.<\/p>\n<p style=\"text-align: center\"><img decoding=\"async\" class=\"alignnone size-medium wp-image-3312\" src=\"https:\/\/keluvo.com\/template\/wp-content\/uploads\/sites\/5\/2024\/11\/LED-Lights-for-Home-Electronic-Candle-LED-Candle-Decoration-LED-Glass-Candle-Full-Set-Remote-Control.png_.png\" alt=\"\" \/><\/p>\n","protected":false},"excerpt":{"rendered":"<p>Sikkert Og Holdbart Design LED-glaslyset er bygget med en robust glasimitation, der g\u00f8r det sikkert, selv hvis det tabes ved [&hellip;]<\/p>\n","protected":false},"featured_media":7019,"comment_status":"open","ping_status":"closed","template":"","meta":{"site-sidebar-layout":"default","site-content-layout":"","ast-site-content-layout":"default","site-content-style":"default","site-sidebar-style":"default","ast-global-header-display":"","ast-banner-title-visibility":"","ast-main-header-display":"","ast-hfb-above-header-display":"","ast-hfb-below-header-display":"","ast-hfb-mobile-header-display":"","site-post-title":"","ast-breadcrumbs-content":"","ast-featured-img":"","footer-sml-layout":"","theme-transparent-header-meta":"default","adv-header-id-meta":"","stick-header-meta":"","header-above-stick-meta":"","header-main-stick-meta":"","header-below-stick-meta":"","astra-migrate-meta-layouts":"set","ast-page-background-enabled":"default","ast-page-background-meta":{"desktop":{"background-color":"var(--ast-global-color-5)","background-image":"","background-repeat":"repeat","background-position":"center center","background-size":"auto","background-attachment":"scroll","background-type":"","background-media":"","overlay-type":"","overlay-color":"","overlay-opacity":"","overlay-gradient":""},"tablet":{"background-color":"","background-image":"","background-repeat":"repeat","background-position":"center center","background-size":"auto","background-attachment":"scroll","background-type":"","background-media":"","overlay-type":"","overlay-color":"","overlay-opacity":"","overlay-gradient":""},"mobile":{"background-color":"","background-image":"","background-repeat":"repeat","background-position":"center center","background-size":"auto","background-attachment":"scroll","background-type":"","background-media":"","overlay-type":"","overlay-color":"","overlay-opacity":"","overlay-gradient":""}},"ast-content-background-meta":{"desktop":{"background-color":"var(--ast-global-color-4)","background-image":"","background-repeat":"repeat","background-position":"center center","background-size":"auto","background-attachment":"scroll","background-type":"","background-media":"","overlay-type":"","overlay-color":"","overlay-opacity":"","overlay-gradient":""},"tablet":{"background-color":"var(--ast-global-color-4)","background-image":"","background-repeat":"repeat","background-position":"center center","background-size":"auto","background-attachment":"scroll","background-type":"","background-media":"","overlay-type":"","overlay-color":"","overlay-opacity":"","overlay-gradient":""},"mobile":{"background-color":"var(--ast-global-color-4)","background-image":"","background-repeat":"repeat","background-position":"center center","background-size":"auto","background-attachment":"scroll","background-type":"","background-media":"","overlay-type":"","overlay-color":"","overlay-opacity":"","overlay-gradient":""}}},"product_brand":[],"product_cat":[19],"product_tag":[],"class_list":{"0":"post-7023","1":"product","2":"type-product","3":"status-publish","4":"has-post-thumbnail","6":"product_cat-uncategorized","7":"pa_15942_0s2ul6yx-graa","8":"pa_15942_0s2ul6yx-guld","9":"pa_15942_0s2ul6yx-hvid","10":"desktop-align-left","11":"tablet-align-left","12":"mobile-align-left","14":"first","15":"instock","16":"shipping-taxable","17":"purchasable","18":"product-type-variable"},"_links":{"self":[{"href":"https:\/\/ecostera.com\/dk\/wp-json\/wp\/v2\/product\/7023","targetHints":{"allow":["GET"]}}],"collection":[{"href":"https:\/\/ecostera.com\/dk\/wp-json\/wp\/v2\/product"}],"about":[{"href":"https:\/\/ecostera.com\/dk\/wp-json\/wp\/v2\/types\/product"}],"replies":[{"embeddable":true,"href":"https:\/\/ecostera.com\/dk\/wp-json\/wp\/v2\/comments?post=7023"}],"wp:featuredmedia":[{"embeddable":true,"href":"https:\/\/ecostera.com\/dk\/wp-json\/wp\/v2\/media\/7019"}],"wp:attachment":[{"href":"https:\/\/ecostera.com\/dk\/wp-json\/wp\/v2\/media?parent=7023"}],"wp:term":[{"taxonomy":"product_brand","embeddable":true,"href":"https:\/\/ecostera.com\/dk\/wp-json\/wp\/v2\/product_brand?post=7023"},{"taxonomy":"product_cat","embeddable":true,"href":"https:\/\/ecostera.com\/dk\/wp-json\/wp\/v2\/product_cat?post=7023"},{"taxonomy":"product_tag","embeddable":true,"href":"https:\/\/ecostera.com\/dk\/wp-json\/wp\/v2\/product_tag?post=7023"}],"curies":[{"name":"wp","href":"https:\/\/api.w.org\/{rel}","templated":true}]}}