{"id":7034,"date":"2025-08-18T11:10:54","date_gmt":"2025-08-18T11:10:54","guid":{"rendered":"https:\/\/ecostera.com\/dk\/product\/e99-pro-drone\/"},"modified":"2025-08-18T11:11:05","modified_gmt":"2025-08-18T11:11:05","slug":"e99-pro-drone","status":"publish","type":"product","link":"https:\/\/ecostera.com\/dk\/product\/e99-pro-drone\/","title":{"rendered":"E99 pro drone"},"content":{"rendered":"<h2 style=\"text-align: center\">Alsidighed med to kameraer<\/h2>\n<p style=\"text-align: center\">E99 pro-dronen er udstyret med to kameraer, s\u00e5 du kan skifte synsvinkel og f\u00e5 en mere dynamisk flyveoplevelse. Optag fantastiske luftfotos og videoer fra forskellige perspektiver, ideelt til landskabsbilleder og kreativ fotografering. Med foto- og videobev\u00e6gelser er det nemmere end nogensinde f\u00f8r at tage h\u00e5ndfri selfies.<\/p>\n<p><img decoding=\"async\" class=\"alignnone size-medium wp-image-3343 aligncenter\" src=\"https:\/\/keluvo.com\/template\/wp-content\/uploads\/sites\/5\/2024\/11\/KBDFA-K3-E99-Pro-Drone-Professional-Quadcopter-Obstacle-Avoidance-Drones-RC-Helicopters-4K-Dual-Camera-Dron.jpg_.jpg\" alt=\"\" \/><\/p>\n<h2 style=\"text-align: center\">Brugervenlig flyvekontrol<\/h2>\n<p style=\"text-align: center\">Denne E99 pro-drone har start og landing med \u00e9n tast, hvilket g\u00f8r det nemt for begyndere at flyve med selvtillid. Nyd forskellige flyvetilstande som hovedl\u00f8s tilstand, tyngdekraftssensor og baneflyvning, som giver dig mulighed for at tilpasse din flyveoplevelse. H\u00f8jdefikseringsfunktionen holder dronen stabil, s\u00e5 du kan fokusere p\u00e5 at optage j\u00e6vne optagelser.<\/p>\n<p><img decoding=\"async\" class=\"alignnone size-medium wp-image-3344 aligncenter\" src=\"https:\/\/keluvo.com\/template\/wp-content\/uploads\/sites\/5\/2024\/11\/E99-Pro-Drone-Quadcopter-Remote-Control-Handle-Four-Axis-Aircraft-HD-6K-Photography-UAV-Altitude-Fixation.jpg_.png\" alt=\"\" \/><\/p>\n<h2><\/h2>\n<h2 style=\"text-align: center\"><strong>Langdistanceforbindelse<\/strong><\/h2>\n<p style=\"text-align: center\">E99 Pro Drone kan opretholde en forbindelse p\u00e5 op til 100 meter og stadig levere liveoptagelser til enheden<\/p>\n<p><img decoding=\"async\" class=\"size-medium wp-image-3757 aligncenter\" src=\"https:\/\/keluvo.com\/template\/wp-content\/uploads\/sites\/5\/2024\/11\/1089659410-1336431141.jpg\" alt=\"\" \/><\/p>\n<h2><\/h2>\n<p>&nbsp;<\/p>\n","protected":false},"excerpt":{"rendered":"<p>Alsidighed med to kameraer E99 pro-dronen er udstyret med to kameraer, s\u00e5 du kan skifte synsvinkel og f\u00e5 en mere [&hellip;]<\/p>\n","protected":false},"featured_media":7030,"comment_status":"open","ping_status":"closed","template":"","meta":{"site-sidebar-layout":"default","site-content-layout":"","ast-site-content-layout":"default","site-content-style":"default","site-sidebar-style":"default","ast-global-header-display":"","ast-banner-title-visibility":"","ast-main-header-display":"","ast-hfb-above-header-display":"","ast-hfb-below-header-display":"","ast-hfb-mobile-header-display":"","site-post-title":"","ast-breadcrumbs-content":"","ast-featured-img":"","footer-sml-layout":"","theme-transparent-header-meta":"default","adv-header-id-meta":"","stick-header-meta":"","header-above-stick-meta":"","header-main-stick-meta":"","header-below-stick-meta":"","astra-migrate-meta-layouts":"set","ast-page-background-enabled":"default","ast-page-background-meta":{"desktop":{"background-color":"var(--ast-global-color-5)","background-image":"","background-repeat":"repeat","background-position":"center center","background-size":"auto","background-attachment":"scroll","background-type":"","background-media":"","overlay-type":"","overlay-color":"","overlay-opacity":"","overlay-gradient":""},"tablet":{"background-color":"","background-image":"","background-repeat":"repeat","background-position":"center center","background-size":"auto","background-attachment":"scroll","background-type":"","background-media":"","overlay-type":"","overlay-color":"","overlay-opacity":"","overlay-gradient":""},"mobile":{"background-color":"","background-image":"","background-repeat":"repeat","background-position":"center center","background-size":"auto","background-attachment":"scroll","background-type":"","background-media":"","overlay-type":"","overlay-color":"","overlay-opacity":"","overlay-gradient":""}},"ast-content-background-meta":{"desktop":{"background-color":"var(--ast-global-color-4)","background-image":"","background-repeat":"repeat","background-position":"center center","background-size":"auto","background-attachment":"scroll","background-type":"","background-media":"","overlay-type":"","overlay-color":"","overlay-opacity":"","overlay-gradient":""},"tablet":{"background-color":"var(--ast-global-color-4)","background-image":"","background-repeat":"repeat","background-position":"center center","background-size":"auto","background-attachment":"scroll","background-type":"","background-media":"","overlay-type":"","overlay-color":"","overlay-opacity":"","overlay-gradient":""},"mobile":{"background-color":"var(--ast-global-color-4)","background-image":"","background-repeat":"repeat","background-position":"center center","background-size":"auto","background-attachment":"scroll","background-type":"","background-media":"","overlay-type":"","overlay-color":"","overlay-opacity":"","overlay-gradient":""}}},"product_brand":[],"product_cat":[19],"product_tag":[],"class_list":{"0":"post-7034","1":"product","2":"type-product","3":"status-publish","4":"has-post-thumbnail","6":"product_cat-uncategorized","7":"pa_16117_i01yt6va-graa","8":"pa_16117_i01yt6va-orange","9":"pa_16117_i01yt6va-sort","10":"desktop-align-left","11":"tablet-align-left","12":"mobile-align-left","14":"first","15":"instock","16":"shipping-taxable","17":"purchasable","18":"product-type-variable"},"_links":{"self":[{"href":"https:\/\/ecostera.com\/dk\/wp-json\/wp\/v2\/product\/7034","targetHints":{"allow":["GET"]}}],"collection":[{"href":"https:\/\/ecostera.com\/dk\/wp-json\/wp\/v2\/product"}],"about":[{"href":"https:\/\/ecostera.com\/dk\/wp-json\/wp\/v2\/types\/product"}],"replies":[{"embeddable":true,"href":"https:\/\/ecostera.com\/dk\/wp-json\/wp\/v2\/comments?post=7034"}],"wp:featuredmedia":[{"embeddable":true,"href":"https:\/\/ecostera.com\/dk\/wp-json\/wp\/v2\/media\/7030"}],"wp:attachment":[{"href":"https:\/\/ecostera.com\/dk\/wp-json\/wp\/v2\/media?parent=7034"}],"wp:term":[{"taxonomy":"product_brand","embeddable":true,"href":"https:\/\/ecostera.com\/dk\/wp-json\/wp\/v2\/product_brand?post=7034"},{"taxonomy":"product_cat","embeddable":true,"href":"https:\/\/ecostera.com\/dk\/wp-json\/wp\/v2\/product_cat?post=7034"},{"taxonomy":"product_tag","embeddable":true,"href":"https:\/\/ecostera.com\/dk\/wp-json\/wp\/v2\/product_tag?post=7034"}],"curies":[{"name":"wp","href":"https:\/\/api.w.org\/{rel}","templated":true}]}}