{"id":7045,"date":"2025-08-18T11:12:32","date_gmt":"2025-08-18T11:12:32","guid":{"rendered":"https:\/\/ecostera.com\/dk\/product\/vandtaet-kattemaatte\/"},"modified":"2025-10-01T15:34:52","modified_gmt":"2025-10-01T12:34:52","slug":"vandtaet-kattemaatte","status":"publish","type":"product","link":"https:\/\/ecostera.com\/dk\/product\/vandtaet-kattemaatte\/","title":{"rendered":"Vandt\u00e6t kattem\u00e5tte"},"content":{"rendered":"<h2 style=\"text-align: center\">Effektiv Opsamling Af Kattegrus<\/h2>\n<p style=\"text-align: center\">Den vandt\u00e6tte kattem\u00e5tte er designet til at opsamle det kattegrus, som din kat sporer ud af kassen. Dens honeycomb-dobbeltlagsstruktur sikrer, at sm\u00e5 kattegruspartikler fanges og holder dit hjem renere. M\u00e5tten forhindrer kattegrus i at sprede sig ud over gulvet, hvilket reducerer reng\u00f8ringstiden.<\/p>\n<p><img decoding=\"async\" class=\"alignnone size-medium wp-image-4320 aligncenter\" src=\"https:\/\/keluvo.com\/template\/wp-content\/uploads\/sites\/5\/2024\/11\/A636e9e61ea484d2b921d4f8d8119f381N.jpg_640x640.jpg_.png\" alt=\"\" \/><\/p>\n<h2 style=\"text-align: center\">Nem At Reng\u00f8re<\/h2>\n<p style=\"text-align: center\">Det er hurtigt og nemt at reng\u00f8re den vandt\u00e6tte kattem\u00e5tte. Det \u00f8verste netlag lader kattegrus falde igennem, mens det vandt\u00e6tte lag nedenunder g\u00f8r det nemt at t\u00f8rre snavs af. Du skal blot fjerne kattegruset, s\u00e5 er m\u00e5tten klar til at blive brugt igen, hvilket g\u00f8r den til en problemfri l\u00f8sning for katteejere.<\/p>\n<p><img decoding=\"async\" class=\"alignnone size-medium wp-image-4322 aligncenter\" src=\"https:\/\/keluvo.com\/template\/wp-content\/uploads\/sites\/5\/2024\/11\/S47cd561be6814d0ca5ddc4e5eb17c801M.jpg\" alt=\"\" \/><\/p>\n","protected":false},"excerpt":{"rendered":"<p>Effektiv Opsamling Af Kattegrus Den vandt\u00e6tte kattem\u00e5tte er designet til at opsamle det kattegrus, som din kat sporer ud af [&hellip;]<\/p>\n","protected":false},"featured_media":7041,"comment_status":"open","ping_status":"closed","template":"","meta":{"site-sidebar-layout":"default","site-content-layout":"","ast-site-content-layout":"default","site-content-style":"default","site-sidebar-style":"default","ast-global-header-display":"","ast-banner-title-visibility":"","ast-main-header-display":"","ast-hfb-above-header-display":"","ast-hfb-below-header-display":"","ast-hfb-mobile-header-display":"","site-post-title":"","ast-breadcrumbs-content":"","ast-featured-img":"","footer-sml-layout":"","theme-transparent-header-meta":"default","adv-header-id-meta":"","stick-header-meta":"","header-above-stick-meta":"","header-main-stick-meta":"","header-below-stick-meta":"","astra-migrate-meta-layouts":"set","ast-page-background-enabled":"default","ast-page-background-meta":{"desktop":{"background-color":"var(--ast-global-color-5)","background-image":"","background-repeat":"repeat","background-position":"center center","background-size":"auto","background-attachment":"scroll","background-type":"","background-media":"","overlay-type":"","overlay-color":"","overlay-opacity":"","overlay-gradient":""},"tablet":{"background-color":"","background-image":"","background-repeat":"repeat","background-position":"center center","background-size":"auto","background-attachment":"scroll","background-type":"","background-media":"","overlay-type":"","overlay-color":"","overlay-opacity":"","overlay-gradient":""},"mobile":{"background-color":"","background-image":"","background-repeat":"repeat","background-position":"center center","background-size":"auto","background-attachment":"scroll","background-type":"","background-media":"","overlay-type":"","overlay-color":"","overlay-opacity":"","overlay-gradient":""}},"ast-content-background-meta":{"desktop":{"background-color":"var(--ast-global-color-4)","background-image":"","background-repeat":"repeat","background-position":"center center","background-size":"auto","background-attachment":"scroll","background-type":"","background-media":"","overlay-type":"","overlay-color":"","overlay-opacity":"","overlay-gradient":""},"tablet":{"background-color":"var(--ast-global-color-4)","background-image":"","background-repeat":"repeat","background-position":"center center","background-size":"auto","background-attachment":"scroll","background-type":"","background-media":"","overlay-type":"","overlay-color":"","overlay-opacity":"","overlay-gradient":""},"mobile":{"background-color":"var(--ast-global-color-4)","background-image":"","background-repeat":"repeat","background-position":"center center","background-size":"auto","background-attachment":"scroll","background-type":"","background-media":"","overlay-type":"","overlay-color":"","overlay-opacity":"","overlay-gradient":""}}},"product_brand":[],"product_cat":[19],"product_tag":[],"class_list":{"0":"post-7045","1":"product","2":"type-product","3":"status-publish","4":"has-post-thumbnail","6":"product_cat-uncategorized","7":"pa_16133_59jmyr3a-blaa","8":"pa_16133_59jmyr3a-brun","9":"pa_16133_59jmyr3a-graa","10":"pa_16133_59jmyr3a-khaki","11":"pa_16133_59jmyr3a-lyseroed","12":"pa_16133_59jmyr3a-sort","13":"pa_16133_xbqaxsds-30x45cm","14":"pa_16133_xbqaxsds-45x60cm","15":"pa_16133_xbqaxsds-60x90cm","16":"desktop-align-left","17":"tablet-align-left","18":"mobile-align-left","20":"first","21":"instock","22":"shipping-taxable","23":"purchasable","24":"product-type-variable","25":"has-default-attributes"},"_links":{"self":[{"href":"https:\/\/ecostera.com\/dk\/wp-json\/wp\/v2\/product\/7045","targetHints":{"allow":["GET"]}}],"collection":[{"href":"https:\/\/ecostera.com\/dk\/wp-json\/wp\/v2\/product"}],"about":[{"href":"https:\/\/ecostera.com\/dk\/wp-json\/wp\/v2\/types\/product"}],"replies":[{"embeddable":true,"href":"https:\/\/ecostera.com\/dk\/wp-json\/wp\/v2\/comments?post=7045"}],"wp:featuredmedia":[{"embeddable":true,"href":"https:\/\/ecostera.com\/dk\/wp-json\/wp\/v2\/media\/7041"}],"wp:attachment":[{"href":"https:\/\/ecostera.com\/dk\/wp-json\/wp\/v2\/media?parent=7045"}],"wp:term":[{"taxonomy":"product_brand","embeddable":true,"href":"https:\/\/ecostera.com\/dk\/wp-json\/wp\/v2\/product_brand?post=7045"},{"taxonomy":"product_cat","embeddable":true,"href":"https:\/\/ecostera.com\/dk\/wp-json\/wp\/v2\/product_cat?post=7045"},{"taxonomy":"product_tag","embeddable":true,"href":"https:\/\/ecostera.com\/dk\/wp-json\/wp\/v2\/product_tag?post=7045"}],"curies":[{"name":"wp","href":"https:\/\/api.w.org\/{rel}","templated":true}]}}