{"id":7091,"date":"2025-08-18T11:14:11","date_gmt":"2025-08-18T11:14:11","guid":{"rendered":"https:\/\/ecostera.com\/dk\/product\/sy-saet-til-dyr\/"},"modified":"2025-08-18T11:14:11","modified_gmt":"2025-08-18T11:14:11","slug":"sy-saet-til-dyr","status":"publish","type":"product","link":"https:\/\/ecostera.com\/dk\/product\/sy-saet-til-dyr\/","title":{"rendered":"Sy-s\u00e6t til dyr"},"content":{"rendered":"<h2 style=\"text-align: center\">Sjovt Og L\u00e6rerigt H\u00e5ndv\u00e6rk<\/h2>\n<p style=\"text-align: center\">Dyrenes sys\u00e6t er perfekt til b\u00f8rn, der vil l\u00e6re nye f\u00e6rdigheder, mens de har det sjovt. Det hj\u00e6lper med at forbedre h\u00e5nd-\u00f8je-koordination, t\u00e5lmodighed og kreativitet. B\u00f8rn vil nyde at skabe deres eget dyreleget\u00f8j, mens de udvikler vigtige syf\u00e6rdigheder p\u00e5 en legende m\u00e5de.<\/p>\n<p><img decoding=\"async\" class=\"alignnone size-medium wp-image-4994 aligncenter\" src=\"https:\/\/keluvo.com\/template\/wp-content\/uploads\/sites\/5\/2024\/12\/Sa4fde1fe1ca74e9197c348afb2389a61U.jpeg\" alt=\"\" \/><\/p>\n<p><img decoding=\"async\" class=\"alignnone size-medium wp-image-4994 aligncenter\" src=\"https:\/\/keluvo.com\/template\/wp-content\/uploads\/sites\/5\/2024\/12\/Sa4fde1fe1ca74e9197c348afb2389a61U-.jpeg\" alt=\"\" \/><\/p>\n<h2 style=\"text-align: center\">Perfekt Til Unge Begyndere<\/h2>\n<p style=\"text-align: center\">Dette dyresyningss\u00e6t er designet til sm\u00e5 h\u00e6nder og begyndere. Det indeholder enkle instruktioner og sikkert v\u00e6rkt\u00f8j, f.eks. stumpe n\u00e5le, som g\u00f8r det nemt for b\u00f8rn at gennemf\u00f8re deres f\u00f8rste syprojekt. Det er en god m\u00e5de at introducere syning p\u00e5 en sikker og forn\u00f8jelig m\u00e5de.<\/p>\n<p><img decoding=\"async\" class=\"alignnone size-medium wp-image-4993 aligncenter\" src=\"https:\/\/keluvo.com\/template\/wp-content\/uploads\/sites\/5\/2024\/12\/S670a99cdfa354830a7a949d91dee02c2w.jpeg\" alt=\"\" \/><\/p>\n<h2 style=\"text-align: center\">Pakken Indeholder:<\/h2>\n<ul>\n<li>6 x dukkestof<\/li>\n<li>2 x stumpe knappen\u00e5le<\/li>\n<li>6 x s\u00f8lvperlek\u00e6de<\/li>\n<li>1 x bomuldspakke<\/li>\n<li>1 x brugsanvisning<\/li>\n<li>1 x sytr\u00e5dspakke<\/li>\n<\/ul>\n<p><img decoding=\"async\" class=\"alignnone size-medium wp-image-4997 aligncenter\" src=\"https:\/\/keluvo.com\/template\/wp-content\/uploads\/sites\/5\/2024\/12\/Se9933c3a7e6245b0897fdcb02f4e56861-.jpeg\" alt=\"\" \/><\/p>\n","protected":false},"excerpt":{"rendered":"<p>Sjovt Og L\u00e6rerigt H\u00e5ndv\u00e6rk Dyrenes sys\u00e6t er perfekt til b\u00f8rn, der vil l\u00e6re nye f\u00e6rdigheder, mens de har det sjovt. [&hellip;]<\/p>\n","protected":false},"featured_media":7087,"comment_status":"open","ping_status":"closed","template":"","meta":{"site-sidebar-layout":"default","site-content-layout":"","ast-site-content-layout":"default","site-content-style":"default","site-sidebar-style":"default","ast-global-header-display":"","ast-banner-title-visibility":"","ast-main-header-display":"","ast-hfb-above-header-display":"","ast-hfb-below-header-display":"","ast-hfb-mobile-header-display":"","site-post-title":"","ast-breadcrumbs-content":"","ast-featured-img":"","footer-sml-layout":"","theme-transparent-header-meta":"default","adv-header-id-meta":"","stick-header-meta":"","header-above-stick-meta":"","header-main-stick-meta":"","header-below-stick-meta":"","astra-migrate-meta-layouts":"set","ast-page-background-enabled":"default","ast-page-background-meta":{"desktop":{"background-color":"var(--ast-global-color-5)","background-image":"","background-repeat":"repeat","background-position":"center center","background-size":"auto","background-attachment":"scroll","background-type":"","background-media":"","overlay-type":"","overlay-color":"","overlay-opacity":"","overlay-gradient":""},"tablet":{"background-color":"","background-image":"","background-repeat":"repeat","background-position":"center center","background-size":"auto","background-attachment":"scroll","background-type":"","background-media":"","overlay-type":"","overlay-color":"","overlay-opacity":"","overlay-gradient":""},"mobile":{"background-color":"","background-image":"","background-repeat":"repeat","background-position":"center center","background-size":"auto","background-attachment":"scroll","background-type":"","background-media":"","overlay-type":"","overlay-color":"","overlay-opacity":"","overlay-gradient":""}},"ast-content-background-meta":{"desktop":{"background-color":"var(--ast-global-color-4)","background-image":"","background-repeat":"repeat","background-position":"center center","background-size":"auto","background-attachment":"scroll","background-type":"","background-media":"","overlay-type":"","overlay-color":"","overlay-opacity":"","overlay-gradient":""},"tablet":{"background-color":"var(--ast-global-color-4)","background-image":"","background-repeat":"repeat","background-position":"center center","background-size":"auto","background-attachment":"scroll","background-type":"","background-media":"","overlay-type":"","overlay-color":"","overlay-opacity":"","overlay-gradient":""},"mobile":{"background-color":"var(--ast-global-color-4)","background-image":"","background-repeat":"repeat","background-position":"center center","background-size":"auto","background-attachment":"scroll","background-type":"","background-media":"","overlay-type":"","overlay-color":"","overlay-opacity":"","overlay-gradient":""}}},"product_brand":[],"product_cat":[19],"product_tag":[],"class_list":{"0":"post-7091","1":"product","2":"type-product","3":"status-publish","4":"has-post-thumbnail","6":"product_cat-uncategorized","7":"desktop-align-left","8":"tablet-align-left","9":"mobile-align-left","11":"first","12":"instock","13":"shipping-taxable","14":"purchasable","15":"product-type-simple"},"_links":{"self":[{"href":"https:\/\/ecostera.com\/dk\/wp-json\/wp\/v2\/product\/7091","targetHints":{"allow":["GET"]}}],"collection":[{"href":"https:\/\/ecostera.com\/dk\/wp-json\/wp\/v2\/product"}],"about":[{"href":"https:\/\/ecostera.com\/dk\/wp-json\/wp\/v2\/types\/product"}],"replies":[{"embeddable":true,"href":"https:\/\/ecostera.com\/dk\/wp-json\/wp\/v2\/comments?post=7091"}],"wp:featuredmedia":[{"embeddable":true,"href":"https:\/\/ecostera.com\/dk\/wp-json\/wp\/v2\/media\/7087"}],"wp:attachment":[{"href":"https:\/\/ecostera.com\/dk\/wp-json\/wp\/v2\/media?parent=7091"}],"wp:term":[{"taxonomy":"product_brand","embeddable":true,"href":"https:\/\/ecostera.com\/dk\/wp-json\/wp\/v2\/product_brand?post=7091"},{"taxonomy":"product_cat","embeddable":true,"href":"https:\/\/ecostera.com\/dk\/wp-json\/wp\/v2\/product_cat?post=7091"},{"taxonomy":"product_tag","embeddable":true,"href":"https:\/\/ecostera.com\/dk\/wp-json\/wp\/v2\/product_tag?post=7091"}],"curies":[{"name":"wp","href":"https:\/\/api.w.org\/{rel}","templated":true}]}}