{"id":7167,"date":"2025-08-20T06:25:48","date_gmt":"2025-08-20T03:25:48","guid":{"rendered":"https:\/\/ecostera.com\/dk\/product\/holdningskorrigerende-vest\/"},"modified":"2025-08-20T06:26:01","modified_gmt":"2025-08-20T03:26:01","slug":"holdningskorrigerende-vest","status":"publish","type":"product","link":"https:\/\/ecostera.com\/dk\/product\/holdningskorrigerende-vest\/","title":{"rendered":"Holdningskorrigerende vest"},"content":{"rendered":"<h2 style=\"text-align: center\" data-start=\"0\" data-end=\"32\"><strong>Underst\u00f8tter En Sund Kropsholdning<\/strong><\/h2>\n<p style=\"text-align: center\" data-start=\"33\" data-end=\"242\">Positionskorrigeringsvesten hj\u00e6lper med at rette ryggen og skuldrene op for at forbedre kropsholdningen. Den giver blid st\u00f8tte for at reducere krumspring og ubehag. Brug den dagligt for at fremme en mere oprejst og selvsikker holdning.<\/p>\n<p data-start=\"33\" data-end=\"242\"><img decoding=\"async\" class=\"alignnone size-medium wp-image-11746 aligncenter\" src=\"https:\/\/keluvo.com\/template\/wp-content\/uploads\/sites\/5\/2025\/02\/S51163f7da6114b4fac6ac1096d7954adk.jpg_960x960q75.jpg_.jpeg\" alt=\"\" \/><\/p>\n<h2 style=\"text-align: center\" data-start=\"244\" data-end=\"280\">Justerbar Og Behagelig Pasform<\/h2>\n<p style=\"text-align: center\" data-start=\"281\" data-end=\"520\">Designet med justerbare stropper sikrer holdningskorrigeringsvesten en sikker og personlig pasform. Det lette og \u00e5ndbare materiale g\u00f8r den behagelig at have p\u00e5 i lang tid. Den er velegnet til b\u00e5de m\u00e6nd og kvinder og kan b\u00e6res under t\u00f8jet.<\/p>\n<p data-start=\"281\" data-end=\"520\"><img decoding=\"async\" class=\"alignnone size-medium wp-image-11748 aligncenter\" src=\"https:\/\/keluvo.com\/template\/wp-content\/uploads\/sites\/5\/2025\/02\/Se0a880c9d64b42a0838f387a3d0d24a7X.jpg_960x960q75.jpg_.jpeg\" alt=\"\" \/><\/p>\n","protected":false},"excerpt":{"rendered":"<p>Underst\u00f8tter En Sund Kropsholdning Positionskorrigeringsvesten hj\u00e6lper med at rette ryggen og skuldrene op for at forbedre kropsholdningen. Den giver blid [&hellip;]<\/p>\n","protected":false},"featured_media":7163,"comment_status":"open","ping_status":"closed","template":"","meta":{"site-sidebar-layout":"default","site-content-layout":"","ast-site-content-layout":"default","site-content-style":"default","site-sidebar-style":"default","ast-global-header-display":"","ast-banner-title-visibility":"","ast-main-header-display":"","ast-hfb-above-header-display":"","ast-hfb-below-header-display":"","ast-hfb-mobile-header-display":"","site-post-title":"","ast-breadcrumbs-content":"","ast-featured-img":"","footer-sml-layout":"","theme-transparent-header-meta":"default","adv-header-id-meta":"","stick-header-meta":"","header-above-stick-meta":"","header-main-stick-meta":"","header-below-stick-meta":"","astra-migrate-meta-layouts":"set","ast-page-background-enabled":"default","ast-page-background-meta":{"desktop":{"background-color":"var(--ast-global-color-5)","background-image":"","background-repeat":"repeat","background-position":"center center","background-size":"auto","background-attachment":"scroll","background-type":"","background-media":"","overlay-type":"","overlay-color":"","overlay-opacity":"","overlay-gradient":""},"tablet":{"background-color":"","background-image":"","background-repeat":"repeat","background-position":"center center","background-size":"auto","background-attachment":"scroll","background-type":"","background-media":"","overlay-type":"","overlay-color":"","overlay-opacity":"","overlay-gradient":""},"mobile":{"background-color":"","background-image":"","background-repeat":"repeat","background-position":"center center","background-size":"auto","background-attachment":"scroll","background-type":"","background-media":"","overlay-type":"","overlay-color":"","overlay-opacity":"","overlay-gradient":""}},"ast-content-background-meta":{"desktop":{"background-color":"var(--ast-global-color-4)","background-image":"","background-repeat":"repeat","background-position":"center center","background-size":"auto","background-attachment":"scroll","background-type":"","background-media":"","overlay-type":"","overlay-color":"","overlay-opacity":"","overlay-gradient":""},"tablet":{"background-color":"var(--ast-global-color-4)","background-image":"","background-repeat":"repeat","background-position":"center center","background-size":"auto","background-attachment":"scroll","background-type":"","background-media":"","overlay-type":"","overlay-color":"","overlay-opacity":"","overlay-gradient":""},"mobile":{"background-color":"var(--ast-global-color-4)","background-image":"","background-repeat":"repeat","background-position":"center center","background-size":"auto","background-attachment":"scroll","background-type":"","background-media":"","overlay-type":"","overlay-color":"","overlay-opacity":"","overlay-gradient":""}}},"product_brand":[],"product_cat":[19],"product_tag":[],"class_list":{"0":"post-7167","1":"product","2":"type-product","3":"status-publish","4":"has-post-thumbnail","6":"product_cat-uncategorized","7":"pa_19988_v1ufdvpt-s","8":"pa_19988_v1ufdvpt-m","9":"pa_19988_v1ufdvpt-l","10":"pa_19988_v1ufdvpt-xl","11":"pa_19988_v1ufdvpt-xxl","12":"desktop-align-left","13":"tablet-align-left","14":"mobile-align-left","16":"first","17":"instock","18":"shipping-taxable","19":"purchasable","20":"product-type-variable"},"_links":{"self":[{"href":"https:\/\/ecostera.com\/dk\/wp-json\/wp\/v2\/product\/7167","targetHints":{"allow":["GET"]}}],"collection":[{"href":"https:\/\/ecostera.com\/dk\/wp-json\/wp\/v2\/product"}],"about":[{"href":"https:\/\/ecostera.com\/dk\/wp-json\/wp\/v2\/types\/product"}],"replies":[{"embeddable":true,"href":"https:\/\/ecostera.com\/dk\/wp-json\/wp\/v2\/comments?post=7167"}],"wp:featuredmedia":[{"embeddable":true,"href":"https:\/\/ecostera.com\/dk\/wp-json\/wp\/v2\/media\/7163"}],"wp:attachment":[{"href":"https:\/\/ecostera.com\/dk\/wp-json\/wp\/v2\/media?parent=7167"}],"wp:term":[{"taxonomy":"product_brand","embeddable":true,"href":"https:\/\/ecostera.com\/dk\/wp-json\/wp\/v2\/product_brand?post=7167"},{"taxonomy":"product_cat","embeddable":true,"href":"https:\/\/ecostera.com\/dk\/wp-json\/wp\/v2\/product_cat?post=7167"},{"taxonomy":"product_tag","embeddable":true,"href":"https:\/\/ecostera.com\/dk\/wp-json\/wp\/v2\/product_tag?post=7167"}],"curies":[{"name":"wp","href":"https:\/\/api.w.org\/{rel}","templated":true}]}}