{"id":7187,"date":"2025-08-20T06:26:41","date_gmt":"2025-08-20T03:26:41","guid":{"rendered":"https:\/\/ecostera.com\/dk\/product\/zirkon-armbaand\/"},"modified":"2025-08-20T06:26:53","modified_gmt":"2025-08-20T03:26:53","slug":"zirkon-armbaand","status":"publish","type":"product","link":"https:\/\/ecostera.com\/dk\/product\/zirkon-armbaand\/","title":{"rendered":"Zirkon-armb\u00e5nd"},"content":{"rendered":"<h2 style=\"text-align: center\" data-start=\"0\" data-end=\"26\">Elegant Zirkonsten<\/h2>\n<p style=\"text-align: center\" data-start=\"27\" data-end=\"225\">Zirkonarmb\u00e5ndet har en funklende zirkonsten, der skinner smukt i lyset. Dets raffinerede design tilf\u00f8jer et strejf af elegance til ethvert outfit. Perfekt til b\u00e5de afslappede og formelle lejligheder.<\/p>\n<p data-start=\"27\" data-end=\"225\"><img decoding=\"async\" class=\"alignnone size-medium wp-image-11866 aligncenter\" src=\"https:\/\/keluvo.com\/template\/wp-content\/uploads\/sites\/5\/2025\/02\/Sf55347eae83e4d8280ba974dd9a5278ft.jpg_960x960q75.jpg_.jpeg\" alt=\"\" \/><\/p>\n<h2 style=\"text-align: center\" data-start=\"227\" data-end=\"256\">Komfortabelt Og Stilfuldt<\/h2>\n<p style=\"text-align: center\" data-start=\"257\" data-end=\"474\">Designet til brug hele dagen, zirkonarmb\u00e5ndet er let og glat p\u00e5 h\u00e5ndleddet. Den sikre l\u00e5s sikrer en behagelig pasform, hvilket g\u00f8r det nemt at have p\u00e5 i mange timer. En stilfuld tilf\u00f8jelse til enhver smykkesamling.<\/p>\n<p data-start=\"257\" data-end=\"474\"><img decoding=\"async\" class=\"alignnone size-medium wp-image-11862 aligncenter\" src=\"https:\/\/keluvo.com\/template\/wp-content\/uploads\/sites\/5\/2025\/02\/S24bf55a071084dce9eee46531a32d78e8.jpg_960x960q75.jpg_.jpeg\" alt=\"\" \/><\/p>\n","protected":false},"excerpt":{"rendered":"<p>Elegant Zirkonsten Zirkonarmb\u00e5ndet har en funklende zirkonsten, der skinner smukt i lyset. Dets raffinerede design tilf\u00f8jer et strejf af elegance [&hellip;]<\/p>\n","protected":false},"featured_media":7183,"comment_status":"open","ping_status":"closed","template":"","meta":{"site-sidebar-layout":"default","site-content-layout":"","ast-site-content-layout":"default","site-content-style":"default","site-sidebar-style":"default","ast-global-header-display":"","ast-banner-title-visibility":"","ast-main-header-display":"","ast-hfb-above-header-display":"","ast-hfb-below-header-display":"","ast-hfb-mobile-header-display":"","site-post-title":"","ast-breadcrumbs-content":"","ast-featured-img":"","footer-sml-layout":"","theme-transparent-header-meta":"default","adv-header-id-meta":"","stick-header-meta":"","header-above-stick-meta":"","header-main-stick-meta":"","header-below-stick-meta":"","astra-migrate-meta-layouts":"set","ast-page-background-enabled":"default","ast-page-background-meta":{"desktop":{"background-color":"var(--ast-global-color-5)","background-image":"","background-repeat":"repeat","background-position":"center center","background-size":"auto","background-attachment":"scroll","background-type":"","background-media":"","overlay-type":"","overlay-color":"","overlay-opacity":"","overlay-gradient":""},"tablet":{"background-color":"","background-image":"","background-repeat":"repeat","background-position":"center center","background-size":"auto","background-attachment":"scroll","background-type":"","background-media":"","overlay-type":"","overlay-color":"","overlay-opacity":"","overlay-gradient":""},"mobile":{"background-color":"","background-image":"","background-repeat":"repeat","background-position":"center center","background-size":"auto","background-attachment":"scroll","background-type":"","background-media":"","overlay-type":"","overlay-color":"","overlay-opacity":"","overlay-gradient":""}},"ast-content-background-meta":{"desktop":{"background-color":"var(--ast-global-color-4)","background-image":"","background-repeat":"repeat","background-position":"center center","background-size":"auto","background-attachment":"scroll","background-type":"","background-media":"","overlay-type":"","overlay-color":"","overlay-opacity":"","overlay-gradient":""},"tablet":{"background-color":"var(--ast-global-color-4)","background-image":"","background-repeat":"repeat","background-position":"center center","background-size":"auto","background-attachment":"scroll","background-type":"","background-media":"","overlay-type":"","overlay-color":"","overlay-opacity":"","overlay-gradient":""},"mobile":{"background-color":"var(--ast-global-color-4)","background-image":"","background-repeat":"repeat","background-position":"center center","background-size":"auto","background-attachment":"scroll","background-type":"","background-media":"","overlay-type":"","overlay-color":"","overlay-opacity":"","overlay-gradient":""}}},"product_brand":[],"product_cat":[19],"product_tag":[],"class_list":{"0":"post-7187","1":"product","2":"type-product","3":"status-publish","4":"has-post-thumbnail","6":"product_cat-uncategorized","7":"pa_21515_avlmylle-935","8":"pa_21515_avlmylle-936","9":"pa_21515_avlmylle-937","10":"pa_21515_avlmylle-938","11":"pa_21515_avlmylle-939","12":"desktop-align-left","13":"tablet-align-left","14":"mobile-align-left","16":"first","17":"instock","18":"shipping-taxable","19":"purchasable","20":"product-type-variable"},"_links":{"self":[{"href":"https:\/\/ecostera.com\/dk\/wp-json\/wp\/v2\/product\/7187","targetHints":{"allow":["GET"]}}],"collection":[{"href":"https:\/\/ecostera.com\/dk\/wp-json\/wp\/v2\/product"}],"about":[{"href":"https:\/\/ecostera.com\/dk\/wp-json\/wp\/v2\/types\/product"}],"replies":[{"embeddable":true,"href":"https:\/\/ecostera.com\/dk\/wp-json\/wp\/v2\/comments?post=7187"}],"wp:featuredmedia":[{"embeddable":true,"href":"https:\/\/ecostera.com\/dk\/wp-json\/wp\/v2\/media\/7183"}],"wp:attachment":[{"href":"https:\/\/ecostera.com\/dk\/wp-json\/wp\/v2\/media?parent=7187"}],"wp:term":[{"taxonomy":"product_brand","embeddable":true,"href":"https:\/\/ecostera.com\/dk\/wp-json\/wp\/v2\/product_brand?post=7187"},{"taxonomy":"product_cat","embeddable":true,"href":"https:\/\/ecostera.com\/dk\/wp-json\/wp\/v2\/product_cat?post=7187"},{"taxonomy":"product_tag","embeddable":true,"href":"https:\/\/ecostera.com\/dk\/wp-json\/wp\/v2\/product_tag?post=7187"}],"curies":[{"name":"wp","href":"https:\/\/api.w.org\/{rel}","templated":true}]}}