{"id":7207,"date":"2025-08-20T06:27:46","date_gmt":"2025-08-20T03:27:46","guid":{"rendered":"https:\/\/ecostera.com\/dk\/product\/automatisk-knivsliber\/"},"modified":"2025-08-20T06:27:46","modified_gmt":"2025-08-20T03:27:46","slug":"automatisk-knivsliber","status":"publish","type":"product","link":"https:\/\/ecostera.com\/dk\/product\/automatisk-knivsliber\/","title":{"rendered":"Automatisk knivsliber"},"content":{"rendered":"<h2 style=\"text-align: center\" data-start=\"0\" data-end=\"26\">Nem og Sikker Brug<\/h2>\n<p style=\"text-align: center\" data-start=\"27\" data-end=\"292\">Den automatiske knivsliber er designet til ubesv\u00e6ret betjening, s\u00e5 du kan slibe dine knive med en enkelt bev\u00e6gelse. Det reducerer risikoen for skader og g\u00f8r det til et sikkert v\u00e6rkt\u00f8j at bruge, selv for begyndere. S\u00e6t blot kniven i, og lad sliberen g\u00f8re arbejdet.<\/p>\n<p data-start=\"27\" data-end=\"292\"><img decoding=\"async\" class=\"alignnone size-medium wp-image-11938 aligncenter\" src=\"https:\/\/keluvo.com\/template\/wp-content\/uploads\/sites\/5\/2025\/02\/Sa13bb4ec1dc54d3689797159f6366922b.jpg_960x960q75.jpg_.jpeg\" alt=\"\" \/><\/p>\n<h2 style=\"text-align: center\" data-start=\"294\" data-end=\"333\">Hurtig og Effektiv Slibning<\/h2>\n<p style=\"text-align: center\" data-start=\"334\" data-end=\"577\">Med den automatiske knivsliber kan du hurtigt genskabe skarpheden p\u00e5 dine knive uden at bruge timer p\u00e5 manuel slibning. Den er perfekt til at slibe frugtknive og andre sm\u00e5 k\u00f8kkenknive, hvilket g\u00f8r tilberedningen af m\u00e5ltiderne hurtigere og nemmere.<\/p>\n<p style=\"text-align: center\" data-start=\"334\" data-end=\"577\"><img decoding=\"async\" class=\"alignnone size-medium wp-image-11935\" src=\"https:\/\/keluvo.com\/template\/wp-content\/uploads\/sites\/5\/2025\/02\/def68ec5-764f-453f-bd7c-c9704ddbac16.webp\" alt=\"\" \/><\/p>\n","protected":false},"excerpt":{"rendered":"<p>Nem og Sikker Brug Den automatiske knivsliber er designet til ubesv\u00e6ret betjening, s\u00e5 du kan slibe dine knive med en [&hellip;]<\/p>\n","protected":false},"featured_media":7203,"comment_status":"open","ping_status":"closed","template":"","meta":{"site-sidebar-layout":"default","site-content-layout":"","ast-site-content-layout":"default","site-content-style":"default","site-sidebar-style":"default","ast-global-header-display":"","ast-banner-title-visibility":"","ast-main-header-display":"","ast-hfb-above-header-display":"","ast-hfb-below-header-display":"","ast-hfb-mobile-header-display":"","site-post-title":"","ast-breadcrumbs-content":"","ast-featured-img":"","footer-sml-layout":"","theme-transparent-header-meta":"default","adv-header-id-meta":"","stick-header-meta":"","header-above-stick-meta":"","header-main-stick-meta":"","header-below-stick-meta":"","astra-migrate-meta-layouts":"set","ast-page-background-enabled":"default","ast-page-background-meta":{"desktop":{"background-color":"var(--ast-global-color-5)","background-image":"","background-repeat":"repeat","background-position":"center center","background-size":"auto","background-attachment":"scroll","background-type":"","background-media":"","overlay-type":"","overlay-color":"","overlay-opacity":"","overlay-gradient":""},"tablet":{"background-color":"","background-image":"","background-repeat":"repeat","background-position":"center center","background-size":"auto","background-attachment":"scroll","background-type":"","background-media":"","overlay-type":"","overlay-color":"","overlay-opacity":"","overlay-gradient":""},"mobile":{"background-color":"","background-image":"","background-repeat":"repeat","background-position":"center center","background-size":"auto","background-attachment":"scroll","background-type":"","background-media":"","overlay-type":"","overlay-color":"","overlay-opacity":"","overlay-gradient":""}},"ast-content-background-meta":{"desktop":{"background-color":"var(--ast-global-color-4)","background-image":"","background-repeat":"repeat","background-position":"center center","background-size":"auto","background-attachment":"scroll","background-type":"","background-media":"","overlay-type":"","overlay-color":"","overlay-opacity":"","overlay-gradient":""},"tablet":{"background-color":"var(--ast-global-color-4)","background-image":"","background-repeat":"repeat","background-position":"center center","background-size":"auto","background-attachment":"scroll","background-type":"","background-media":"","overlay-type":"","overlay-color":"","overlay-opacity":"","overlay-gradient":""},"mobile":{"background-color":"var(--ast-global-color-4)","background-image":"","background-repeat":"repeat","background-position":"center center","background-size":"auto","background-attachment":"scroll","background-type":"","background-media":"","overlay-type":"","overlay-color":"","overlay-opacity":"","overlay-gradient":""}}},"product_brand":[],"product_cat":[19],"product_tag":[],"class_list":{"0":"post-7207","1":"product","2":"type-product","3":"status-publish","4":"has-post-thumbnail","6":"product_cat-uncategorized","7":"desktop-align-left","8":"tablet-align-left","9":"mobile-align-left","11":"first","12":"instock","13":"shipping-taxable","14":"purchasable","15":"product-type-simple"},"_links":{"self":[{"href":"https:\/\/ecostera.com\/dk\/wp-json\/wp\/v2\/product\/7207","targetHints":{"allow":["GET"]}}],"collection":[{"href":"https:\/\/ecostera.com\/dk\/wp-json\/wp\/v2\/product"}],"about":[{"href":"https:\/\/ecostera.com\/dk\/wp-json\/wp\/v2\/types\/product"}],"replies":[{"embeddable":true,"href":"https:\/\/ecostera.com\/dk\/wp-json\/wp\/v2\/comments?post=7207"}],"wp:featuredmedia":[{"embeddable":true,"href":"https:\/\/ecostera.com\/dk\/wp-json\/wp\/v2\/media\/7203"}],"wp:attachment":[{"href":"https:\/\/ecostera.com\/dk\/wp-json\/wp\/v2\/media?parent=7207"}],"wp:term":[{"taxonomy":"product_brand","embeddable":true,"href":"https:\/\/ecostera.com\/dk\/wp-json\/wp\/v2\/product_brand?post=7207"},{"taxonomy":"product_cat","embeddable":true,"href":"https:\/\/ecostera.com\/dk\/wp-json\/wp\/v2\/product_cat?post=7207"},{"taxonomy":"product_tag","embeddable":true,"href":"https:\/\/ecostera.com\/dk\/wp-json\/wp\/v2\/product_tag?post=7207"}],"curies":[{"name":"wp","href":"https:\/\/api.w.org\/{rel}","templated":true}]}}