{"id":7212,"date":"2025-08-20T06:28:04","date_gmt":"2025-08-20T03:28:04","guid":{"rendered":"https:\/\/ecostera.com\/dk\/product\/forlaengende-mascara\/"},"modified":"2025-08-20T06:28:07","modified_gmt":"2025-08-20T03:28:07","slug":"forlaengende-mascara","status":"publish","type":"product","link":"https:\/\/ecostera.com\/dk\/product\/forlaengende-mascara\/","title":{"rendered":"Forl\u00e6ngende mascara"},"content":{"rendered":"<h2 style=\"text-align: center\">Ubesv\u00e6ret Vippeforl\u00e6ngelse<\/h2>\n<p style=\"text-align: center\">Den forl\u00e6ngende mascara er specielt formuleret til at tilf\u00f8je l\u00e6ngde og elegance til dine vipper. Med sin silkefiberformel forl\u00e6nger den hver vippe og giver et f\u00e6ngslende, naturligt look. Den er perfekt til hverdagsbrug eller s\u00e6rlige lejligheder og fremh\u00e6ver dine \u00f8jne uden besv\u00e6r.<\/p>\n<p><img decoding=\"async\" class=\"alignnone size-medium wp-image-3810 aligncenter\" src=\"https:\/\/keluvo.com\/template\/wp-content\/uploads\/sites\/5\/2024\/11\/630f679d-da48-4a2c-b78c-560ed8c15a47.webp\" alt=\"\" \/><\/p>\n<h2 style=\"text-align: center\">Smudsafvisende og Vandfast<\/h2>\n<p style=\"text-align: center\">Den forl\u00e6ngende mascara er designet til at modst\u00e5 din travle dag og er vand- og svedafvisende. Den sikrer, at dine vipper forbliver fejlfri og definerede, selv under fugtige forhold, uden at klatte eller falme.<\/p>\n<p><img decoding=\"async\" class=\"alignnone size-medium wp-image-3815 aligncenter\" src=\"https:\/\/keluvo.com\/template\/wp-content\/uploads\/sites\/5\/2024\/11\/8d7987cd-b6dd-440c-82f5-935312966a2e.webp\" alt=\"\" \/><\/p>\n","protected":false},"excerpt":{"rendered":"<p>Ubesv\u00e6ret Vippeforl\u00e6ngelse Den forl\u00e6ngende mascara er specielt formuleret til at tilf\u00f8je l\u00e6ngde og elegance til dine vipper. Med sin silkefiberformel [&hellip;]<\/p>\n","protected":false},"featured_media":7208,"comment_status":"open","ping_status":"closed","template":"","meta":{"site-sidebar-layout":"default","site-content-layout":"","ast-site-content-layout":"default","site-content-style":"default","site-sidebar-style":"default","ast-global-header-display":"","ast-banner-title-visibility":"","ast-main-header-display":"","ast-hfb-above-header-display":"","ast-hfb-below-header-display":"","ast-hfb-mobile-header-display":"","site-post-title":"","ast-breadcrumbs-content":"","ast-featured-img":"","footer-sml-layout":"","theme-transparent-header-meta":"default","adv-header-id-meta":"","stick-header-meta":"","header-above-stick-meta":"","header-main-stick-meta":"","header-below-stick-meta":"","astra-migrate-meta-layouts":"set","ast-page-background-enabled":"default","ast-page-background-meta":{"desktop":{"background-color":"var(--ast-global-color-5)","background-image":"","background-repeat":"repeat","background-position":"center center","background-size":"auto","background-attachment":"scroll","background-type":"","background-media":"","overlay-type":"","overlay-color":"","overlay-opacity":"","overlay-gradient":""},"tablet":{"background-color":"","background-image":"","background-repeat":"repeat","background-position":"center center","background-size":"auto","background-attachment":"scroll","background-type":"","background-media":"","overlay-type":"","overlay-color":"","overlay-opacity":"","overlay-gradient":""},"mobile":{"background-color":"","background-image":"","background-repeat":"repeat","background-position":"center center","background-size":"auto","background-attachment":"scroll","background-type":"","background-media":"","overlay-type":"","overlay-color":"","overlay-opacity":"","overlay-gradient":""}},"ast-content-background-meta":{"desktop":{"background-color":"var(--ast-global-color-4)","background-image":"","background-repeat":"repeat","background-position":"center center","background-size":"auto","background-attachment":"scroll","background-type":"","background-media":"","overlay-type":"","overlay-color":"","overlay-opacity":"","overlay-gradient":""},"tablet":{"background-color":"var(--ast-global-color-4)","background-image":"","background-repeat":"repeat","background-position":"center center","background-size":"auto","background-attachment":"scroll","background-type":"","background-media":"","overlay-type":"","overlay-color":"","overlay-opacity":"","overlay-gradient":""},"mobile":{"background-color":"var(--ast-global-color-4)","background-image":"","background-repeat":"repeat","background-position":"center center","background-size":"auto","background-attachment":"scroll","background-type":"","background-media":"","overlay-type":"","overlay-color":"","overlay-opacity":"","overlay-gradient":""}}},"product_brand":[],"product_cat":[19],"product_tag":[],"class_list":{"0":"post-7212","1":"product","2":"type-product","3":"status-publish","4":"has-post-thumbnail","6":"product_cat-uncategorized","7":"pa_30699_8bz909fk-brun","8":"pa_30699_8bz909fk-sort","9":"desktop-align-left","10":"tablet-align-left","11":"mobile-align-left","13":"first","14":"instock","15":"shipping-taxable","16":"purchasable","17":"product-type-variable"},"_links":{"self":[{"href":"https:\/\/ecostera.com\/dk\/wp-json\/wp\/v2\/product\/7212","targetHints":{"allow":["GET"]}}],"collection":[{"href":"https:\/\/ecostera.com\/dk\/wp-json\/wp\/v2\/product"}],"about":[{"href":"https:\/\/ecostera.com\/dk\/wp-json\/wp\/v2\/types\/product"}],"replies":[{"embeddable":true,"href":"https:\/\/ecostera.com\/dk\/wp-json\/wp\/v2\/comments?post=7212"}],"wp:featuredmedia":[{"embeddable":true,"href":"https:\/\/ecostera.com\/dk\/wp-json\/wp\/v2\/media\/7208"}],"wp:attachment":[{"href":"https:\/\/ecostera.com\/dk\/wp-json\/wp\/v2\/media?parent=7212"}],"wp:term":[{"taxonomy":"product_brand","embeddable":true,"href":"https:\/\/ecostera.com\/dk\/wp-json\/wp\/v2\/product_brand?post=7212"},{"taxonomy":"product_cat","embeddable":true,"href":"https:\/\/ecostera.com\/dk\/wp-json\/wp\/v2\/product_cat?post=7212"},{"taxonomy":"product_tag","embeddable":true,"href":"https:\/\/ecostera.com\/dk\/wp-json\/wp\/v2\/product_tag?post=7212"}],"curies":[{"name":"wp","href":"https:\/\/api.w.org\/{rel}","templated":true}]}}