{"id":7221,"date":"2025-08-20T06:29:21","date_gmt":"2025-08-20T03:29:21","guid":{"rendered":"https:\/\/ecostera.com\/dk\/product\/slibemaskine-til-bor\/"},"modified":"2025-08-20T06:29:26","modified_gmt":"2025-08-20T03:29:26","slug":"slibemaskine-til-bor","status":"publish","type":"product","link":"https:\/\/ecostera.com\/dk\/product\/slibemaskine-til-bor\/","title":{"rendered":"Slibemaskine til bor"},"content":{"rendered":"<h2 style=\"text-align: center\" data-start=\"0\" data-end=\"30\">Sliber bor hurtigt<\/h2>\n<p style=\"text-align: center\" data-start=\"31\" data-end=\"236\">Borsliberen hj\u00e6lper med at genoprette sl\u00f8ve bor p\u00e5 f\u00e5 sekunder. Dens manuelle design giver dig fuld kontrol over den pr\u00e6cise slibning. Dette v\u00e6rkt\u00f8j sparer tid og holder dine bor klar til brug.<\/p>\n<p data-start=\"31\" data-end=\"236\"><img decoding=\"async\" class=\"alignnone size-medium wp-image-11853 aligncenter\" src=\"https:\/\/keluvo.com\/template\/wp-content\/uploads\/sites\/5\/2025\/02\/Se6f823ee97c64df5bfab2e12efebe9a3h.jpeg\" alt=\"\" \/><\/p>\n<h2 style=\"text-align: center\" data-start=\"238\" data-end=\"270\">Fungerer med mange bor<\/h2>\n<p style=\"text-align: center\" data-start=\"271\" data-end=\"496\">Denne boresliber er velegnet til slibning af karbid-, kobolt- og h\u00f8jhastighedsst\u00e5lbor. Den kan nemt h\u00e5ndtere spiralbor og andre almindelige typer. Ingen grund til at udskifte gamle bits &#8211; bare slib dem og brug dem igen.<\/p>\n<p data-start=\"271\" data-end=\"496\"><img decoding=\"async\" class=\"alignnone size-medium wp-image-11851 aligncenter\" src=\"https:\/\/keluvo.com\/template\/wp-content\/uploads\/sites\/5\/2025\/02\/S8703710e076b48cfa9e408173a979f009.jpg_960x960q75.jpg_.jpeg\" alt=\"\" \/><\/p>\n","protected":false},"excerpt":{"rendered":"<p>Sliber bor hurtigt Borsliberen hj\u00e6lper med at genoprette sl\u00f8ve bor p\u00e5 f\u00e5 sekunder. Dens manuelle design giver dig fuld kontrol [&hellip;]<\/p>\n","protected":false},"featured_media":7217,"comment_status":"open","ping_status":"closed","template":"","meta":{"site-sidebar-layout":"default","site-content-layout":"","ast-site-content-layout":"default","site-content-style":"default","site-sidebar-style":"default","ast-global-header-display":"","ast-banner-title-visibility":"","ast-main-header-display":"","ast-hfb-above-header-display":"","ast-hfb-below-header-display":"","ast-hfb-mobile-header-display":"","site-post-title":"","ast-breadcrumbs-content":"","ast-featured-img":"","footer-sml-layout":"","theme-transparent-header-meta":"default","adv-header-id-meta":"","stick-header-meta":"","header-above-stick-meta":"","header-main-stick-meta":"","header-below-stick-meta":"","astra-migrate-meta-layouts":"set","ast-page-background-enabled":"default","ast-page-background-meta":{"desktop":{"background-color":"var(--ast-global-color-5)","background-image":"","background-repeat":"repeat","background-position":"center center","background-size":"auto","background-attachment":"scroll","background-type":"","background-media":"","overlay-type":"","overlay-color":"","overlay-opacity":"","overlay-gradient":""},"tablet":{"background-color":"","background-image":"","background-repeat":"repeat","background-position":"center center","background-size":"auto","background-attachment":"scroll","background-type":"","background-media":"","overlay-type":"","overlay-color":"","overlay-opacity":"","overlay-gradient":""},"mobile":{"background-color":"","background-image":"","background-repeat":"repeat","background-position":"center center","background-size":"auto","background-attachment":"scroll","background-type":"","background-media":"","overlay-type":"","overlay-color":"","overlay-opacity":"","overlay-gradient":""}},"ast-content-background-meta":{"desktop":{"background-color":"var(--ast-global-color-4)","background-image":"","background-repeat":"repeat","background-position":"center center","background-size":"auto","background-attachment":"scroll","background-type":"","background-media":"","overlay-type":"","overlay-color":"","overlay-opacity":"","overlay-gradient":""},"tablet":{"background-color":"var(--ast-global-color-4)","background-image":"","background-repeat":"repeat","background-position":"center center","background-size":"auto","background-attachment":"scroll","background-type":"","background-media":"","overlay-type":"","overlay-color":"","overlay-opacity":"","overlay-gradient":""},"mobile":{"background-color":"var(--ast-global-color-4)","background-image":"","background-repeat":"repeat","background-position":"center center","background-size":"auto","background-attachment":"scroll","background-type":"","background-media":"","overlay-type":"","overlay-color":"","overlay-opacity":"","overlay-gradient":""}}},"product_brand":[],"product_cat":[19],"product_tag":[],"class_list":{"0":"post-7221","1":"product","2":"type-product","3":"status-publish","4":"has-post-thumbnail","6":"product_cat-uncategorized","7":"pa_38949_jwjz8at1-orange","8":"pa_38949_jwjz8at1-sort","9":"desktop-align-left","10":"tablet-align-left","11":"mobile-align-left","13":"first","14":"instock","15":"shipping-taxable","16":"purchasable","17":"product-type-variable"},"_links":{"self":[{"href":"https:\/\/ecostera.com\/dk\/wp-json\/wp\/v2\/product\/7221","targetHints":{"allow":["GET"]}}],"collection":[{"href":"https:\/\/ecostera.com\/dk\/wp-json\/wp\/v2\/product"}],"about":[{"href":"https:\/\/ecostera.com\/dk\/wp-json\/wp\/v2\/types\/product"}],"replies":[{"embeddable":true,"href":"https:\/\/ecostera.com\/dk\/wp-json\/wp\/v2\/comments?post=7221"}],"wp:featuredmedia":[{"embeddable":true,"href":"https:\/\/ecostera.com\/dk\/wp-json\/wp\/v2\/media\/7217"}],"wp:attachment":[{"href":"https:\/\/ecostera.com\/dk\/wp-json\/wp\/v2\/media?parent=7221"}],"wp:term":[{"taxonomy":"product_brand","embeddable":true,"href":"https:\/\/ecostera.com\/dk\/wp-json\/wp\/v2\/product_brand?post=7221"},{"taxonomy":"product_cat","embeddable":true,"href":"https:\/\/ecostera.com\/dk\/wp-json\/wp\/v2\/product_cat?post=7221"},{"taxonomy":"product_tag","embeddable":true,"href":"https:\/\/ecostera.com\/dk\/wp-json\/wp\/v2\/product_tag?post=7221"}],"curies":[{"name":"wp","href":"https:\/\/api.w.org\/{rel}","templated":true}]}}