{"id":7230,"date":"2025-08-20T06:29:38","date_gmt":"2025-08-20T03:29:38","guid":{"rendered":"https:\/\/ecostera.com\/dk\/product\/blaendende-charm-armbaand\/"},"modified":"2025-08-20T06:29:38","modified_gmt":"2025-08-20T03:29:38","slug":"blaendende-charm-armbaand","status":"publish","type":"product","link":"https:\/\/ecostera.com\/dk\/product\/blaendende-charm-armbaand\/","title":{"rendered":"Bl\u00e6ndende charm-armb\u00e5nd"},"content":{"rendered":"<h2 style=\"text-align: center\">Elegant og tidl\u00f8st design<\/h2>\n<p style=\"text-align: center\">Det bl\u00e6ndende charm-armb\u00e5nd er udformet med en elegant s\u00f8lv- og guldfinish, som g\u00f8r det til et stilfuldt valg til ethvert outfit. Det glitrende design tilf\u00f8jer et strejf af elegance og g\u00f8r det perfekt til b\u00e5de daglig brug og s\u00e6rlige lejligheder. Dette armb\u00e5nd vil l\u00f8fte dit look med sin tidl\u00f8se charme.<\/p>\n<p><img decoding=\"async\" class=\"alignnone size-medium wp-image-5708 aligncenter\" src=\"https:\/\/keluvo.com\/template\/wp-content\/uploads\/sites\/5\/2024\/12\/ee34477f-77cc-4a42-a826-d892a700ffe9.webp\" alt=\"\" \/><\/p>\n<h2 style=\"text-align: center\">Tilpasselig og justerbar pasform<\/h2>\n<p style=\"text-align: center\">Designet med en justerbar st\u00f8rrelse sikrer det bl\u00e6ndende charm-armb\u00e5nd en behagelig pasform til ethvert h\u00e5ndled. Tilf\u00f8j dine yndlingscharms for at skabe et unikt smykke, der afspejler din personlige stil. Denne funktion g\u00f8r det til en god gave til dem, du holder af.<\/p>\n<p><img decoding=\"async\" class=\"alignnone size-medium wp-image-5711 aligncenter\" src=\"https:\/\/keluvo.com\/template\/wp-content\/uploads\/sites\/5\/2024\/12\/7195f815-8f48-4b1d-8427-3e556377cdb3.webp\" alt=\"\" \/><\/p>\n","protected":false},"excerpt":{"rendered":"<p>Elegant og tidl\u00f8st design Det bl\u00e6ndende charm-armb\u00e5nd er udformet med en elegant s\u00f8lv- og guldfinish, som g\u00f8r det til et [&hellip;]<\/p>\n","protected":false},"featured_media":7226,"comment_status":"open","ping_status":"closed","template":"","meta":{"site-sidebar-layout":"default","site-content-layout":"","ast-site-content-layout":"default","site-content-style":"default","site-sidebar-style":"default","ast-global-header-display":"","ast-banner-title-visibility":"","ast-main-header-display":"","ast-hfb-above-header-display":"","ast-hfb-below-header-display":"","ast-hfb-mobile-header-display":"","site-post-title":"","ast-breadcrumbs-content":"","ast-featured-img":"","footer-sml-layout":"","theme-transparent-header-meta":"default","adv-header-id-meta":"","stick-header-meta":"","header-above-stick-meta":"","header-main-stick-meta":"","header-below-stick-meta":"","astra-migrate-meta-layouts":"set","ast-page-background-enabled":"default","ast-page-background-meta":{"desktop":{"background-color":"var(--ast-global-color-5)","background-image":"","background-repeat":"repeat","background-position":"center center","background-size":"auto","background-attachment":"scroll","background-type":"","background-media":"","overlay-type":"","overlay-color":"","overlay-opacity":"","overlay-gradient":""},"tablet":{"background-color":"","background-image":"","background-repeat":"repeat","background-position":"center center","background-size":"auto","background-attachment":"scroll","background-type":"","background-media":"","overlay-type":"","overlay-color":"","overlay-opacity":"","overlay-gradient":""},"mobile":{"background-color":"","background-image":"","background-repeat":"repeat","background-position":"center center","background-size":"auto","background-attachment":"scroll","background-type":"","background-media":"","overlay-type":"","overlay-color":"","overlay-opacity":"","overlay-gradient":""}},"ast-content-background-meta":{"desktop":{"background-color":"var(--ast-global-color-4)","background-image":"","background-repeat":"repeat","background-position":"center center","background-size":"auto","background-attachment":"scroll","background-type":"","background-media":"","overlay-type":"","overlay-color":"","overlay-opacity":"","overlay-gradient":""},"tablet":{"background-color":"var(--ast-global-color-4)","background-image":"","background-repeat":"repeat","background-position":"center center","background-size":"auto","background-attachment":"scroll","background-type":"","background-media":"","overlay-type":"","overlay-color":"","overlay-opacity":"","overlay-gradient":""},"mobile":{"background-color":"var(--ast-global-color-4)","background-image":"","background-repeat":"repeat","background-position":"center center","background-size":"auto","background-attachment":"scroll","background-type":"","background-media":"","overlay-type":"","overlay-color":"","overlay-opacity":"","overlay-gradient":""}}},"product_brand":[],"product_cat":[19],"product_tag":[],"class_list":{"0":"post-7230","1":"product","2":"type-product","3":"status-publish","4":"has-post-thumbnail","6":"product_cat-uncategorized","7":"desktop-align-left","8":"tablet-align-left","9":"mobile-align-left","11":"first","12":"instock","13":"shipping-taxable","14":"purchasable","15":"product-type-simple"},"_links":{"self":[{"href":"https:\/\/ecostera.com\/dk\/wp-json\/wp\/v2\/product\/7230","targetHints":{"allow":["GET"]}}],"collection":[{"href":"https:\/\/ecostera.com\/dk\/wp-json\/wp\/v2\/product"}],"about":[{"href":"https:\/\/ecostera.com\/dk\/wp-json\/wp\/v2\/types\/product"}],"replies":[{"embeddable":true,"href":"https:\/\/ecostera.com\/dk\/wp-json\/wp\/v2\/comments?post=7230"}],"wp:featuredmedia":[{"embeddable":true,"href":"https:\/\/ecostera.com\/dk\/wp-json\/wp\/v2\/media\/7226"}],"wp:attachment":[{"href":"https:\/\/ecostera.com\/dk\/wp-json\/wp\/v2\/media?parent=7230"}],"wp:term":[{"taxonomy":"product_brand","embeddable":true,"href":"https:\/\/ecostera.com\/dk\/wp-json\/wp\/v2\/product_brand?post=7230"},{"taxonomy":"product_cat","embeddable":true,"href":"https:\/\/ecostera.com\/dk\/wp-json\/wp\/v2\/product_cat?post=7230"},{"taxonomy":"product_tag","embeddable":true,"href":"https:\/\/ecostera.com\/dk\/wp-json\/wp\/v2\/product_tag?post=7230"}],"curies":[{"name":"wp","href":"https:\/\/api.w.org\/{rel}","templated":true}]}}