{"id":7291,"date":"2025-08-20T16:28:37","date_gmt":"2025-08-20T13:28:37","guid":{"rendered":"https:\/\/ecostera.com\/dk\/product\/slyngetaske\/"},"modified":"2025-09-12T14:56:46","modified_gmt":"2025-09-12T11:56:46","slug":"slyngetaske","status":"publish","type":"product","link":"https:\/\/ecostera.com\/dk\/product\/slyngetaske\/","title":{"rendered":"Slyngetaske"},"content":{"rendered":"<p style=\"text-align: center\" data-start=\"187\" data-end=\"219\"><strong data-start=\"187\" data-end=\"219\">B\u00e6r Smart, Rejs Let \ud83c\udf92<\/strong><\/p>\n<p style=\"text-align: center\" data-start=\"221\" data-end=\"472\">Slyngetasken er den perfekte l\u00f8sning til hverdagsbrug for folk, der \u00f8nsker stil, sikkerhed og funktionalitet i \u00e9t kompakt design. Med flere rum, vandt\u00e6t beskyttelse og tyverisikring er den ideel til rejser, arbejde og daglig brug.<\/p>\n<p data-start=\"221\" data-end=\"472\"><img decoding=\"async\" class=\"size-full wp-image-29858 aligncenter\" src=\"https:\/\/keluvo.com\/template\/wp-content\/uploads\/sites\/5\/2025\/08\/07219-ezgif.com-video-to-webp-converter.webp\" alt=\"\" \/><\/p>\n<h2 style=\"text-align: center\" data-start=\"474\" data-end=\"493\">Vigtigste Fordele \u2728<\/h2>\n<p data-start=\"496\" data-end=\"544\">\ud83c\udfaf Kompakt design med masser af opbevaringsplads<\/p>\n<p data-start=\"547\" data-end=\"606\">\ud83d\udca7 Vandt\u00e6t stof holder dine ting sikre i al slags vejr<\/p>\n<p data-start=\"609\" data-end=\"669\">\ud83d\udd12 Tyverisikring giver ekstra sikkerhed p\u00e5 rejsen<\/p>\n<p data-start=\"672\" data-end=\"741\">\ud83d\udcf1 Passer perfekt til vigtige ting som telefon, pung, pas og n\u00f8gler<\/p>\n<p data-start=\"744\" data-end=\"793\">\ud83d\udc4c Komfortabel crossbody-rem til brug hele dagen<\/p>\n<p data-start=\"744\" data-end=\"793\"><img decoding=\"async\" class=\"size-full wp-image-29860 aligncenter\" src=\"https:\/\/keluvo.com\/template\/wp-content\/uploads\/sites\/5\/2025\/08\/Waterproof.webp\" alt=\"&quot;\" \/><\/p>\n<h2 style=\"text-align: center\" data-start=\"795\" data-end=\"814\">S\u00e5dan Bruges Den \ud83e\udded<\/h2>\n<ol data-start=\"815\" data-end=\"978\">\n<li data-start=\"815\" data-end=\"867\">\n<p data-start=\"818\" data-end=\"867\">Juster remmen, s\u00e5 den sidder t\u00e6t og behageligt.<\/p>\n<\/li>\n<li data-start=\"868\" data-end=\"923\">\n<p data-start=\"871\" data-end=\"923\">Pak dine vigtigste ting i de organiserede rum.<\/p>\n<\/li>\n<li data-start=\"924\" data-end=\"978\">\n<p data-start=\"927\" data-end=\"978\">Brug tyverisikringssp\u00e6ndet, n\u00e5r du b\u00e6rer v\u00e6rdigenstande.<\/p>\n<\/li>\n<\/ol>\n<h2 style=\"text-align: center\" data-start=\"980\" data-end=\"1004\"><strong>Produktoplysninger \ud83d\udccb<\/strong><\/h2>\n<ul data-start=\"1005\" data-end=\"1293\">\n<li data-start=\"1005\" data-end=\"1043\">\n<p data-start=\"1007\" data-end=\"1043\">Materiale: Vandt\u00e6t \u041exford-stof<\/p>\n<\/li>\n<li data-start=\"1044\" data-end=\"1074\">\n<p data-start=\"1046\" data-end=\"1074\">St\u00f8rrelse: Medium (19 cm x 13,5 cm) og Large (21 cm x 15,5 cm)<\/p>\n<\/li>\n<li data-start=\"1075\" data-end=\"1117\">\n<p data-start=\"1077\" data-end=\"1117\">V\u00e6gt: 310 g (let og holdbar)<\/p>\n<\/li>\n<li data-start=\"1118\" data-end=\"1184\">\n<p data-start=\"1120\" data-end=\"1184\">Rum: Flere lynl\u00e5ssektioner med smart organisering<\/p>\n<\/li>\n<li data-start=\"1185\" data-end=\"1253\">\n<p data-start=\"1187\" data-end=\"1253\">Funktioner: Tyverisikret sp\u00e6nde, vandt\u00e6t overflade, slidst\u00e6rke lynl\u00e5se<\/p>\n<\/li>\n<\/ul>\n<h2 style=\"text-align: center\" data-start=\"1295\" data-end=\"1320\">Pakken Indeholder \ud83d\udce6<\/h2>\n<ul data-start=\"1321\" data-end=\"1360\">\n<li data-start=\"1321\" data-end=\"1360\">\n<p data-start=\"1323\" data-end=\"1360\">1x slyngetaske.<\/p>\n<\/li>\n<\/ul>\n","protected":false},"excerpt":{"rendered":"<p>B\u00e6r Smart, Rejs Let \ud83c\udf92 Slyngetasken er den perfekte l\u00f8sning til hverdagsbrug for folk, der \u00f8nsker stil, sikkerhed og funktionalitet [&hellip;]<\/p>\n","protected":false},"featured_media":7287,"comment_status":"open","ping_status":"closed","template":"","meta":{"site-sidebar-layout":"default","site-content-layout":"","ast-site-content-layout":"default","site-content-style":"default","site-sidebar-style":"default","ast-global-header-display":"","ast-banner-title-visibility":"","ast-main-header-display":"","ast-hfb-above-header-display":"","ast-hfb-below-header-display":"","ast-hfb-mobile-header-display":"","site-post-title":"","ast-breadcrumbs-content":"","ast-featured-img":"","footer-sml-layout":"","theme-transparent-header-meta":"default","adv-header-id-meta":"","stick-header-meta":"","header-above-stick-meta":"","header-main-stick-meta":"","header-below-stick-meta":"","astra-migrate-meta-layouts":"set","ast-page-background-enabled":"default","ast-page-background-meta":{"desktop":{"background-color":"var(--ast-global-color-5)","background-image":"","background-repeat":"repeat","background-position":"center center","background-size":"auto","background-attachment":"scroll","background-type":"","background-media":"","overlay-type":"","overlay-color":"","overlay-opacity":"","overlay-gradient":""},"tablet":{"background-color":"","background-image":"","background-repeat":"repeat","background-position":"center center","background-size":"auto","background-attachment":"scroll","background-type":"","background-media":"","overlay-type":"","overlay-color":"","overlay-opacity":"","overlay-gradient":""},"mobile":{"background-color":"","background-image":"","background-repeat":"repeat","background-position":"center center","background-size":"auto","background-attachment":"scroll","background-type":"","background-media":"","overlay-type":"","overlay-color":"","overlay-opacity":"","overlay-gradient":""}},"ast-content-background-meta":{"desktop":{"background-color":"var(--ast-global-color-4)","background-image":"","background-repeat":"repeat","background-position":"center center","background-size":"auto","background-attachment":"scroll","background-type":"","background-media":"","overlay-type":"","overlay-color":"","overlay-opacity":"","overlay-gradient":""},"tablet":{"background-color":"var(--ast-global-color-4)","background-image":"","background-repeat":"repeat","background-position":"center center","background-size":"auto","background-attachment":"scroll","background-type":"","background-media":"","overlay-type":"","overlay-color":"","overlay-opacity":"","overlay-gradient":""},"mobile":{"background-color":"var(--ast-global-color-4)","background-image":"","background-repeat":"repeat","background-position":"center center","background-size":"auto","background-attachment":"scroll","background-type":"","background-media":"","overlay-type":"","overlay-color":"","overlay-opacity":"","overlay-gradient":""}}},"product_brand":[],"product_cat":[19],"product_tag":[],"class_list":{"0":"post-7291","1":"product","2":"type-product","3":"status-publish","4":"has-post-thumbnail","6":"product_cat-uncategorized","7":"pa_48252_5refqfm1-medium","8":"pa_48252_5refqfm1-stor","9":"pa_48252_tg3joctc-blaa","10":"pa_48252_tg3joctc-graa","11":"pa_48252_tg3joctc-sort","12":"desktop-align-left","13":"tablet-align-left","14":"mobile-align-left","16":"first","17":"instock","18":"shipping-taxable","19":"purchasable","20":"product-type-variable","21":"has-default-attributes"},"_links":{"self":[{"href":"https:\/\/ecostera.com\/dk\/wp-json\/wp\/v2\/product\/7291","targetHints":{"allow":["GET"]}}],"collection":[{"href":"https:\/\/ecostera.com\/dk\/wp-json\/wp\/v2\/product"}],"about":[{"href":"https:\/\/ecostera.com\/dk\/wp-json\/wp\/v2\/types\/product"}],"replies":[{"embeddable":true,"href":"https:\/\/ecostera.com\/dk\/wp-json\/wp\/v2\/comments?post=7291"}],"wp:featuredmedia":[{"embeddable":true,"href":"https:\/\/ecostera.com\/dk\/wp-json\/wp\/v2\/media\/7287"}],"wp:attachment":[{"href":"https:\/\/ecostera.com\/dk\/wp-json\/wp\/v2\/media?parent=7291"}],"wp:term":[{"taxonomy":"product_brand","embeddable":true,"href":"https:\/\/ecostera.com\/dk\/wp-json\/wp\/v2\/product_brand?post=7291"},{"taxonomy":"product_cat","embeddable":true,"href":"https:\/\/ecostera.com\/dk\/wp-json\/wp\/v2\/product_cat?post=7291"},{"taxonomy":"product_tag","embeddable":true,"href":"https:\/\/ecostera.com\/dk\/wp-json\/wp\/v2\/product_tag?post=7291"}],"curies":[{"name":"wp","href":"https:\/\/api.w.org\/{rel}","templated":true}]}}