{"id":7319,"date":"2025-08-20T16:30:31","date_gmt":"2025-08-20T13:30:31","guid":{"rendered":"https:\/\/ecostera.com\/dk\/product\/boerste-til-rengoering-af-oliefilm\/"},"modified":"2025-08-20T16:30:40","modified_gmt":"2025-08-20T13:30:40","slug":"boerste-til-rengoering-af-oliefilm","status":"publish","type":"product","link":"https:\/\/ecostera.com\/dk\/product\/boerste-til-rengoering-af-oliefilm\/","title":{"rendered":"B\u00f8rste til reng\u00f8ring af oliefilm"},"content":{"rendered":"<p style=\"text-align: center\" data-start=\"201\" data-end=\"235\"><strong data-start=\"201\" data-end=\"233\">Se Klart, K\u00f8r Sikkert \ud83d\ude98<\/strong><\/p>\n<p style=\"text-align: center\" data-start=\"237\" data-end=\"461\">Den hurtige renseb\u00f8rste til oliefilm er den ultimative l\u00f8sning til en pletfri forrude. Den fjerner hurtigt oliefilm, snavs og genstridige striber, s\u00e5 du f\u00e5r et krystalklart syn og mere sikker k\u00f8rsel under alle vejrforhold.<\/p>\n<p data-start=\"237\" data-end=\"461\"><img decoding=\"async\" class=\"size-full wp-image-29894 aligncenter\" src=\"https:\/\/keluvo.com\/template\/wp-content\/uploads\/sites\/5\/2025\/08\/76724440bae145cd90b466c9918fefde-ezgif.com-video-to-webp-converter.webp\" alt=\"\" \/><\/p>\n<h2 style=\"text-align: center\" data-start=\"463\" data-end=\"482\">Vigtigste Fordele \ud83e\uddfc<\/h2>\n<p data-start=\"485\" data-end=\"534\">\ud83e\uddfc Fjerner oliefilm, snavs og skidt p\u00e5 seconds<\/p>\n<p data-start=\"537\" data-end=\"588\">\ud83c\udf27\ufe0f Forhindrer striber og dug for klart vision<\/p>\n<p data-start=\"591\" data-end=\"645\">\ud83d\udee1\ufe0f Forbedrer k\u00f8resikkerheden i regnvejr og om natten<\/p>\n<p data-start=\"648\" data-end=\"689\">\ud83d\udcaa Holdbar, genanvendelig og nem at reng\u00f8re<\/p>\n<p data-start=\"692\" data-end=\"747\">\u26a1 Sparer tid i forhold til traditionelle reng\u00f8ringsmetoder<\/p>\n<p data-start=\"692\" data-end=\"747\"><img decoding=\"async\" class=\"size-full wp-image-29898 aligncenter\" src=\"https:\/\/keluvo.com\/template\/wp-content\/uploads\/sites\/5\/2025\/08\/Adsiz_173_x_125_piksel_400_x_400_piksel_5_720x.webp\" alt=\"\" \/><\/p>\n<h2 style=\"text-align: center\" data-start=\"749\" data-end=\"767\">S\u00e5dan Bruges Den \u2728<\/h2>\n<ol data-start=\"768\" data-end=\"947\">\n<li data-start=\"768\" data-end=\"839\">\n<p data-start=\"771\" data-end=\"839\">P\u00e5f\u00f8r reng\u00f8ringsopl\u00f8sning p\u00e5 b\u00f8rsten eller direkte p\u00e5 forruden.<\/p>\n<\/li>\n<li data-start=\"840\" data-end=\"890\">\n<p data-start=\"843\" data-end=\"890\">Skrub forsigtigt glasoverfladen med b\u00f8rsten.<\/p>\n<\/li>\n<li data-start=\"891\" data-end=\"947\">\n<p data-start=\"894\" data-end=\"947\">T\u00f8r den af med vand, og nyd den stribefri klarhed.<\/p>\n<\/li>\n<\/ol>\n<h2 style=\"text-align: center\">Produktdetaljer \ud83d\udccb<\/h2>\n<ul data-start=\"974\" data-end=\"1244\">\n<li data-start=\"974\" data-end=\"1027\">\n<p data-start=\"976\" data-end=\"1027\">Materiale: ABS af h\u00f8j kvalitet + kerne af reng\u00f8ringssvamp<\/p>\n<\/li>\n<li data-start=\"1028\" data-end=\"1071\">\n<p data-start=\"1030\" data-end=\"1071\">St\u00f8rrelse: Kompakt og h\u00e5ndholdt for nem brug<\/p>\n<\/li>\n<li data-start=\"1072\" data-end=\"1129\">\n<p data-start=\"1074\" data-end=\"1129\">Anvendelig: Designet til langvarig brug og nem vask<\/p>\n<\/li>\n<li data-start=\"1130\" data-end=\"1202\">\n<p data-start=\"1132\" data-end=\"1202\">Velegnet til: Bilruder, vinduer, spejle og husholdningsglas<\/p>\n<\/li>\n<li data-start=\"1203\" data-end=\"1244\">\n<p data-start=\"1205\" data-end=\"1244\">Farve: Gr\u00f8n med sort reng\u00f8ringskant<\/p>\n<\/li>\n<li data-start=\"1203\" data-end=\"1244\">50 ml.<\/li>\n<\/ul>\n<h2 style=\"text-align: center\" data-start=\"1246\" data-end=\"1271\">Pakken Indeholder \ud83d\udce6<\/h2>\n<ul data-start=\"1272\" data-end=\"1311\">\n<li data-start=\"1272\" data-end=\"1311\">\n<p data-start=\"1274\" data-end=\"1311\">1, 2, 3x oliefilmsreng\u00f8ringsb\u00f8rste.<\/p>\n<\/li>\n<\/ul>\n","protected":false},"excerpt":{"rendered":"<p>Se Klart, K\u00f8r Sikkert \ud83d\ude98 Den hurtige renseb\u00f8rste til oliefilm er den ultimative l\u00f8sning til en pletfri forrude. Den fjerner [&hellip;]<\/p>\n","protected":false},"featured_media":7315,"comment_status":"open","ping_status":"closed","template":"","meta":{"site-sidebar-layout":"default","site-content-layout":"","ast-site-content-layout":"default","site-content-style":"default","site-sidebar-style":"default","ast-global-header-display":"","ast-banner-title-visibility":"","ast-main-header-display":"","ast-hfb-above-header-display":"","ast-hfb-below-header-display":"","ast-hfb-mobile-header-display":"","site-post-title":"","ast-breadcrumbs-content":"","ast-featured-img":"","footer-sml-layout":"","theme-transparent-header-meta":"default","adv-header-id-meta":"","stick-header-meta":"","header-above-stick-meta":"","header-main-stick-meta":"","header-below-stick-meta":"","astra-migrate-meta-layouts":"set","ast-page-background-enabled":"default","ast-page-background-meta":{"desktop":{"background-color":"var(--ast-global-color-5)","background-image":"","background-repeat":"repeat","background-position":"center center","background-size":"auto","background-attachment":"scroll","background-type":"","background-media":"","overlay-type":"","overlay-color":"","overlay-opacity":"","overlay-gradient":""},"tablet":{"background-color":"","background-image":"","background-repeat":"repeat","background-position":"center center","background-size":"auto","background-attachment":"scroll","background-type":"","background-media":"","overlay-type":"","overlay-color":"","overlay-opacity":"","overlay-gradient":""},"mobile":{"background-color":"","background-image":"","background-repeat":"repeat","background-position":"center center","background-size":"auto","background-attachment":"scroll","background-type":"","background-media":"","overlay-type":"","overlay-color":"","overlay-opacity":"","overlay-gradient":""}},"ast-content-background-meta":{"desktop":{"background-color":"var(--ast-global-color-4)","background-image":"","background-repeat":"repeat","background-position":"center center","background-size":"auto","background-attachment":"scroll","background-type":"","background-media":"","overlay-type":"","overlay-color":"","overlay-opacity":"","overlay-gradient":""},"tablet":{"background-color":"var(--ast-global-color-4)","background-image":"","background-repeat":"repeat","background-position":"center center","background-size":"auto","background-attachment":"scroll","background-type":"","background-media":"","overlay-type":"","overlay-color":"","overlay-opacity":"","overlay-gradient":""},"mobile":{"background-color":"var(--ast-global-color-4)","background-image":"","background-repeat":"repeat","background-position":"center center","background-size":"auto","background-attachment":"scroll","background-type":"","background-media":"","overlay-type":"","overlay-color":"","overlay-opacity":"","overlay-gradient":""}}},"product_brand":[],"product_cat":[19],"product_tag":[],"class_list":{"0":"post-7319","1":"product","2":"type-product","3":"status-publish","4":"has-post-thumbnail","6":"product_cat-uncategorized","7":"pa_48254_64xtb25p-1-stk","8":"pa_48254_64xtb25p-2-stk","9":"pa_48254_64xtb25p-3-stk","10":"desktop-align-left","11":"tablet-align-left","12":"mobile-align-left","14":"first","15":"instock","16":"shipping-taxable","17":"purchasable","18":"product-type-variable"},"_links":{"self":[{"href":"https:\/\/ecostera.com\/dk\/wp-json\/wp\/v2\/product\/7319","targetHints":{"allow":["GET"]}}],"collection":[{"href":"https:\/\/ecostera.com\/dk\/wp-json\/wp\/v2\/product"}],"about":[{"href":"https:\/\/ecostera.com\/dk\/wp-json\/wp\/v2\/types\/product"}],"replies":[{"embeddable":true,"href":"https:\/\/ecostera.com\/dk\/wp-json\/wp\/v2\/comments?post=7319"}],"wp:featuredmedia":[{"embeddable":true,"href":"https:\/\/ecostera.com\/dk\/wp-json\/wp\/v2\/media\/7315"}],"wp:attachment":[{"href":"https:\/\/ecostera.com\/dk\/wp-json\/wp\/v2\/media?parent=7319"}],"wp:term":[{"taxonomy":"product_brand","embeddable":true,"href":"https:\/\/ecostera.com\/dk\/wp-json\/wp\/v2\/product_brand?post=7319"},{"taxonomy":"product_cat","embeddable":true,"href":"https:\/\/ecostera.com\/dk\/wp-json\/wp\/v2\/product_cat?post=7319"},{"taxonomy":"product_tag","embeddable":true,"href":"https:\/\/ecostera.com\/dk\/wp-json\/wp\/v2\/product_tag?post=7319"}],"curies":[{"name":"wp","href":"https:\/\/api.w.org\/{rel}","templated":true}]}}