{"id":7330,"date":"2025-08-20T16:31:22","date_gmt":"2025-08-20T13:31:22","guid":{"rendered":"https:\/\/ecostera.com\/dk\/product\/sommerfuglekollektion\/"},"modified":"2025-08-20T16:31:29","modified_gmt":"2025-08-20T13:31:29","slug":"sommerfuglekollektion","status":"publish","type":"product","link":"https:\/\/ecostera.com\/dk\/product\/sommerfuglekollektion\/","title":{"rendered":"Sommerfuglekollektion"},"content":{"rendered":"<p style=\"text-align: center\" data-start=\"107\" data-end=\"148\"><strong>B\u00e6r Et Strejf Af Magi Med Dig \ud83e\udd8b\u2728<\/strong><\/p>\n<p style=\"text-align: center\" data-start=\"149\" data-end=\"410\">Denne <span data-sheets-root=\"1\">sommerfuglekollektion<\/span> er mere end bare et smykke &#8211; det er et kunstv\u00e6rk, der lyser bl\u00f8dt i m\u00f8rket og tilf\u00f8jer en dr\u00f8mmende charme til din stil.<span style=\"font-size: 16px\">\u00a0<\/span><span style=\"font-size: 16px\">Perfekt til romantiske aftener, s\u00e6rlige lejligheder eller bare til at g\u00f8re dit hverdagsoutfit uforglemmeligt.<\/span><\/p>\n<p data-start=\"149\" data-end=\"410\"><img decoding=\"async\" class=\"size-full wp-image-31086 aligncenter\" src=\"https:\/\/keluvo.com\/template\/wp-content\/uploads\/sites\/5\/2025\/08\/20250729_2146_Glowing_Butterfly_Necklace_remix_01k1bqwd4we1tvw6ykkdz8ndp6.webp\" alt=\"\" \/><\/p>\n<h2 style=\"text-align: center\" data-start=\"521\" data-end=\"543\"><strong>Vigtigste Fordele<\/strong><\/h2>\n<p data-start=\"546\" data-end=\"606\">\ud83e\udd8b Unikt sommerfugledesign med lysende effekt i m\u00f8rket<\/p>\n<p data-start=\"609\" data-end=\"667\">\u2728 Elegant og alsidig til b\u00e5de afslappede og formelle looks<\/p>\n<p data-start=\"609\" data-end=\"667\">\ud83c\udf19 Absorberer lys om dagen og lyser smukt om natten<\/p>\n<p data-start=\"670\" data-end=\"732\">\ud83d\udc8e Let og behageligt at have p\u00e5 hele dagen<\/p>\n<p data-start=\"786\" data-end=\"823\">\ud83c\udf81 Perfekt gave til en s\u00e6rlig person<\/p>\n<p data-start=\"786\" data-end=\"823\"><img decoding=\"async\" class=\"size-full wp-image-31085 aligncenter\" src=\"https:\/\/keluvo.com\/template\/wp-content\/uploads\/sites\/5\/2025\/08\/WhatsApp_Image_2025-01-16_at_11.59.51.webp\" alt=\"\" \/><\/p>\n<h2 style=\"text-align: center\" data-start=\"830\" data-end=\"849\"><strong>S\u00e5dan Bruges<\/strong><\/h2>\n<ol data-start=\"850\" data-end=\"1074\">\n<li data-start=\"850\" data-end=\"929\">\n<p data-start=\"853\" data-end=\"929\">B\u00e6res om dagen for at lade smykkerne absorbere naturligt eller kunstigt lys.<\/p>\n<\/li>\n<li data-start=\"930\" data-end=\"977\">\n<p data-start=\"933\" data-end=\"977\">Nyd den magiske lyseffekt i m\u00f8rket.<\/p>\n<\/li>\n<li data-start=\"978\" data-end=\"1037\">\n<p data-start=\"981\" data-end=\"1037\">opbevar i et smykkeskrin for at beskytte det mod ridser.<\/p>\n<\/li>\n<li data-start=\"1038\" data-end=\"1074\">\n<p data-start=\"1041\" data-end=\"1074\">reng\u00f8r forsigtigt med en bl\u00f8d klud.<\/p>\n<\/li>\n<\/ol>\n<h2 style=\"text-align: center\" data-start=\"1081\" data-end=\"1105\"><strong>Produktdetaljer<\/strong><\/h2>\n<ul data-start=\"1106\" data-end=\"1347\">\n<li data-start=\"1106\" data-end=\"1160\">\n<p data-start=\"1108\" data-end=\"1160\">Materiale: Legering af h\u00f8j kvalitet med lysende bel\u00e6gning<\/p>\n<\/li>\n<li data-start=\"1161\" data-end=\"1207\">\n<p data-start=\"1163\" data-end=\"1207\">K\u00e6del\u00e6ngde: Justerbar for en perfekt pasform<\/p>\n<\/li>\n<li data-start=\"1243\" data-end=\"1293\">\n<p data-start=\"1245\" data-end=\"1293\">Farver: S\u00f8lvk\u00e6de med lysebl\u00e5 sommerfugl<\/p>\n<\/li>\n<li data-start=\"1294\" data-end=\"1347\">\n<p data-start=\"1296\" data-end=\"1347\">Lysende varighed: Flere timer efter lyseksponering<\/p>\n<\/li>\n<\/ul>\n<h2 style=\"text-align: center\" data-start=\"1354\" data-end=\"1379\"><strong>Pakken Indeholder<\/strong><\/h2>\n<ul data-start=\"1380\" data-end=\"1433\">\n<li data-start=\"1380\" data-end=\"1414\">\n<p data-start=\"1382\" data-end=\"1414\">1x sommerfuglehalsk\u00e6de\/armb\u00e5nd\/ring eller \u00f8reringe.<\/p>\n<\/li>\n<li data-start=\"1415\" data-end=\"1433\">\n<p data-start=\"1417\" data-end=\"1433\">1x smykkeskrin.<\/p>\n<\/li>\n<\/ul>\n","protected":false},"excerpt":{"rendered":"<p>B\u00e6r Et Strejf Af Magi Med Dig \ud83e\udd8b\u2728 Denne sommerfuglekollektion er mere end bare et smykke &#8211; det er et [&hellip;]<\/p>\n","protected":false},"featured_media":7326,"comment_status":"open","ping_status":"closed","template":"","meta":{"site-sidebar-layout":"default","site-content-layout":"","ast-site-content-layout":"default","site-content-style":"default","site-sidebar-style":"default","ast-global-header-display":"","ast-banner-title-visibility":"","ast-main-header-display":"","ast-hfb-above-header-display":"","ast-hfb-below-header-display":"","ast-hfb-mobile-header-display":"","site-post-title":"","ast-breadcrumbs-content":"","ast-featured-img":"","footer-sml-layout":"","theme-transparent-header-meta":"default","adv-header-id-meta":"","stick-header-meta":"","header-above-stick-meta":"","header-main-stick-meta":"","header-below-stick-meta":"","astra-migrate-meta-layouts":"set","ast-page-background-enabled":"default","ast-page-background-meta":{"desktop":{"background-color":"var(--ast-global-color-5)","background-image":"","background-repeat":"repeat","background-position":"center center","background-size":"auto","background-attachment":"scroll","background-type":"","background-media":"","overlay-type":"","overlay-color":"","overlay-opacity":"","overlay-gradient":""},"tablet":{"background-color":"","background-image":"","background-repeat":"repeat","background-position":"center center","background-size":"auto","background-attachment":"scroll","background-type":"","background-media":"","overlay-type":"","overlay-color":"","overlay-opacity":"","overlay-gradient":""},"mobile":{"background-color":"","background-image":"","background-repeat":"repeat","background-position":"center center","background-size":"auto","background-attachment":"scroll","background-type":"","background-media":"","overlay-type":"","overlay-color":"","overlay-opacity":"","overlay-gradient":""}},"ast-content-background-meta":{"desktop":{"background-color":"var(--ast-global-color-4)","background-image":"","background-repeat":"repeat","background-position":"center center","background-size":"auto","background-attachment":"scroll","background-type":"","background-media":"","overlay-type":"","overlay-color":"","overlay-opacity":"","overlay-gradient":""},"tablet":{"background-color":"var(--ast-global-color-4)","background-image":"","background-repeat":"repeat","background-position":"center center","background-size":"auto","background-attachment":"scroll","background-type":"","background-media":"","overlay-type":"","overlay-color":"","overlay-opacity":"","overlay-gradient":""},"mobile":{"background-color":"var(--ast-global-color-4)","background-image":"","background-repeat":"repeat","background-position":"center center","background-size":"auto","background-attachment":"scroll","background-type":"","background-media":"","overlay-type":"","overlay-color":"","overlay-opacity":"","overlay-gradient":""}}},"product_brand":[],"product_cat":[19],"product_tag":[],"class_list":{"0":"post-7330","1":"product","2":"type-product","3":"status-publish","4":"has-post-thumbnail","6":"product_cat-uncategorized","7":"pa_48255_0yd6ytu8-armbaand","8":"pa_48255_0yd6ytu8-halskaede","9":"pa_48255_0yd6ytu8-oereringe","10":"pa_48255_0yd6ytu8-ring","11":"desktop-align-left","12":"tablet-align-left","13":"mobile-align-left","15":"first","16":"instock","17":"shipping-taxable","18":"purchasable","19":"product-type-variable"},"_links":{"self":[{"href":"https:\/\/ecostera.com\/dk\/wp-json\/wp\/v2\/product\/7330","targetHints":{"allow":["GET"]}}],"collection":[{"href":"https:\/\/ecostera.com\/dk\/wp-json\/wp\/v2\/product"}],"about":[{"href":"https:\/\/ecostera.com\/dk\/wp-json\/wp\/v2\/types\/product"}],"replies":[{"embeddable":true,"href":"https:\/\/ecostera.com\/dk\/wp-json\/wp\/v2\/comments?post=7330"}],"wp:featuredmedia":[{"embeddable":true,"href":"https:\/\/ecostera.com\/dk\/wp-json\/wp\/v2\/media\/7326"}],"wp:attachment":[{"href":"https:\/\/ecostera.com\/dk\/wp-json\/wp\/v2\/media?parent=7330"}],"wp:term":[{"taxonomy":"product_brand","embeddable":true,"href":"https:\/\/ecostera.com\/dk\/wp-json\/wp\/v2\/product_brand?post=7330"},{"taxonomy":"product_cat","embeddable":true,"href":"https:\/\/ecostera.com\/dk\/wp-json\/wp\/v2\/product_cat?post=7330"},{"taxonomy":"product_tag","embeddable":true,"href":"https:\/\/ecostera.com\/dk\/wp-json\/wp\/v2\/product_tag?post=7330"}],"curies":[{"name":"wp","href":"https:\/\/api.w.org\/{rel}","templated":true}]}}