{"id":7426,"date":"2025-08-20T16:35:34","date_gmt":"2025-08-20T13:35:34","guid":{"rendered":"https:\/\/ecostera.com\/dk\/product\/halskaede\/"},"modified":"2025-08-20T16:35:43","modified_gmt":"2025-08-20T13:35:43","slug":"halskaede","status":"publish","type":"product","link":"https:\/\/ecostera.com\/dk\/product\/halskaede\/","title":{"rendered":"Halsk\u00e6de"},"content":{"rendered":"<p style=\"text-align: center\" data-start=\"101\" data-end=\"145\"><strong>En Oprigtig Gave, Der Siger Det Hele \ud83d\udc99\ud83d\udc8e<\/strong><\/p>\n<p style=\"text-align: center\" data-start=\"146\" data-end=\"354\">Vis din mor, hvor meget hun betyder for dig med denne smukke halsk\u00e6de og det r\u00f8rende kort med en besked. Hver gang hun b\u00e6rer den, vil hun blive mindet om din k\u00e6rlighed, p\u00e5sk\u00f8nnelse og det ubrydelige b\u00e5nd, I deler. Perfekt til mors dag, f\u00f8dselsdage eller bare fordi.<\/p>\n<p data-start=\"146\" data-end=\"354\"><img decoding=\"async\" class=\"size-full wp-image-31194 aligncenter\" src=\"https:\/\/keluvo.com\/template\/wp-content\/uploads\/sites\/5\/2025\/08\/asset_4365_transformation_13901_be1dc3c2-0d01-4ee0-8221-547786da17a1.jpg\" alt=\"\" \/><\/p>\n<h2 style=\"text-align: center\" data-start=\"416\" data-end=\"438\"><strong>Vigtigste Fordele<\/strong><\/h2>\n<p data-start=\"441\" data-end=\"499\">\ud83d\udc99 Leveres med et sentimentalt kort fra s\u00f8n til mor<\/p>\n<p data-start=\"502\" data-end=\"551\">\u2728 Elegant vedh\u00e6ng med funklende kubiske zirkonia<\/p>\n<p data-start=\"554\" data-end=\"596\">\ud83c\udf81 Klar til at give i et luksuri\u00f8st smykkeskrin<\/p>\n<p data-start=\"599\" data-end=\"640\">\ud83e\uddf5 Justerbar k\u00e6de for perfekt pasform<\/p>\n<p data-start=\"643\" data-end=\"692\">\ud83d\udc96 Et tidl\u00f8st minde, som hun kan v\u00e6rds\u00e6tte for evigt<\/p>\n<p data-start=\"643\" data-end=\"692\"><img decoding=\"async\" class=\"size-full wp-image-31197 aligncenter\" src=\"https:\/\/keluvo.com\/template\/wp-content\/uploads\/sites\/5\/2025\/08\/asset_4365_transformation_12718_4e660542-12dd-4707-8421-197a2ddde112.webp\" alt=\"\" \/><\/p>\n<h2 style=\"text-align: center\" data-start=\"699\" data-end=\"718\"><strong>S\u00e5dan Bruges<\/strong><\/h2>\n<ol data-start=\"719\" data-end=\"900\">\n<li data-start=\"719\" data-end=\"790\">\n<p data-start=\"722\" data-end=\"790\">Giv den til din mor som en overraskelse eller ved en s\u00e6rlig lejlighed.<\/p>\n<\/li>\n<li data-start=\"791\" data-end=\"835\">\n<p data-start=\"794\" data-end=\"835\">Juster k\u00e6den for en behagelig pasform.<\/p>\n<\/li>\n<li data-start=\"836\" data-end=\"900\">\n<p data-start=\"839\" data-end=\"900\">Opbevar det i smykkeskrinet, n\u00e5r det ikke er i brug, for at bevare glansen.<\/p>\n<\/li>\n<\/ol>\n<h2 style=\"text-align: center\" data-start=\"907\" data-end=\"931\"><strong>Produktdetaljer<\/strong><\/h2>\n<ul data-start=\"932\" data-end=\"1136\">\n<li data-start=\"932\" data-end=\"971\">\n<p data-start=\"934\" data-end=\"971\">Vedh\u00e6ngets st\u00f8rrelse: Ca. 2 cm<\/p>\n<\/li>\n<li data-start=\"972\" data-end=\"1020\">\n<p data-start=\"974\" data-end=\"1020\">K\u00e6del\u00e6ngde: 45,72 cm &#8211; 55,88 cm<\/p>\n<\/li>\n<li data-start=\"1021\" data-end=\"1090\">\n<p data-start=\"1023\" data-end=\"1090\">Materiale: Rustfrit st\u00e5l af h\u00f8j kvalitet med cubic zirconia-sten<\/p>\n<\/li>\n<li data-start=\"1091\" data-end=\"1136\">\n<p data-start=\"1093\" data-end=\"1136\">Inkl: Gave\u00e6ske + trykt meddelelseskort<\/p>\n<\/li>\n<\/ul>\n<h2 style=\"text-align: center\" data-start=\"1143\" data-end=\"1168\"><strong>Pakken Indeholder<\/strong><\/h2>\n<ul data-start=\"1169\" data-end=\"1260\">\n<li data-start=\"1169\" data-end=\"1197\">\n<p data-start=\"1171\" data-end=\"1197\">1x halsk\u00e6de med vedh\u00e6ng<\/p>\n<\/li>\n<li data-start=\"1198\" data-end=\"1237\">\n<p data-start=\"1200\" data-end=\"1237\">1x meddelelseskort: &#8220;Til min mor&#8221;-design<\/p>\n<\/li>\n<li data-start=\"1238\" data-end=\"1260\">\n<p data-start=\"1240\" data-end=\"1260\">1x gave\u00e6ske.<\/p>\n<\/li>\n<\/ul>\n","protected":false},"excerpt":{"rendered":"<p>En Oprigtig Gave, Der Siger Det Hele \ud83d\udc99\ud83d\udc8e Vis din mor, hvor meget hun betyder for dig med denne smukke [&hellip;]<\/p>\n","protected":false},"featured_media":7422,"comment_status":"open","ping_status":"closed","template":"","meta":{"site-sidebar-layout":"default","site-content-layout":"","ast-site-content-layout":"default","site-content-style":"default","site-sidebar-style":"default","ast-global-header-display":"","ast-banner-title-visibility":"","ast-main-header-display":"","ast-hfb-above-header-display":"","ast-hfb-below-header-display":"","ast-hfb-mobile-header-display":"","site-post-title":"","ast-breadcrumbs-content":"","ast-featured-img":"","footer-sml-layout":"","theme-transparent-header-meta":"default","adv-header-id-meta":"","stick-header-meta":"","header-above-stick-meta":"","header-main-stick-meta":"","header-below-stick-meta":"","astra-migrate-meta-layouts":"set","ast-page-background-enabled":"default","ast-page-background-meta":{"desktop":{"background-color":"var(--ast-global-color-5)","background-image":"","background-repeat":"repeat","background-position":"center center","background-size":"auto","background-attachment":"scroll","background-type":"","background-media":"","overlay-type":"","overlay-color":"","overlay-opacity":"","overlay-gradient":""},"tablet":{"background-color":"","background-image":"","background-repeat":"repeat","background-position":"center center","background-size":"auto","background-attachment":"scroll","background-type":"","background-media":"","overlay-type":"","overlay-color":"","overlay-opacity":"","overlay-gradient":""},"mobile":{"background-color":"","background-image":"","background-repeat":"repeat","background-position":"center center","background-size":"auto","background-attachment":"scroll","background-type":"","background-media":"","overlay-type":"","overlay-color":"","overlay-opacity":"","overlay-gradient":""}},"ast-content-background-meta":{"desktop":{"background-color":"var(--ast-global-color-4)","background-image":"","background-repeat":"repeat","background-position":"center center","background-size":"auto","background-attachment":"scroll","background-type":"","background-media":"","overlay-type":"","overlay-color":"","overlay-opacity":"","overlay-gradient":""},"tablet":{"background-color":"var(--ast-global-color-4)","background-image":"","background-repeat":"repeat","background-position":"center center","background-size":"auto","background-attachment":"scroll","background-type":"","background-media":"","overlay-type":"","overlay-color":"","overlay-opacity":"","overlay-gradient":""},"mobile":{"background-color":"var(--ast-global-color-4)","background-image":"","background-repeat":"repeat","background-position":"center center","background-size":"auto","background-attachment":"scroll","background-type":"","background-media":"","overlay-type":"","overlay-color":"","overlay-opacity":"","overlay-gradient":""}}},"product_brand":[],"product_cat":[19],"product_tag":[],"class_list":{"0":"post-7426","1":"product","2":"type-product","3":"status-publish","4":"has-post-thumbnail","6":"product_cat-uncategorized","7":"pa_48258_bivni1a2-guld","8":"pa_48258_bivni1a2-soelv","9":"desktop-align-left","10":"tablet-align-left","11":"mobile-align-left","13":"first","14":"instock","15":"shipping-taxable","16":"purchasable","17":"product-type-variable"},"_links":{"self":[{"href":"https:\/\/ecostera.com\/dk\/wp-json\/wp\/v2\/product\/7426","targetHints":{"allow":["GET"]}}],"collection":[{"href":"https:\/\/ecostera.com\/dk\/wp-json\/wp\/v2\/product"}],"about":[{"href":"https:\/\/ecostera.com\/dk\/wp-json\/wp\/v2\/types\/product"}],"replies":[{"embeddable":true,"href":"https:\/\/ecostera.com\/dk\/wp-json\/wp\/v2\/comments?post=7426"}],"wp:featuredmedia":[{"embeddable":true,"href":"https:\/\/ecostera.com\/dk\/wp-json\/wp\/v2\/media\/7422"}],"wp:attachment":[{"href":"https:\/\/ecostera.com\/dk\/wp-json\/wp\/v2\/media?parent=7426"}],"wp:term":[{"taxonomy":"product_brand","embeddable":true,"href":"https:\/\/ecostera.com\/dk\/wp-json\/wp\/v2\/product_brand?post=7426"},{"taxonomy":"product_cat","embeddable":true,"href":"https:\/\/ecostera.com\/dk\/wp-json\/wp\/v2\/product_cat?post=7426"},{"taxonomy":"product_tag","embeddable":true,"href":"https:\/\/ecostera.com\/dk\/wp-json\/wp\/v2\/product_tag?post=7426"}],"curies":[{"name":"wp","href":"https:\/\/api.w.org\/{rel}","templated":true}]}}